{"id":227,"date":"2025-09-08T09:54:28","date_gmt":"2025-09-08T12:54:28","guid":{"rendered":"https:\/\/www.ufmg.br\/comunicadores2025\/?page_id=227"},"modified":"2025-10-06T12:28:45","modified_gmt":"2025-10-06T15:28:45","slug":"cafes-e-brunch-na-regiao-centro-sul","status":"publish","type":"page","link":"https:\/\/www.ufmg.br\/comunicadores2025\/cafes-e-brunch-na-regiao-centro-sul\/","title":{"rendered":"CAF\u00c9S E BRUNCH NA REGI\u00c3O CENTRO-SUL"},"content":{"rendered":"\n<p><strong>Albertina P\u00e3es<\/strong> &#8211; R. Fernandes Tourinho, 1010 &#8211; $$<br>Qua-Sex 10:00 \u00e0s 18:30 | S\u00e1b 09:30 \u00e0s 14:00<br>P\u00e3es de fermenta\u00e7\u00e3o natural com sabores diferenciados.<\/p>\n\n\n\n<p><\/p>\n\n\n\n<p><strong>Uluru Caf\u00e9<\/strong> &#8211; Av. Afonso Pena, 2925 &#8211; $$<br>Seg-S\u00e1b 7:30 \u00e0s 22:00 | Dom 7:30 \u00e0s 20:00<br>Op\u00e7\u00f5es regionais e internacionais para brunch, almo\u00e7o e jantar.<\/p>\n\n\n\n<p><\/p>\n\n\n\n<p><strong>A P\u00e3o de Queijaria<\/strong> &#8211; Av. \u00c1lvares Cabral, 356 &#8211; $$<br>Seg 9:00 \u00e0s 20:00 | Ter-S\u00e1b 9:00 \u00e0s 21:30 | Dom 9:00 \u00e0s 20:00<br>Delicioso p\u00e3o de queijo tipicamente mineiro com diversas op\u00e7\u00f5es de acompanhamentos e recheios.<\/p>\n\n\n\n<p><\/p>\n\n\n\n<p><\/p>\n","protected":false},"excerpt":{"rendered":"<p>Albertina P\u00e3es &#8211; R. Fernandes Tourinho, 1010 &#8211; $$Qua-Sex 10:00 \u00e0s 18:30 | S\u00e1b 09:30 \u00e0s 14:00P\u00e3es de fermenta\u00e7\u00e3o natural com sabores diferenciados. Uluru Caf\u00e9 &#8211; Av. Afonso Pena, 2925 &#8211; $$Seg-S\u00e1b 7:30 \u00e0s 22:00 | Dom 7:30 \u00e0s 20:00Op\u00e7\u00f5es regionais e internacionais para brunch, almo\u00e7o e jantar. A P\u00e3o de Queijaria &#8211; Av. \u00c1lvares [&hellip;]<\/p>\n","protected":false},"author":2,"featured_media":0,"parent":0,"menu_order":0,"comment_status":"closed","ping_status":"closed","template":"","meta":{"_acf_changed":false,"footnotes":""},"class_list":["post-227","page","type-page","status-publish","hentry"],"acf":[],"_links":{"self":[{"href":"https:\/\/www.ufmg.br\/comunicadores2025\/wp-json\/wp\/v2\/pages\/227"}],"collection":[{"href":"https:\/\/www.ufmg.br\/comunicadores2025\/wp-json\/wp\/v2\/pages"}],"about":[{"href":"https:\/\/www.ufmg.br\/comunicadores2025\/wp-json\/wp\/v2\/types\/page"}],"author":[{"embeddable":true,"href":"https:\/\/www.ufmg.br\/comunicadores2025\/wp-json\/wp\/v2\/users\/2"}],"replies":[{"embeddable":true,"href":"https:\/\/www.ufmg.br\/comunicadores2025\/wp-json\/wp\/v2\/comments?post=227"}],"version-history":[{"count":3,"href":"https:\/\/www.ufmg.br\/comunicadores2025\/wp-json\/wp\/v2\/pages\/227\/revisions"}],"predecessor-version":[{"id":407,"href":"https:\/\/www.ufmg.br\/comunicadores2025\/wp-json\/wp\/v2\/pages\/227\/revisions\/407"}],"wp:attachment":[{"href":"https:\/\/www.ufmg.br\/comunicadores2025\/wp-json\/wp\/v2\/media?parent=227"}],"curies":[{"name":"wp","href":"https:\/\/api.w.org\/{rel}","templated":true}]}}