{"id":431,"date":"2025-10-20T09:16:59","date_gmt":"2025-10-20T12:16:59","guid":{"rendered":"https:\/\/www.ufmg.br\/comunicadores2025\/?page_id=431"},"modified":"2025-10-20T09:25:53","modified_gmt":"2025-10-20T12:25:53","slug":"onde-comer-perto-da-ufmg","status":"publish","type":"page","link":"https:\/\/www.ufmg.br\/comunicadores2025\/onde-comer-perto-da-ufmg\/","title":{"rendered":"Onde Comer Perto da UFMG"},"content":{"rendered":"\n<p><strong>Dentro do Campus<\/strong><\/p>\n\n\n\n<ul class=\"wp-block-list\">\n<li><strong>HR Restaurante e Lanchonete<\/strong> \u2013 Pra\u00e7a de Servi\u00e7os (Campus Pampulha) \u2013 $<br><em>Self-service pr\u00e1tico e barato dentro da UFMG.<br><\/em> \u23f0 Seg\u2013Sex 7h30 \u00e0s 20h<br><\/li>\n<\/ul>\n\n\n\n<div style=\"height:14px\" aria-hidden=\"true\" class=\"wp-block-spacer\"><\/div>\n\n\n\n<p><strong>Culin\u00e1ria Mineira Tradicional<\/strong><\/p>\n\n\n\n<ul class=\"wp-block-list\">\n<li><strong>Xapuri<\/strong> \u2013 R. Mandacar\u00fa, 260 \u2013 $$$<br><em>Receitas t\u00edpicas preparadas em forno \u00e0 lenha.<br><\/em> \u23f0 Ter\u2013S\u00e1b 11h \u00e0s 22h | Dom 11h \u00e0s 17h<br><br><div style=\"height:20px\" aria-hidden=\"true\" class=\"wp-block-spacer\"><\/div><br><\/li>\n\n\n\n<li><strong>Maria das Tran\u00e7as<\/strong> \u2013 R. Estoril, 938 \u2013 $$<br><em>Famoso pelo frango ao molho pardo.<br><\/em> \u23f0 Seg\u2013S\u00e1b 11h \u00e0s 21h | Dom 11h \u00e0s 18h<br><br><div style=\"height:20px\" aria-hidden=\"true\" class=\"wp-block-spacer\"><\/div><br><\/li>\n\n\n\n<li><strong>Paladino<\/strong> \u2013 Av. Gildo Macedo Lacerda, 300 \u2013 $$$<br><em>Restaurante fazenda com ambiente amplo e pratos regionais.<br><\/em> \u23f0 Ter\u2013Dom 11h30 \u00e0s 16h (Sex\u2013Dom at\u00e9 17h)<br><br><div style=\"height:20px\" aria-hidden=\"true\" class=\"wp-block-spacer\"><\/div><br><\/li>\n\n\n\n<li><strong>Jardim de Minas<\/strong> \u2013 R. Noraldino de Lima, 581 \u2013 $$<br><em>Ambiente r\u00fastico com playground e sele\u00e7\u00e3o de cacha\u00e7as.<\/em><br>\u23f0 Seg\u2013Ter 11h \u00e0s 15h | Qua\u2013S\u00e1b 11h \u00e0s 00h | Dom 11h \u00e0s 16h<br><br><div style=\"height:20px\" aria-hidden=\"true\" class=\"wp-block-spacer\"><\/div><br><\/li>\n\n\n\n<li><strong>Restaurante da Funda\u00e7\u00e3o Zoo-Bot\u00e2nica<\/strong> \u2013 Av. Otac\u00edlio Negr\u00e3o de Lima, 8000<br><em>Comida mineira simples, ideal para almo\u00e7o antes ou depois do zool\u00f3gico\/aqu\u00e1rio.<\/em><br><br><div style=\"height:27px\" aria-hidden=\"true\" class=\"wp-block-spacer\"><\/div><br><\/li>\n\n\n\n<li><strong>Adega do Sul<\/strong> \u2013 Av. Portugal, 4000 \u2013 Pampulha \u2013 $$<br><em>Carnes, petiscos e chopes artesanais.<\/em><br><br><div style=\"height:27px\" aria-hidden=\"true\" class=\"wp-block-spacer\"><\/div><br><\/li>\n\n\n\n<li><strong>Dona Lucinha II<\/strong> \u2013 R. Padre Odorico, 38 \u2013 Savassi \u2013 $$$<br><em>\u00cdcone da cozinha mineira, com buffet e pratos t\u00edpicos.<\/em><br><br><div style=\"height:27px\" aria-hidden=\"true\" class=\"wp-block-spacer\"><\/div><br><\/li>\n\n\n\n<li><strong>Duke\u2019n\u2019Duke \u2013 Savassi<\/strong> \u2013 R. Alagoas, 1470 \u2013 $$<br><em>Para quem quer sair do tradicional mineiro e experimentar hamb\u00farguer artesanal<\/em>.<br><div style=\"height:27px\" aria-hidden=\"true\" class=\"wp-block-spacer\"><\/div><br><\/li>\n\n\n\n<li><strong>Oleg\u00e1rio Pampulha<\/strong> \u2013 Av. Otac\u00edlio Negr\u00e3o de Lima, 751 \u2013 $$$<br><em>Pizzaria e massas com vista para a Lagoa da Pampulha.<\/em><br><br><div style=\"height:27px\" aria-hidden=\"true\" class=\"wp-block-spacer\"><\/div><br><\/li>\n\n\n\n<li><strong>Confeitaria Mole Antonelliana<\/strong> \u2013 Av. do Contorno, 4852 \u2013 $$<br><em>Cl\u00e1ssico para doces italianos, cannolis e sfogliatella.<\/em><br><div style=\"height:27px\" aria-hidden=\"true\" class=\"wp-block-spacer\"><\/div><br><div style=\"height:27px\" aria-hidden=\"true\" class=\"wp-block-spacer\"><\/div><\/li>\n\n\n\n<li><strong>P\u00e3o de Queijo da Dona Divina<\/strong> \u2013 Mercado Central \u2013 $<br><em>P\u00e3o de queijo hist\u00f3rico de BH, bom para experimentar durante o passeio.<\/em><br><\/li>\n<\/ul>\n\n\n\n<div style=\"height:20px\" aria-hidden=\"true\" class=\"wp-block-spacer\"><\/div>\n\n\n\n<div style=\"height:27px\" aria-hidden=\"true\" class=\"wp-block-spacer\"><\/div>\n","protected":false},"excerpt":{"rendered":"<p>Dentro do Campus Culin\u00e1ria Mineira Tradicional<\/p>\n","protected":false},"author":2,"featured_media":0,"parent":0,"menu_order":0,"comment_status":"closed","ping_status":"closed","template":"","meta":{"_acf_changed":false,"footnotes":""},"class_list":["post-431","page","type-page","status-publish","hentry"],"acf":[],"_links":{"self":[{"href":"https:\/\/www.ufmg.br\/comunicadores2025\/wp-json\/wp\/v2\/pages\/431"}],"collection":[{"href":"https:\/\/www.ufmg.br\/comunicadores2025\/wp-json\/wp\/v2\/pages"}],"about":[{"href":"https:\/\/www.ufmg.br\/comunicadores2025\/wp-json\/wp\/v2\/types\/page"}],"author":[{"embeddable":true,"href":"https:\/\/www.ufmg.br\/comunicadores2025\/wp-json\/wp\/v2\/users\/2"}],"replies":[{"embeddable":true,"href":"https:\/\/www.ufmg.br\/comunicadores2025\/wp-json\/wp\/v2\/comments?post=431"}],"version-history":[{"count":4,"href":"https:\/\/www.ufmg.br\/comunicadores2025\/wp-json\/wp\/v2\/pages\/431\/revisions"}],"predecessor-version":[{"id":449,"href":"https:\/\/www.ufmg.br\/comunicadores2025\/wp-json\/wp\/v2\/pages\/431\/revisions\/449"}],"wp:attachment":[{"href":"https:\/\/www.ufmg.br\/comunicadores2025\/wp-json\/wp\/v2\/media?parent=431"}],"curies":[{"name":"wp","href":"https:\/\/api.w.org\/{rel}","templated":true}]}}