{"id":433,"date":"2025-10-20T09:17:55","date_gmt":"2025-10-20T12:17:55","guid":{"rendered":"https:\/\/www.ufmg.br\/comunicadores2025\/?page_id=433"},"modified":"2025-10-20T09:29:32","modified_gmt":"2025-10-20T12:29:32","slug":"restaurantes-italianos","status":"publish","type":"page","link":"https:\/\/www.ufmg.br\/comunicadores2025\/restaurantes-italianos\/","title":{"rendered":"Restaurantes Italianos"},"content":{"rendered":"\n<ul class=\"wp-block-list\">\n<li><strong>Anella Ristorante<\/strong> \u2013 Av. Min. Guilhermino de Oliveira, 325 \u2013 $$$<br><em>Massas frescas e especialidades italianas.<br><\/em> \u23f0 Seg\u2013Sex 12h \u00e0s 15h e 18h \u00e0s 23h | S\u00e1b 12h \u00e0s 00h | Dom 12h \u00e0s 22h<br><br><\/li>\n\n\n\n<li><strong>La Palma<\/strong> \u2013 R. Professor Jerson Martins, 146 \u2013 $$$<br><em>Massas, grelhados e pizzas gourmet.<br><\/em> \u23f0 Seg 18h \u00e0s 23h | Ter\u2013S\u00e1b 11h30 \u00e0s 23h | Dom 11h30 \u00e0s 18h<br><br><\/li>\n\n\n\n<li><strong>Est! Est!! Est.!!<\/strong> \u2013 Av. Get\u00falio Vargas, 107 \u2013 $$<br><em>Italiana tradicional com toque moderno.<\/em><br><em><br><\/em><\/li>\n\n\n\n<li><strong>Cucina di Pastaio<\/strong> \u2013 Av. Get\u00falio Vargas, 58 \u2013 $$$<br><em>Destino para quem ama massas frescas.<\/em><br><em><br><\/em><\/li>\n\n\n\n<li><strong>Pasta Lab<\/strong> \u2013 R. Fernandes Tourinho, 235 \u2013 $$$$<br><em>Ingredientes sofisticados e receitas autorais.<\/em><br><em><br><\/em><\/li>\n\n\n\n<li><strong>Gennaro<\/strong> \u2013 R. Alagoas, 642 \u2013 $$<br><em>Entradas, massas e vinhos italianos.<\/em><\/li>\n<\/ul>\n","protected":false},"excerpt":{"rendered":"","protected":false},"author":2,"featured_media":0,"parent":0,"menu_order":0,"comment_status":"closed","ping_status":"closed","template":"","meta":{"_acf_changed":false,"footnotes":""},"class_list":["post-433","page","type-page","status-publish","hentry"],"acf":[],"_links":{"self":[{"href":"https:\/\/www.ufmg.br\/comunicadores2025\/wp-json\/wp\/v2\/pages\/433"}],"collection":[{"href":"https:\/\/www.ufmg.br\/comunicadores2025\/wp-json\/wp\/v2\/pages"}],"about":[{"href":"https:\/\/www.ufmg.br\/comunicadores2025\/wp-json\/wp\/v2\/types\/page"}],"author":[{"embeddable":true,"href":"https:\/\/www.ufmg.br\/comunicadores2025\/wp-json\/wp\/v2\/users\/2"}],"replies":[{"embeddable":true,"href":"https:\/\/www.ufmg.br\/comunicadores2025\/wp-json\/wp\/v2\/comments?post=433"}],"version-history":[{"count":2,"href":"https:\/\/www.ufmg.br\/comunicadores2025\/wp-json\/wp\/v2\/pages\/433\/revisions"}],"predecessor-version":[{"id":455,"href":"https:\/\/www.ufmg.br\/comunicadores2025\/wp-json\/wp\/v2\/pages\/433\/revisions\/455"}],"wp:attachment":[{"href":"https:\/\/www.ufmg.br\/comunicadores2025\/wp-json\/wp\/v2\/media?parent=433"}],"curies":[{"name":"wp","href":"https:\/\/api.w.org\/{rel}","templated":true}]}}