{"id":437,"date":"2025-10-20T09:19:15","date_gmt":"2025-10-20T12:19:15","guid":{"rendered":"https:\/\/www.ufmg.br\/comunicadores2025\/?page_id=437"},"modified":"2025-10-20T09:27:54","modified_gmt":"2025-10-20T12:27:54","slug":"o-que-visitar-cultura-e-patrimonio","status":"publish","type":"page","link":"https:\/\/www.ufmg.br\/comunicadores2025\/o-que-visitar-cultura-e-patrimonio\/","title":{"rendered":"O Que Visitar \u2013 Cultura e Patrim\u00f4nio"},"content":{"rendered":"\n<h3 class=\"wp-block-heading\"><strong>Pampulha: Arquitetura e Paisagem<\/strong><\/h3>\n\n\n\n<ul class=\"wp-block-list\">\n<li><strong>Conjunto Moderno da Pampulha<br><\/strong> Patrim\u00f4nio Cultural da Humanidade pela UNESCO. Projeto de Oscar Niemeyer, Burle Marx e C\u00e2ndido Portinari.<br><br>\n<ul class=\"wp-block-list\">\n<li><strong>Igreja S\u00e3o Francisco de Assis<\/strong> \u2013 Av. Otac\u00edlio Negr\u00e3o de Lima, 3000<br><em>\u00cdcone de BH, conhecida como Igrejinha da Pampulha.<br><\/em> \u23f0 Ter\u2013Qui 8h \u00e0s 11h e 13h \u00e0s 17h | Sex 8h \u00e0s 11h e 13h \u00e0s 16h30<br><br><\/li>\n\n\n\n<li><strong>Casa do Baile<\/strong> \u2013 Av. Otac\u00edlio Negr\u00e3o de Lima, 751<br><em>Centro de refer\u00eancia em arquitetura e urbanismo.<br><\/em> \u23f0 Qua\u2013Dom 10h \u00e0s 18h<br><br><\/li>\n<\/ul>\n<\/li>\n<\/ul>\n\n\n\n<h3 class=\"wp-block-heading\"><strong>Circuito Cultural Pra\u00e7a da Liberdade<\/strong><\/h3>\n\n\n\n<ul class=\"wp-block-list\">\n<li><strong>Espa\u00e7o do Conhecimento UFMG<\/strong> \u2013 Pra\u00e7a da Liberdade, 700 \u2013 Gr\u00e1tis<br><br><\/li>\n\n\n\n<li><strong>CCBB<\/strong> \u2013 Pra\u00e7a da Liberdade, 450 \u2013 Gr\u00e1tis<br><br><\/li>\n\n\n\n<li><strong>Pal\u00e1cio da Liberdade<\/strong> \u2013 Pra\u00e7a da Liberdade \u2013 Gr\u00e1tis<br><br><\/li>\n\n\n\n<li><strong>MM Gerdau \u2013 Museu das Minas e do Metal<\/strong> \u2013 Pra\u00e7a da Liberdade, 680 \u2013 Gr\u00e1tis<br><br><\/li>\n\n\n\n<li><strong>Casa Fiat de Cultura<\/strong> \u2013 Pra\u00e7a da Liberdade, 10 \u2013 Gr\u00e1tis<br><br><\/li>\n\n\n\n<li><strong>Biblioteca P\u00fablica Estadual Luiz de Bessa<\/strong> \u2013 Pra\u00e7a da Liberdade, 21<br><br><\/li>\n\n\n\n<li><strong>Museu Mineiro<\/strong> \u2013 Av. Jo\u00e3o Pinheiro, 342 \u2013 Gr\u00e1tis<br><br><em>(Hor\u00e1rios variados; vale conferir antes da visita)<\/em><br><\/li>\n<\/ul>\n\n\n\n<h3 class=\"wp-block-heading\"><strong>Outros Pontos Imperd\u00edveis<\/strong><\/h3>\n\n\n\n<ul class=\"wp-block-list\">\n<li><strong>Mercado Central<\/strong> \u2013 Av. Augusto de Lima, 744 \u2013 Centro<br><em>Gastronomia t\u00edpica mineira, queijos, cacha\u00e7as e artesanato.<br><\/em> \u23f0 Seg\u2013S\u00e1b 8h \u00e0s 18h | Dom 8h \u00e0s 13h<br><br><\/li>\n\n\n\n<li><strong>Pal\u00e1cio das Artes<\/strong> \u2013 Av. Afonso Pena, 1537 \u2013 Centro<br><em>Principal centro cultural de Minas Gerais.<\/em><br><em><br><\/em><\/li>\n\n\n\n<li><strong>Parque Municipal Am\u00e9rico Renn\u00e9 Giannetti<\/strong> \u2013 Av. Afonso Pena, 1.377 \u2013 Centro<br><em>Ref\u00fagio verde no cora\u00e7\u00e3o de BH.<\/em><br><em><br><\/em><\/li>\n\n\n\n<li><strong>Parque das Mangabeiras<\/strong> \u2013 Av. Jos\u00e9 do Patroc\u00ednio Pontes, 580 \u2013 Mangabeiras<br><em>Maior \u00e1rea verde da cidade, com trilhas e paisagem assinada por Burle Marx.<\/em><\/li>\n<\/ul>\n","protected":false},"excerpt":{"rendered":"<p>Pampulha: Arquitetura e Paisagem Circuito Cultural Pra\u00e7a da Liberdade Outros Pontos Imperd\u00edveis<\/p>\n","protected":false},"author":2,"featured_media":0,"parent":0,"menu_order":0,"comment_status":"closed","ping_status":"closed","template":"","meta":{"_acf_changed":false,"footnotes":""},"class_list":["post-437","page","type-page","status-publish","hentry"],"acf":[],"_links":{"self":[{"href":"https:\/\/www.ufmg.br\/comunicadores2025\/wp-json\/wp\/v2\/pages\/437"}],"collection":[{"href":"https:\/\/www.ufmg.br\/comunicadores2025\/wp-json\/wp\/v2\/pages"}],"about":[{"href":"https:\/\/www.ufmg.br\/comunicadores2025\/wp-json\/wp\/v2\/types\/page"}],"author":[{"embeddable":true,"href":"https:\/\/www.ufmg.br\/comunicadores2025\/wp-json\/wp\/v2\/users\/2"}],"replies":[{"embeddable":true,"href":"https:\/\/www.ufmg.br\/comunicadores2025\/wp-json\/wp\/v2\/comments?post=437"}],"version-history":[{"count":3,"href":"https:\/\/www.ufmg.br\/comunicadores2025\/wp-json\/wp\/v2\/pages\/437\/revisions"}],"predecessor-version":[{"id":451,"href":"https:\/\/www.ufmg.br\/comunicadores2025\/wp-json\/wp\/v2\/pages\/437\/revisions\/451"}],"wp:attachment":[{"href":"https:\/\/www.ufmg.br\/comunicadores2025\/wp-json\/wp\/v2\/media?parent=437"}],"curies":[{"name":"wp","href":"https:\/\/api.w.org\/{rel}","templated":true}]}}