{"id":439,"date":"2025-10-20T09:19:56","date_gmt":"2025-10-20T12:19:56","guid":{"rendered":"https:\/\/www.ufmg.br\/comunicadores2025\/?page_id=439"},"modified":"2025-10-20T09:28:52","modified_gmt":"2025-10-20T12:28:52","slug":"mais-cultura-lazer","status":"publish","type":"page","link":"https:\/\/www.ufmg.br\/comunicadores2025\/mais-cultura-lazer\/","title":{"rendered":"Mais Cultura &amp; Lazer"},"content":{"rendered":"\n<ul class=\"wp-block-list\">\n<li><strong>Museu de Arte da Pampulha (MAP)<\/strong> \u2013 Av. Otac\u00edlio Negr\u00e3o de Lima, 16.585 \u2013 Pampulha<br><em>Parte do Conjunto Moderno, abriga exposi\u00e7\u00f5es tempor\u00e1rias e obras de arte moderna.<br><\/em> \u23f0 Qua\u2013Dom 9h \u00e0s 17h<br><br><\/li>\n\n\n\n<li><strong>Mineir\u00e3o e Museu Brasileiro do Futebol<\/strong> \u2013 Av. Ant\u00f4nio Abrah\u00e3o Caram, 1001 \u2013 Pampulha<br><em>Tour pelo est\u00e1dio e pelo museu interativo que conta a hist\u00f3ria do futebol brasileiro.<br><\/em> \u23f0 Ter\u2013Dom 9h \u00e0s 18h<br><br><\/li>\n\n\n\n<li><strong>Pra\u00e7a do Papa<\/strong> \u2013 Av. Agulhas Negras \u2013 Mangabeiras<br><em>Mirante famoso para ver o p\u00f4r do sol e a vista de BH.<\/em><br><em><br><\/em><\/li>\n\n\n\n<li><strong>Mirante do Mangabeiras<\/strong> \u2013 Rua Pedro Jos\u00e9 Pardo, 1000 \u2013 Mangabeiras<br><em>Outro ponto para apreciar a cidade do alto; entrada gratuita.<\/em><br><br><\/li>\n\n\n\n<li><strong>Inhotim<\/strong> \u2013 Brumadinho (bate e volta a 1h30 de BH)<br><em>Maior museu a c\u00e9u aberto da Am\u00e9rica Latina, com jardins de Burle Marx.<\/em><\/li>\n<\/ul>\n","protected":false},"excerpt":{"rendered":"","protected":false},"author":2,"featured_media":0,"parent":0,"menu_order":0,"comment_status":"closed","ping_status":"closed","template":"","meta":{"_acf_changed":false,"footnotes":""},"class_list":["post-439","page","type-page","status-publish","hentry"],"acf":[],"_links":{"self":[{"href":"https:\/\/www.ufmg.br\/comunicadores2025\/wp-json\/wp\/v2\/pages\/439"}],"collection":[{"href":"https:\/\/www.ufmg.br\/comunicadores2025\/wp-json\/wp\/v2\/pages"}],"about":[{"href":"https:\/\/www.ufmg.br\/comunicadores2025\/wp-json\/wp\/v2\/types\/page"}],"author":[{"embeddable":true,"href":"https:\/\/www.ufmg.br\/comunicadores2025\/wp-json\/wp\/v2\/users\/2"}],"replies":[{"embeddable":true,"href":"https:\/\/www.ufmg.br\/comunicadores2025\/wp-json\/wp\/v2\/comments?post=439"}],"version-history":[{"count":2,"href":"https:\/\/www.ufmg.br\/comunicadores2025\/wp-json\/wp\/v2\/pages\/439\/revisions"}],"predecessor-version":[{"id":454,"href":"https:\/\/www.ufmg.br\/comunicadores2025\/wp-json\/wp\/v2\/pages\/439\/revisions\/454"}],"wp:attachment":[{"href":"https:\/\/www.ufmg.br\/comunicadores2025\/wp-json\/wp\/v2\/media?parent=439"}],"curies":[{"name":"wp","href":"https:\/\/api.w.org\/{rel}","templated":true}]}}