{"id":505,"date":"2025-11-17T09:43:09","date_gmt":"2025-11-17T12:43:09","guid":{"rendered":"https:\/\/www.ufmg.br\/comunicadores2025\/?page_id=505"},"modified":"2025-11-17T10:01:39","modified_gmt":"2025-11-17T13:01:39","slug":"recomendacoes-de-brechos","status":"publish","type":"page","link":"https:\/\/www.ufmg.br\/comunicadores2025\/recomendacoes-de-brechos\/","title":{"rendered":"Recomenda\u00e7\u00f5es de Brech\u00f3s"},"content":{"rendered":"\n<p>Acesse o drive com as recomenda\u00e7\u00f5es de bazares e brech\u00f3s <a href=\"https:\/\/www.google.com\/maps\/d\/u\/0\/viewer?mid=1ISe4DM8qc6Wc2HU8ybZ1AB9b8kHQoDI&amp;ll=-19.89360560623226%2C-43.971393449999994&amp;z=12\">aqui.<\/a><\/p>\n","protected":false},"excerpt":{"rendered":"<p>Acesse o drive com as recomenda\u00e7\u00f5es de bazares e brech\u00f3s aqui.<\/p>\n","protected":false},"author":2,"featured_media":0,"parent":0,"menu_order":0,"comment_status":"closed","ping_status":"closed","template":"","meta":{"_acf_changed":false,"footnotes":""},"class_list":["post-505","page","type-page","status-publish","hentry"],"acf":[],"_links":{"self":[{"href":"https:\/\/www.ufmg.br\/comunicadores2025\/wp-json\/wp\/v2\/pages\/505"}],"collection":[{"href":"https:\/\/www.ufmg.br\/comunicadores2025\/wp-json\/wp\/v2\/pages"}],"about":[{"href":"https:\/\/www.ufmg.br\/comunicadores2025\/wp-json\/wp\/v2\/types\/page"}],"author":[{"embeddable":true,"href":"https:\/\/www.ufmg.br\/comunicadores2025\/wp-json\/wp\/v2\/users\/2"}],"replies":[{"embeddable":true,"href":"https:\/\/www.ufmg.br\/comunicadores2025\/wp-json\/wp\/v2\/comments?post=505"}],"version-history":[{"count":2,"href":"https:\/\/www.ufmg.br\/comunicadores2025\/wp-json\/wp\/v2\/pages\/505\/revisions"}],"predecessor-version":[{"id":509,"href":"https:\/\/www.ufmg.br\/comunicadores2025\/wp-json\/wp\/v2\/pages\/505\/revisions\/509"}],"wp:attachment":[{"href":"https:\/\/www.ufmg.br\/comunicadores2025\/wp-json\/wp\/v2\/media?parent=505"}],"curies":[{"name":"wp","href":"https:\/\/api.w.org\/{rel}","templated":true}]}}