{"id":83,"date":"2024-08-02T09:37:52","date_gmt":"2024-08-02T12:37:52","guid":{"rendered":"https:\/\/www.ufmg.br\/comunicadores2025\/?page_id=83"},"modified":"2025-10-06T08:18:43","modified_gmt":"2025-10-06T11:18:43","slug":"programacao","status":"publish","type":"page","link":"https:\/\/www.ufmg.br\/comunicadores2025\/programacao\/","title":{"rendered":"EBG Comunica\u00e7\u00e3o Universit\u00e1ria"},"content":{"rendered":"\n<p>O<strong> Encontro Brasileiro de Gestores de Comunica\u00e7\u00e3o Universit\u00e1ria (EBG Comunica\u00e7\u00e3o Universit\u00e1ria)<\/strong> surge como um espa\u00e7o estrat\u00e9gico para gestores, docentes, discentes e profissionais de comunica\u00e7\u00e3o de universidades federais, privadas e confessionais. O objetivo central \u00e9 estimular o di\u00e1logo, a troca de experi\u00eancias e a constru\u00e7\u00e3o coletiva de solu\u00e7\u00f5es para os desafios da comunica\u00e7\u00e3o no ambiente acad\u00eamico. Ao reunir diferentes institui\u00e7\u00f5es do pa\u00eds, o evento busca fortalecer a integra\u00e7\u00e3o e a colabora\u00e7\u00e3o, contribuindo para o avan\u00e7o da comunica\u00e7\u00e3o universit\u00e1ria em todo o Brasil.<\/p>\n\n\n\n<figure class=\"wp-block-image size-large\"><img loading=\"lazy\" decoding=\"async\" width=\"1024\" height=\"256\" src=\"https:\/\/www.ufmg.br\/comunicadores2025\/wp-content\/uploads\/2025\/10\/2-1024x256.jpg\" alt=\"\" class=\"wp-image-424\" srcset=\"https:\/\/www.ufmg.br\/comunicadores2025\/wp-content\/uploads\/2025\/10\/2-1024x256.jpg 1024w, https:\/\/www.ufmg.br\/comunicadores2025\/wp-content\/uploads\/2025\/10\/2-300x75.jpg 300w, https:\/\/www.ufmg.br\/comunicadores2025\/wp-content\/uploads\/2025\/10\/2-768x192.jpg 768w, https:\/\/www.ufmg.br\/comunicadores2025\/wp-content\/uploads\/2025\/10\/2-1536x384.jpg 1536w, https:\/\/www.ufmg.br\/comunicadores2025\/wp-content\/uploads\/2025\/10\/2.jpg 1920w\" sizes=\"(max-width: 1024px) 100vw, 1024px\" \/><\/figure>\n","protected":false},"excerpt":{"rendered":"<p>O Encontro Brasileiro de Gestores de Comunica\u00e7\u00e3o Universit\u00e1ria (EBG Comunica\u00e7\u00e3o Universit\u00e1ria) surge como um espa\u00e7o estrat\u00e9gico para gestores, docentes, discentes e profissionais de comunica\u00e7\u00e3o de universidades federais, privadas e confessionais. O objetivo central \u00e9 estimular o di\u00e1logo, a troca de experi\u00eancias e a constru\u00e7\u00e3o coletiva de solu\u00e7\u00f5es para os desafios da comunica\u00e7\u00e3o no ambiente acad\u00eamico. [&hellip;]<\/p>\n","protected":false},"author":1,"featured_media":0,"parent":0,"menu_order":0,"comment_status":"closed","ping_status":"closed","template":"page-templates\/page-programming.php","meta":{"_acf_changed":false,"footnotes":""},"class_list":["post-83","page","type-page","status-publish","hentry"],"acf":[],"_links":{"self":[{"href":"https:\/\/www.ufmg.br\/comunicadores2025\/wp-json\/wp\/v2\/pages\/83"}],"collection":[{"href":"https:\/\/www.ufmg.br\/comunicadores2025\/wp-json\/wp\/v2\/pages"}],"about":[{"href":"https:\/\/www.ufmg.br\/comunicadores2025\/wp-json\/wp\/v2\/types\/page"}],"author":[{"embeddable":true,"href":"https:\/\/www.ufmg.br\/comunicadores2025\/wp-json\/wp\/v2\/users\/1"}],"replies":[{"embeddable":true,"href":"https:\/\/www.ufmg.br\/comunicadores2025\/wp-json\/wp\/v2\/comments?post=83"}],"version-history":[{"count":8,"href":"https:\/\/www.ufmg.br\/comunicadores2025\/wp-json\/wp\/v2\/pages\/83\/revisions"}],"predecessor-version":[{"id":425,"href":"https:\/\/www.ufmg.br\/comunicadores2025\/wp-json\/wp\/v2\/pages\/83\/revisions\/425"}],"wp:attachment":[{"href":"https:\/\/www.ufmg.br\/comunicadores2025\/wp-json\/wp\/v2\/media?parent=83"}],"curies":[{"name":"wp","href":"https:\/\/api.w.org\/{rel}","templated":true}]}}