{"id":17,"date":"2021-08-24T16:14:57","date_gmt":"2021-08-24T19:14:57","guid":{"rendered":"https:\/\/www.ufmg.br\/consulta2021\/?page_id=17"},"modified":"2021-11-12T11:56:59","modified_gmt":"2021-11-12T14:56:59","slug":"normas","status":"publish","type":"page","link":"https:\/\/www.ufmg.br\/consulta2021\/normas\/","title":{"rendered":"Normas"},"content":{"rendered":"<p>O Conselho Universit\u00e1rio e a Comiss\u00e3o Eleitoral publicaram os seguintes documentos, que definem as regras, datas e descrevem as etapas da consulta:<\/p>\n<p><a href=\"https:\/\/ufmg.br\/storage\/f\/9\/0\/b\/f90bd6cb732abff40c3277390536be6d_1629220195528_888505774.pdf\"><strong>Portaria n\u00ba 5834, de 13 de agosto de 2021<\/strong><\/a><b>\u00a0<\/b>\u2013 institui Comiss\u00e3o Eleitoral com a finalidade de operacionalizar o processo de consulta \u00e0 comunidade universit\u00e1ria, visando a subsidiar o Col\u00e9gio Eleitoral na elabora\u00e7\u00e3o de lista tr\u00edplice para a escolha dos futuros Reitor(a) e Vice-reitor(a) da UFMG [Documento assinado pela Reitora Sandra Regina Goulart Almeida, considerando decis\u00e3o tomada pelo Conselho Universit\u00e1rio na sess\u00e3o realizada em 12 de agosto de 2021].<\/p>\n<p><div class=\"video-container\"><iframe loading=\"lazy\" title=\"Portaria n\u00ba 5834, de 13 de agosto de 2021\" width=\"500\" height=\"281\" src=\"https:\/\/www.youtube.com\/embed\/DgIiY1pxZQA?feature=oembed\" frameborder=\"0\" allow=\"accelerometer; autoplay; clipboard-write; encrypted-media; gyroscope; picture-in-picture\" allowfullscreen><\/iframe><\/div><\/p>\n<p><strong><a href=\"https:\/\/www.ufmg.br\/consulta2021\/wp-content\/uploads\/2021\/09\/Regulamento-2021.pdf\">Regulamento<\/a><\/strong>\u00a0do processo de consulta \u00e0 comunidade universit\u00e1ria, relativo \u00e0 elabora\u00e7\u00e3o da lista tr\u00edplice para a escolha do Reitor e do Vice-reitor \u2013 ano 2021 [Aprovado pelo Conselho Universit\u00e1rio em 12 de agosto de 2021].<\/p>\n<p><div class=\"video-container\"><iframe loading=\"lazy\" title=\"Regulamento do processo de consulta \u00e0 comunidade universit\u00e1ria\" width=\"500\" height=\"281\" src=\"https:\/\/www.youtube.com\/embed\/48rQfCZLDAI?feature=oembed\" frameborder=\"0\" allow=\"accelerometer; autoplay; clipboard-write; encrypted-media; gyroscope; picture-in-picture\" allowfullscreen><\/iframe><\/div><\/p>\n<p><strong><a href=\"https:\/\/www.ufmg.br\/consulta2021\/wp-content\/uploads\/2021\/08\/REGIMENTO-2021.pdf\">Regimento<\/a><\/strong>\u00a0da consulta \u00e0 comunidade universit\u00e1ria, visando a subsidiar o Col\u00e9gio Eleitoral na elabora\u00e7\u00e3o de lista tr\u00edplice para escolha do Reitor e Vice-reitor da UFMG [Aprovado pela Comiss\u00e3o Eleitoral em 27 de agosto de 2021].<\/p>\n<p><div class=\"video-container\"><iframe loading=\"lazy\" title=\"Regimento da consulta \u00e0 comunidade universit\u00e1ria\" width=\"500\" height=\"281\" src=\"https:\/\/www.youtube.com\/embed\/c7X43S09nnU?feature=oembed\" frameborder=\"0\" allow=\"accelerometer; autoplay; clipboard-write; encrypted-media; gyroscope; picture-in-picture\" allowfullscreen><\/iframe><\/div><\/p>\n<p><a href=\"https:\/\/www.ufmg.br\/consulta2021\/wp-content\/uploads\/2021\/09\/Regras-debate.pdf\"><strong>Regras<\/strong><\/a> para a condu\u00e7\u00e3o dos debates com a chapa.<\/p>\n<p><a href=\"https:\/\/www.ufmg.br\/consulta2021\/wp-content\/uploads\/2021\/09\/RESOLUCAO-No-09.2000-DE-09-DE-NOVEMBRO-DE-2000.pdf\"><strong>Resolu\u00e7\u00e3o n\u00ba 09, de 9 de novembro de 2000<\/strong><\/a> &#8211; Estabelece regulamenta\u00e7\u00e3o gen\u00e9rica para veicula\u00e7\u00e3o de pe\u00e7as publicit\u00e1rias e de propaganda no \u00e2mbito da UFMG.<\/p>\n<p><a href=\"https:\/\/www.ufmg.br\/consulta2021\/wp-content\/uploads\/2021\/09\/Portaria-Junta-Apuradora.pdf\"><strong>Portaria<\/strong><\/a> \u2013 nomea\u00e7\u00e3o dos membros da Junta Apuradora. [Assinada pela Presidente da Comiss\u00e3o Eleitoral, Professora\u00a0 Maria Elisa de Souza e Silva, em 20 de setembro de 2021]<\/p>\n<p><strong><a href=\"https:\/\/www.ufmg.br\/consulta2021\/wp-content\/uploads\/2021\/11\/Ata-de-divulgacao.pdf\">Ata de divulga\u00e7\u00e3o<\/a><\/strong> dos resultados da consulta eleitoral. [Assinada pela Comiss\u00e3o Eleitoral, em 11 de novembro de 2021]<\/p>\n<p><strong><a href=\"https:\/\/www.ufmg.br\/consulta2021\/wp-content\/uploads\/2021\/11\/Planilha-ponderada.pdf\">Planilha com os votos ponderados<\/a><\/strong>.<\/p>\n\n\n<p><a href=\"https:\/\/www.ufmg.br\/consulta2021\/wp-content\/uploads\/2021\/11\/COMUNICADO-11112021.pdf\"><strong>Comunicado<\/strong><\/a> &#8211; inscri\u00e7\u00e3o de chapas ao Col\u00e9gio Eleitoral. [Assinada pela Coordenadora da Secretaria dos \u00d3rg\u00e3os de Delibera\u00e7\u00e3o Superior, Senhora Consuelo Dourado Dupim, em 11 de novembro de 2021]<\/p>\n","protected":false},"excerpt":{"rendered":"<p>O Conselho Universit\u00e1rio e a Comiss\u00e3o Eleitoral publicaram os seguintes documentos, que definem as regras, datas e descrevem as etapas da consulta: Portaria n\u00ba 5834, de 13 de agosto de 2021\u00a0\u2013 institui Comiss\u00e3o Eleitoral com a finalidade de operacionalizar o processo de consulta \u00e0 comunidade universit\u00e1ria, visando a subsidiar o Col\u00e9gio Eleitoral na elabora\u00e7\u00e3o de [&hellip;]<\/p>\n","protected":false},"author":1,"featured_media":0,"parent":0,"menu_order":0,"comment_status":"closed","ping_status":"closed","template":"","meta":[],"_links":{"self":[{"href":"https:\/\/www.ufmg.br\/consulta2021\/wp-json\/wp\/v2\/pages\/17"}],"collection":[{"href":"https:\/\/www.ufmg.br\/consulta2021\/wp-json\/wp\/v2\/pages"}],"about":[{"href":"https:\/\/www.ufmg.br\/consulta2021\/wp-json\/wp\/v2\/types\/page"}],"author":[{"embeddable":true,"href":"https:\/\/www.ufmg.br\/consulta2021\/wp-json\/wp\/v2\/users\/1"}],"replies":[{"embeddable":true,"href":"https:\/\/www.ufmg.br\/consulta2021\/wp-json\/wp\/v2\/comments?post=17"}],"version-history":[{"count":31,"href":"https:\/\/www.ufmg.br\/consulta2021\/wp-json\/wp\/v2\/pages\/17\/revisions"}],"predecessor-version":[{"id":229,"href":"https:\/\/www.ufmg.br\/consulta2021\/wp-json\/wp\/v2\/pages\/17\/revisions\/229"}],"wp:attachment":[{"href":"https:\/\/www.ufmg.br\/consulta2021\/wp-json\/wp\/v2\/media?parent=17"}],"curies":[{"name":"wp","href":"https:\/\/api.w.org\/{rel}","templated":true}]}}