{"id":29,"date":"2021-08-24T16:16:00","date_gmt":"2021-08-24T19:16:00","guid":{"rendered":"https:\/\/www.ufmg.br\/consulta2021\/?page_id=29"},"modified":"2021-11-04T19:34:48","modified_gmt":"2021-11-04T22:34:48","slug":"contato","status":"publish","type":"page","link":"https:\/\/www.ufmg.br\/consulta2021\/contato\/","title":{"rendered":"Contato"},"content":{"rendered":"<h3>Comiss\u00e3o Eleitoral<\/h3>\n<p>Pr\u00e9dio da Reitoria, 4\u00ba andar, sala 4003<\/p>\n<p>Tel:\u00a0<a href=\"tel:+553134094003\" target=\"_blank\" rel=\"noopener\">(31) 3409-4003<\/a><\/p>\n<p>e-mail:\u00a0<a href=\"mailto:comissaoeleitoral2021@ufmg.br\">comissaoeleitoral2021@ufmg.br<\/a><\/p>\n<p><strong>Universidade Federal de Minas Gerais<\/strong><br \/>\nAv. Ant\u00f4nio Carlos, 6627, Pampulha &#8211; Belo Horizonte &#8211; MG &#8211; CEP 31270-901<\/p>\n<hr \/>\n<h2>No <strong>dia da vota\u00e7\u00e3o<\/strong>, se voc\u00ea tiver <strong>d\u00favidas ou dificuldades<\/strong>, entre em contato com a CAC:<\/h2>\n<h2>Atendimento telef\u00f4nico <a href=\"tel:+553134096499\" target=\"_blank\" rel=\"noopener\">(31) 3409-6499<\/a> Para atendimento por e-mail, <a href=\"mailto:consultas-suporte@cac.ufmg.br\">consultas-suporte@cac.ufmg.br<\/a><\/h2>\n","protected":false},"excerpt":{"rendered":"<p>Comiss\u00e3o Eleitoral Pr\u00e9dio da Reitoria, 4\u00ba andar, sala 4003 Tel:\u00a0(31) 3409-4003 e-mail:\u00a0comissaoeleitoral2021@ufmg.br Universidade Federal de Minas Gerais Av. Ant\u00f4nio Carlos, 6627, Pampulha &#8211; Belo Horizonte &#8211; MG &#8211; CEP 31270-901 No dia da vota\u00e7\u00e3o, se voc\u00ea tiver d\u00favidas ou dificuldades, entre em contato com a CAC: Atendimento telef\u00f4nico (31) 3409-6499 Para atendimento por e-mail, consultas-suporte@cac.ufmg.br<\/p>\n","protected":false},"author":1,"featured_media":0,"parent":0,"menu_order":0,"comment_status":"closed","ping_status":"closed","template":"","meta":[],"_links":{"self":[{"href":"https:\/\/www.ufmg.br\/consulta2021\/wp-json\/wp\/v2\/pages\/29"}],"collection":[{"href":"https:\/\/www.ufmg.br\/consulta2021\/wp-json\/wp\/v2\/pages"}],"about":[{"href":"https:\/\/www.ufmg.br\/consulta2021\/wp-json\/wp\/v2\/types\/page"}],"author":[{"embeddable":true,"href":"https:\/\/www.ufmg.br\/consulta2021\/wp-json\/wp\/v2\/users\/1"}],"replies":[{"embeddable":true,"href":"https:\/\/www.ufmg.br\/consulta2021\/wp-json\/wp\/v2\/comments?post=29"}],"version-history":[{"count":8,"href":"https:\/\/www.ufmg.br\/consulta2021\/wp-json\/wp\/v2\/pages\/29\/revisions"}],"predecessor-version":[{"id":203,"href":"https:\/\/www.ufmg.br\/consulta2021\/wp-json\/wp\/v2\/pages\/29\/revisions\/203"}],"wp:attachment":[{"href":"https:\/\/www.ufmg.br\/consulta2021\/wp-json\/wp\/v2\/media?parent=29"}],"curies":[{"name":"wp","href":"https:\/\/api.w.org\/{rel}","templated":true}]}}