{"id":172,"date":"2025-08-25T11:40:11","date_gmt":"2025-08-25T14:40:11","guid":{"rendered":"https:\/\/www.ufmg.br\/consulta2025\/?page_id=172"},"modified":"2025-08-29T15:35:44","modified_gmt":"2025-08-29T18:35:44","slug":"calendario","status":"publish","type":"page","link":"https:\/\/www.ufmg.br\/consulta2025\/calendario\/","title":{"rendered":"Calend\u00e1rio"},"content":{"rendered":"\n<figure class=\"wp-block-table\"><table class=\"has-fixed-layout\"><tbody><tr><td>2025<\/td><td>1\u00ba turno<\/td><\/tr><tr><td>&nbsp; 12 de agosto<\/td><td>Reuni\u00e3o do Conselho Universit\u00e1rio: regulamenta\u00e7\u00e3o do processo de consulta \u00e0 comunidade para a escolha dos novos Reitor(a) e Vice-Reitor(a)<\/td><\/tr><tr><td>14 de agosto<\/td><td>Portaria de cria\u00e7\u00e3o da Comiss\u00e3o Eleitoral<\/td><\/tr><tr><td>25 de agosto a 29 de agosto<\/td><td>\u00a0Per\u00edodo para a inscri\u00e7\u00e3o de chapas para a Consulta em 1\u00ba turno<\/td><\/tr><tr><td>30 de agosto a 21 de outubro<\/td><td>Per\u00edodo de afastamento dos inscritos de todas as atividades letivas e administrativas na UFMG<\/td><\/tr><tr><td>17 de setembro<\/td><td>1\u00ba debate &#8211; \u00e0s 18 horas, no audit\u00f3rio da Reitoria (<em>Campus<\/em> Pampulha)<\/td><\/tr><tr><td>24 de setembro<\/td><td>2\u00ba debate &#8211; \u00e0s 09 horas, no Audit\u00f3rio do Bloco C do Instituto de Ci\u00eancias Agr\u00e1rias (<em>Campus<\/em> Montes Claros)<\/td><\/tr><tr><td>1\u00ba de outubro<\/td><td>3\u00ba debate &#8211; \u00e0s 14 horas, no Audit\u00f3rio Nobre da Faculdade de Medicina (<em>Campus<\/em> Sa\u00fade)<\/td><\/tr><tr><td>09 de outubro<\/td><td>Emiss\u00e3o da lista de votantes, com base nos dados obtidos sobre a situa\u00e7\u00e3o de cada membro dos corpos discente, docente e t\u00e9cnico- administrativo em educa\u00e7\u00e3o<\/td><\/tr><tr><td>20 de outubro<\/td><td>Data-limite para a entrega, pelas chapas, da presta\u00e7\u00e3o de contas<\/td><\/tr><tr><td>21 de outubro<\/td><td>Realiza\u00e7\u00e3o da consulta &#8211; 1\u00ba turno<\/td><\/tr><tr><td>29 de outubro<\/td><td>Encaminhamento do resultado da consulta e inscri\u00e7\u00e3o de chapas ao Col\u00e9gio Eleitoral (se n\u00e3o houver 2\u00ba turno)<\/td><\/tr><tr><td>04 de novembro<\/td><td>Reuni\u00e3o do Col\u00e9gio Eleitoral para elabora\u00e7\u00e3o da lista tr\u00edplice (se n\u00e3o houver 2\u00b0- turno)<\/td><\/tr><\/tbody><\/table><\/figure>\n\n\n\n<p>Caso ocorra a necessidade de um segundo turno de consulta \u00e0 comunidade, conforme disposto no artigo 22 deste <em>Regulamento<\/em> de 12 de agosto de 2025, o calend\u00e1rio ser\u00e1 modificado em seus dois \u00faltimos itens, ficando assim discriminado:<\/p>\n\n\n\n<figure class=\"wp-block-table\"><table class=\"has-fixed-layout\"><tbody><tr><td><strong>2025<\/strong><strong><\/strong><\/td><td>2\u00ba turno<\/td><\/tr><tr><td>22 de outubro &nbsp; <img loading=\"lazy\" decoding=\"async\" width=\"8\" height=\"11\" src=\"\"> 18 de novembro<\/td><td>Per\u00edodo de afastamento dos inscritos de todas as atividades letivas e administrativas na UFMG<\/td><\/tr><tr><td>11 de novembro<\/td><td>Debate<\/td><\/tr><tr><td>17 de novembro<\/td><td>Data-limite para a entrega, pelas chapas, da presta\u00e7\u00e3o de contas do 2\u00b0- turno<\/td><\/tr><tr><td>18 de novembro<\/td><td>Realiza\u00e7\u00e3o da consulta &#8211; 2\u00ba turno<\/td><\/tr><tr><td>25 de novembro<\/td><td>Encaminhamento do resultado da consulta e inscri\u00e7\u00e3o de chapas ao Col\u00e9gio Eleitoral<\/td><\/tr><tr><td>02 de dezembro<\/td><td>Reuni\u00e3o do Col\u00e9gio Eleitoral para elabora\u00e7\u00e3o da lista tr\u00edplice<\/td><\/tr><\/tbody><\/table><\/figure>\n","protected":false},"excerpt":{"rendered":"<p>2025 1\u00ba turno &nbsp; 12 de agosto Reuni\u00e3o do Conselho Universit\u00e1rio: regulamenta\u00e7\u00e3o do processo de consulta \u00e0 comunidade para a escolha dos novos Reitor(a) e Vice-Reitor(a) 14 de agosto Portaria de cria\u00e7\u00e3o da Comiss\u00e3o Eleitoral 25 de agosto a 29 de agosto \u00a0Per\u00edodo para a inscri\u00e7\u00e3o de chapas para a Consulta em 1\u00ba turno 30 [&hellip;]<\/p>\n","protected":false},"author":1,"featured_media":0,"parent":0,"menu_order":0,"comment_status":"closed","ping_status":"closed","template":"","meta":{"_acf_changed":false,"footnotes":""},"class_list":["post-172","page","type-page","status-publish","hentry"],"acf":[],"_links":{"self":[{"href":"https:\/\/www.ufmg.br\/consulta2025\/wp-json\/wp\/v2\/pages\/172"}],"collection":[{"href":"https:\/\/www.ufmg.br\/consulta2025\/wp-json\/wp\/v2\/pages"}],"about":[{"href":"https:\/\/www.ufmg.br\/consulta2025\/wp-json\/wp\/v2\/types\/page"}],"author":[{"embeddable":true,"href":"https:\/\/www.ufmg.br\/consulta2025\/wp-json\/wp\/v2\/users\/1"}],"replies":[{"embeddable":true,"href":"https:\/\/www.ufmg.br\/consulta2025\/wp-json\/wp\/v2\/comments?post=172"}],"version-history":[{"count":3,"href":"https:\/\/www.ufmg.br\/consulta2025\/wp-json\/wp\/v2\/pages\/172\/revisions"}],"predecessor-version":[{"id":217,"href":"https:\/\/www.ufmg.br\/consulta2025\/wp-json\/wp\/v2\/pages\/172\/revisions\/217"}],"wp:attachment":[{"href":"https:\/\/www.ufmg.br\/consulta2025\/wp-json\/wp\/v2\/media?parent=172"}],"curies":[{"name":"wp","href":"https:\/\/api.w.org\/{rel}","templated":true}]}}