{"id":173,"date":"2025-08-25T11:40:11","date_gmt":"2025-08-25T14:40:11","guid":{"rendered":"https:\/\/www.ufmg.br\/consulta2025\/?page_id=173"},"modified":"2025-10-02T08:19:31","modified_gmt":"2025-10-02T11:19:31","slug":"debates","status":"publish","type":"page","link":"https:\/\/www.ufmg.br\/consulta2025\/debates\/","title":{"rendered":"Debates"},"content":{"rendered":"\n<p>Assista ao primeiro debate realizado em 17 de setembro de 2025:<\/p>\n\n\n\n<figure class=\"wp-block-embed is-type-video is-provider-youtube wp-block-embed-youtube wp-embed-aspect-16-9 wp-has-aspect-ratio\"><div class=\"wp-block-embed__wrapper\">\n<iframe loading=\"lazy\" title=\"Primeiro debate Consulta \u00e0 Comunidade \u2013 Reitoria 2026\/2030\" width=\"500\" height=\"281\" src=\"https:\/\/www.youtube.com\/embed\/T84a8j4AguY?feature=oembed\" frameborder=\"0\" allow=\"accelerometer; autoplay; clipboard-write; encrypted-media; gyroscope; picture-in-picture; web-share\" referrerpolicy=\"strict-origin-when-cross-origin\" allowfullscreen><\/iframe>\n<\/div><\/figure>\n\n\n\n<p>Assista ao segundo debate realizado em 24 de setembro de 2025:<\/p>\n\n\n\n<figure class=\"wp-block-embed is-type-video is-provider-youtube wp-block-embed-youtube wp-embed-aspect-16-9 wp-has-aspect-ratio\"><div class=\"wp-block-embed__wrapper\">\n<iframe loading=\"lazy\" title=\"Segundo debate Consulta \u00e0 Comunidade - Reitoria 2026\/2030 (Campus Montes Claros)\" width=\"500\" height=\"281\" src=\"https:\/\/www.youtube.com\/embed\/GE6YCInqagg?feature=oembed\" frameborder=\"0\" allow=\"accelerometer; autoplay; clipboard-write; encrypted-media; gyroscope; picture-in-picture; web-share\" referrerpolicy=\"strict-origin-when-cross-origin\" allowfullscreen><\/iframe>\n<\/div><\/figure>\n\n\n\n<p>Assista ao terceiro debate realizado em 01 de outubro de 2025: <\/p>\n\n\n\n<figure class=\"wp-block-embed is-type-video is-provider-youtube wp-block-embed-youtube wp-embed-aspect-16-9 wp-has-aspect-ratio\"><div class=\"wp-block-embed__wrapper\">\n<iframe loading=\"lazy\" title=\"Terceiro debate Consulta \u00e0 Comunidade \u2013 Reitoria 2026\/2030\" width=\"500\" height=\"281\" src=\"https:\/\/www.youtube.com\/embed\/XmP_4OxFFJI?feature=oembed\" frameborder=\"0\" allow=\"accelerometer; autoplay; clipboard-write; encrypted-media; gyroscope; picture-in-picture; web-share\" referrerpolicy=\"strict-origin-when-cross-origin\" allowfullscreen><\/iframe>\n<\/div><\/figure>\n\n\n\n<p><strong>Regras para os debates<\/strong><\/p>\n\n\n\n<p>Em conformidade com o Art.11 do Regulamento aprovado pelo Conselho Universit\u00e1rio, em 12 de agosto de 2025, referente \u00e0 Consulta \u00e0 Comunidade para os cargos de Reitor(a) e de Vice-Reitor(a) da Universidade Federal de Minas Gerais, a Comiss\u00e3o Eleitoral institu\u00edda para esta finalidade informa as regras para a realiza\u00e7\u00e3o dos debates com a chapa inscrita.<\/p>\n\n\n\n<ol class=\"wp-block-list\">\n<li><strong>Datas, Hor\u00e1rios e Local<\/strong><\/li>\n<\/ol>\n\n\n\n<p>De acordo com a Se\u00e7\u00e3o II, Art. 13 do Regimento aprovado pela Comiss\u00e3o Eleitoral e publicado no <em>site<\/em> <a href=\"https:\/\/www.ufmg.br\/consulta2025\/noticias\/\">https:\/\/www.ufmg.br\/consulta2025\/noticias\/<\/a>, &nbsp;os debates acontecer\u00e3o desta forma:<\/p>\n\n\n\n<p>A Comiss\u00e3o Eleitoral organizar\u00e1 tr\u00eas debates presenciais, com transmiss\u00e3o <em>online <\/em>pelo canal do YouTube (youTube.com\/cacufmg), nas datas estabelecidas no Regimento aprovado pela Comiss\u00e3o Eleitoral, a saber: no dia 17 (dezessete) de setembro de 2025, \u00e0s 18 horas, no audit\u00f3rio da Reitoria (<em>Campus<\/em> Pampulha); no dia 24 (vinte e quatro) de setembro de 2025, \u00e0s 09 horas, no Audit\u00f3rio do Bloco C do Instituto de Ci\u00eancias Agr\u00e1rias (<em>Campus<\/em> Montes Claros); e no dia 01 (um) de outubro de 2025, \u00e0s 14 horas, no Audit\u00f3rio Nobre da Faculdade de Medicina (<em>Campus<\/em> Sa\u00fade).<\/p>\n\n\n\n<ul class=\"wp-block-list\">\n<li><strong>Abertura do Debate<\/strong><\/li>\n<\/ul>\n\n\n\n<p>Os debates ser\u00e3o abertos pela Comiss\u00e3o Eleitoral, que proceder\u00e1 \u00e0 leitura das regras estabelecidas para a chapa inscrita. Os membros da Comiss\u00e3o Eleitoral ser\u00e3o respons\u00e1veis pela modera\u00e7\u00e3o das falas, mediadas por seu presidente. Caber\u00e1 ainda \u00e0 Comiss\u00e3o eleitoral o recebimento e o sorteio das perguntas encaminhadas pelo p\u00fablico e o controle do tempo de respostas.<\/p>\n\n\n\n<ul class=\"wp-block-list\">\n<li><strong>Blocos dos debates<\/strong><\/li>\n<\/ul>\n\n\n\n<p>O debate ser\u00e1 constitu\u00eddo de quatro (04) blocos, assim estabelecidos:<\/p>\n\n\n\n<p><strong>Bloco 1 \u2013 Apresenta\u00e7\u00e3o da chapa<\/strong><\/p>\n\n\n\n<p>A chapa inscrita ter\u00e1 at\u00e9 20 minutos para apresentar sua nominata e propostas.<\/p>\n\n\n\n<p><strong>&nbsp;Bloco 2 \u2013 Pergunta da Comiss\u00e3o Eleitoral<\/strong><\/p>\n\n\n\n<p>A Comiss\u00e3o Eleitoral far\u00e1 uma pergunta inicial para a chapa. Tal pergunta ser\u00e1 elaborada previamente pela referida Comiss\u00e3o, a partir de perguntas enviadas pela comunidade at\u00e9 24h antes do in\u00edcio do debate. A comunidade dever\u00e1 enviar suas perguntas para subsidiar a pergunta a ser elaborada pela Comiss\u00e3o Eleitoral na abertura do debate pelo &nbsp;email comisaoeleitoral2025@ufmg.br. A chapa ter\u00e1 at\u00e9 10 minutos para responder a essa pergunta inicial.<\/p>\n\n\n\n<p><strong>Bloco 3 \u2013 Perguntas do p\u00fablico<\/strong><\/p>\n\n\n\n<p>Ser\u00e3o permitidas at\u00e9 10 (dez) perguntas, formuladas tanto pelo p\u00fablico presente quanto por aqueles que participar\u00e3o do debate via canal do YouTube. Todas as perguntas dever\u00e3o ser formuladas por escrito. As pessoas que participar\u00e3o presencialmente do debate depositar\u00e3o suas perguntas nas urnas dispon\u00edveis no espa\u00e7o e aquelas que acompanhar\u00e3o o debate via canal do YouTube dever\u00e3o enviar suas quest\u00f5es \u00e0 Comiss\u00e3o Eleitoral por e-mail (<a href=\"mailto:comisaoeleitoral2025@ufmg.br\">comisaoeleitoral2025@ufmg.br<\/a>). A comiss\u00e3o eleitoral estar\u00e1 <em>online<\/em> recebendo as perguntas enviadas por esse canal e providenciando para que cheguem \u00e0 mesa. A rodada de perguntas do p\u00fablico ter\u00e1 in\u00edcio pelo sorteio das perguntas formuladas pelo p\u00fablico presente e depositadas nas urnas, alternando-se, na sequ\u00eancia, com aquelas enviadas pelo p\u00fablico que participa virtualmente e cujas perguntas ser\u00e3o encaminhadas por e-mail. Ser\u00e3o, portanto, 05 (cinco) perguntas formuladas pelo p\u00fablico presente e 05 (cinco) perguntas formuladas pelo p\u00fablico que participa via canal do YouTube. A chapa inscrita ter\u00e1 at\u00e9 3 minutos para responder a cada pergunta. Todas as perguntas n\u00e3o respondidas durante o tempo do debate ser\u00e3o encaminhadas para a chapa.<\/p>\n\n\n\n<p><strong>&nbsp;Bloco 4 &#8211; Considera\u00e7\u00f5es finais<\/strong><\/p>\n\n\n\n<p>A chapa inscrita ter\u00e1 5 minutos para suas considera\u00e7\u00f5es finais.<\/p>\n\n\n\n<p><strong>Comiss\u00e3o Eleitoral 2025 UFMG<\/strong><\/p>\n\n\n\n<p><strong>Consulta \u00e0 Comunidade \u2013 Reitoria 2026\/2030<\/strong><\/p>\n","protected":false},"excerpt":{"rendered":"<p>Assista ao primeiro debate realizado em 17 de setembro de 2025: Assista ao segundo debate realizado em 24 de setembro de 2025: Assista ao terceiro debate realizado em 01 de outubro de 2025: Regras para os debates Em conformidade com o Art.11 do Regulamento aprovado pelo Conselho Universit\u00e1rio, em 12 de agosto de 2025, referente [&hellip;]<\/p>\n","protected":false},"author":1,"featured_media":0,"parent":0,"menu_order":0,"comment_status":"closed","ping_status":"closed","template":"","meta":{"_acf_changed":false,"footnotes":""},"class_list":["post-173","page","type-page","status-publish","hentry"],"acf":[],"_links":{"self":[{"href":"https:\/\/www.ufmg.br\/consulta2025\/wp-json\/wp\/v2\/pages\/173"}],"collection":[{"href":"https:\/\/www.ufmg.br\/consulta2025\/wp-json\/wp\/v2\/pages"}],"about":[{"href":"https:\/\/www.ufmg.br\/consulta2025\/wp-json\/wp\/v2\/types\/page"}],"author":[{"embeddable":true,"href":"https:\/\/www.ufmg.br\/consulta2025\/wp-json\/wp\/v2\/users\/1"}],"replies":[{"embeddable":true,"href":"https:\/\/www.ufmg.br\/consulta2025\/wp-json\/wp\/v2\/comments?post=173"}],"version-history":[{"count":8,"href":"https:\/\/www.ufmg.br\/consulta2025\/wp-json\/wp\/v2\/pages\/173\/revisions"}],"predecessor-version":[{"id":255,"href":"https:\/\/www.ufmg.br\/consulta2025\/wp-json\/wp\/v2\/pages\/173\/revisions\/255"}],"wp:attachment":[{"href":"https:\/\/www.ufmg.br\/consulta2025\/wp-json\/wp\/v2\/media?parent=173"}],"curies":[{"name":"wp","href":"https:\/\/api.w.org\/{rel}","templated":true}]}}