{"id":175,"date":"2025-08-25T11:40:11","date_gmt":"2025-08-25T14:40:11","guid":{"rendered":"https:\/\/www.ufmg.br\/consulta2025\/?page_id=175"},"modified":"2025-10-02T08:09:37","modified_gmt":"2025-10-02T11:09:37","slug":"como-votar","status":"publish","type":"page","link":"https:\/\/www.ufmg.br\/consulta2025\/como-votar\/","title":{"rendered":"Como votar"},"content":{"rendered":"\n<p>Em 2025, a consulta para os cargos de Reitor(a) e Vice-reitor(a) ser\u00e1 realizada&nbsp;exclusivamente por meio do&nbsp;Sistema de Consultas da UFMG, que possibilita o voto a dist\u00e2ncia.<\/p>\n\n\n\n<p>O Sistema de Consultas da UFMG foi desenvolvido em a\u00e7\u00e3o conjunta da CAC (Coordenadoria de Assuntos Comunit\u00e1rios), do laborat\u00f3rio&nbsp;<em>Inscrypt&nbsp;<\/em>do DCC (Departamento de Ci\u00eancia da Computa\u00e7\u00e3o) e da DTI (Diretoria de Tecnologia da Informa\u00e7\u00e3o), visando implementar uma ferramenta para consulta online na UFMG, baseada no software livre&nbsp;<em>Helios Voting<\/em>.<\/p>\n\n\n\n<p>A ferramenta j\u00e1 \u00e9 utilizada em elei\u00e7\u00f5es de diretores de Unidades e de representantes em Colegiados e o passo a passo para sua utiliza\u00e7\u00e3o est\u00e1 dispon\u00edvel em v\u00eddeo com o Tutorial como votar, com int\u00e9rprete de Libras:<\/p>\n\n\n\n<figure class=\"wp-block-embed is-type-video is-provider-youtube wp-block-embed-youtube wp-embed-aspect-16-9 wp-has-aspect-ratio\"><div class=\"wp-block-embed__wrapper\">\n<iframe loading=\"lazy\" title=\"Consulta \u00e0 comunidade 2025: tutorial explica como votar\" width=\"500\" height=\"281\" src=\"https:\/\/www.youtube.com\/embed\/f9IGEUE3FdE?feature=oembed\" frameborder=\"0\" allow=\"accelerometer; autoplay; clipboard-write; encrypted-media; gyroscope; picture-in-picture; web-share\" referrerpolicy=\"strict-origin-when-cross-origin\" allowfullscreen><\/iframe>\n<\/div><\/figure>\n\n\n\n<p>Participe!<\/p>\n","protected":false},"excerpt":{"rendered":"<p>Em 2025, a consulta para os cargos de Reitor(a) e Vice-reitor(a) ser\u00e1 realizada&nbsp;exclusivamente por meio do&nbsp;Sistema de Consultas da UFMG, que possibilita o voto a dist\u00e2ncia. O Sistema de Consultas da UFMG foi desenvolvido em a\u00e7\u00e3o conjunta da CAC (Coordenadoria de Assuntos Comunit\u00e1rios), do laborat\u00f3rio&nbsp;Inscrypt&nbsp;do DCC (Departamento de Ci\u00eancia da Computa\u00e7\u00e3o) e da DTI (Diretoria [&hellip;]<\/p>\n","protected":false},"author":1,"featured_media":0,"parent":0,"menu_order":0,"comment_status":"closed","ping_status":"closed","template":"","meta":{"_acf_changed":false,"footnotes":""},"class_list":["post-175","page","type-page","status-publish","hentry"],"acf":[],"_links":{"self":[{"href":"https:\/\/www.ufmg.br\/consulta2025\/wp-json\/wp\/v2\/pages\/175"}],"collection":[{"href":"https:\/\/www.ufmg.br\/consulta2025\/wp-json\/wp\/v2\/pages"}],"about":[{"href":"https:\/\/www.ufmg.br\/consulta2025\/wp-json\/wp\/v2\/types\/page"}],"author":[{"embeddable":true,"href":"https:\/\/www.ufmg.br\/consulta2025\/wp-json\/wp\/v2\/users\/1"}],"replies":[{"embeddable":true,"href":"https:\/\/www.ufmg.br\/consulta2025\/wp-json\/wp\/v2\/comments?post=175"}],"version-history":[{"count":5,"href":"https:\/\/www.ufmg.br\/consulta2025\/wp-json\/wp\/v2\/pages\/175\/revisions"}],"predecessor-version":[{"id":253,"href":"https:\/\/www.ufmg.br\/consulta2025\/wp-json\/wp\/v2\/pages\/175\/revisions\/253"}],"wp:attachment":[{"href":"https:\/\/www.ufmg.br\/consulta2025\/wp-json\/wp\/v2\/media?parent=175"}],"curies":[{"name":"wp","href":"https:\/\/api.w.org\/{rel}","templated":true}]}}