{"id":176,"date":"2025-08-25T11:40:11","date_gmt":"2025-08-25T14:40:11","guid":{"rendered":"https:\/\/www.ufmg.br\/consulta2025\/?page_id=176"},"modified":"2025-10-21T20:07:18","modified_gmt":"2025-10-21T23:07:18","slug":"normas","status":"publish","type":"page","link":"https:\/\/www.ufmg.br\/consulta2025\/normas\/","title":{"rendered":"Normas"},"content":{"rendered":"\n<h3 class=\"wp-block-heading\">Normas<\/h3>\n\n\n\n<p><strong><a href=\"https:\/\/www.ufmg.br\/consulta2025\/wp-content\/uploads\/2025\/10\/SEI_4628627_Portaria_10155.pdf\">Portaria n\u00ba 10155, de 7 de outubro de 2025<\/a><\/strong> &#8211; nomeia os membros da Junta Apuradora do Processo de Consulta \u00e0 Comunidade Universit\u00e1ria &#8211; Reitorado 2026-2030 e torna sem efeito a Portaria n\u00ba 10127, de 7 de outubro de 2025.<\/p>\n\n\n\n<p>O Conselho Universit\u00e1rio e a Comiss\u00e3o Eleitoral publicaram os seguintes documentos, que definem as regras, datas e descrevem as etapas da consulta:<\/p>\n\n\n\n<p><strong><a href=\"https:\/\/www.ufmg.br\/consulta2025\/wp-content\/uploads\/2025\/08\/2.-Portaria-da-Reitora-7985-14-08-2025-institui-a-Comissao-Eleitoral.pdf\" data-type=\"link\" data-id=\"https:\/\/www.ufmg.br\/consulta2025\/wp-content\/uploads\/2025\/08\/2.-Portaria-da-Reitora-7985-14-08-2025-institui-a-Comissao-Eleitoral.pdf\">Portaria n\u00ba 7985, de 14 de agosto de 2025<\/a><\/strong> \u2013 institui Comiss\u00e3o Eleitoral com a finalidade de operacionalizar o processo de consulta \u00e0 comunidade universit\u00e1ria, visando a subsidiar o Col\u00e9gio Eleitoral na elabora\u00e7\u00e3o de lista tr\u00edplice para a escolha dos futuros Reitor(a) e Vice-reitor(a) da UFMG.<\/p>\n\n\n\n<p>V\u00eddeo da Portaria em Libras:<\/p>\n\n\n\n<figure class=\"wp-block-embed is-type-video is-provider-youtube wp-block-embed-youtube wp-embed-aspect-16-9 wp-has-aspect-ratio\"><div class=\"wp-block-embed__wrapper\">\n<iframe loading=\"lazy\" title=\"Portaria n\u00ba 7985, de 14 de agosto de 2025\" width=\"500\" height=\"281\" src=\"https:\/\/www.youtube.com\/embed\/2lctPVJ59eI?feature=oembed\" frameborder=\"0\" allow=\"accelerometer; autoplay; clipboard-write; encrypted-media; gyroscope; picture-in-picture; web-share\" referrerpolicy=\"strict-origin-when-cross-origin\" allowfullscreen><\/iframe>\n<\/div><\/figure>\n\n\n\n<p><strong><a href=\"https:\/\/www.ufmg.br\/consulta2025\/wp-content\/uploads\/2025\/08\/REGULAMENTO-CONSULTA-ELEITORAL-2025.pdf\" target=\"_blank\" rel=\"noreferrer noopener\">Regulamento<\/a><\/strong>&nbsp;do processo de consulta \u00e0 comunidade universit\u00e1ria, relativo \u00e0 elabora\u00e7\u00e3o da lista tr\u00edplice para a escolha do Reitor e do Vice-reitor \u2013 ano 2025.<\/p>\n\n\n\n<p>V\u00eddeo do Regulamento em Libras:<\/p>\n\n\n\n<figure class=\"wp-block-embed is-type-video is-provider-youtube wp-block-embed-youtube wp-embed-aspect-16-9 wp-has-aspect-ratio\"><div class=\"wp-block-embed__wrapper\">\n<iframe loading=\"lazy\" title=\"Regulamento do processo de consulta \u00e0 comunidade universit\u00e1ria\" width=\"500\" height=\"281\" src=\"https:\/\/www.youtube.com\/embed\/K_1PeuirwdU?start=9&#038;feature=oembed\" frameborder=\"0\" allow=\"accelerometer; autoplay; clipboard-write; encrypted-media; gyroscope; picture-in-picture; web-share\" referrerpolicy=\"strict-origin-when-cross-origin\" allowfullscreen><\/iframe>\n<\/div><\/figure>\n\n\n\n<p><strong><a href=\"https:\/\/www.ufmg.br\/consulta2025\/wp-content\/uploads\/2025\/08\/REGIMENTO-COMISSAO-ELEITORAL-2025.pdf\" target=\"_blank\" rel=\"noreferrer noopener\">Regimento<\/a><\/strong>&nbsp;da consulta \u00e0 comunidade universit\u00e1ria, visando a subsidiar o Col\u00e9gio Eleitoral na elabora\u00e7\u00e3o de lista tr\u00edplice para escolha do Reitor e Vice-reitor da UFMG.<\/p>\n\n\n\n<p>V\u00eddeo do Regimento em Libras:<\/p>\n\n\n\n<figure class=\"wp-block-embed is-type-video is-provider-youtube wp-block-embed-youtube wp-embed-aspect-16-9 wp-has-aspect-ratio\"><div class=\"wp-block-embed__wrapper\">\n<iframe loading=\"lazy\" title=\"Regimento da consulta \u00e0 comunidade universit\u00e1ria\" width=\"500\" height=\"281\" src=\"https:\/\/www.youtube.com\/embed\/5_W0WNtmfkc?feature=oembed\" frameborder=\"0\" allow=\"accelerometer; autoplay; clipboard-write; encrypted-media; gyroscope; picture-in-picture; web-share\" referrerpolicy=\"strict-origin-when-cross-origin\" allowfullscreen><\/iframe>\n<\/div><\/figure>\n\n\n\n<p><\/p>\n\n\n\n<p><\/p>\n\n\n\n<p><strong><a href=\"https:\/\/www.ufmg.br\/consulta2025\/wp-content\/uploads\/2025\/08\/RESOLUCAO-9_2000.pdf\" target=\"_blank\" rel=\"noreferrer noopener\">Resolu\u00e7\u00e3o n\u00ba 09, de 9 de novembro de 2000<\/a><\/strong>&nbsp;\u2013 Estabelece regulamenta\u00e7\u00e3o gen\u00e9rica para veicula\u00e7\u00e3o de pe\u00e7as publicit\u00e1rias e de propaganda no \u00e2mbito da UFMG.<\/p>\n\n\n\n<p><strong><a href=\"https:\/\/www.ufmg.br\/consulta2025\/wp-content\/uploads\/2025\/08\/Ficha_de_Inscricao_em_Consulta_Eleitoral.pdf\" data-type=\"link\" data-id=\"https:\/\/www.ufmg.br\/consulta2025\/wp-content\/uploads\/2025\/08\/Ficha_de_Inscricao_em_Consulta_Eleitoral.pdf\" target=\"_blank\" rel=\"noreferrer noopener\">Ficha de inscri\u00e7\u00e3o em Consulta Eleitoral 2025<\/a><\/strong><\/p>\n\n\n\n<p><\/p>\n","protected":false},"excerpt":{"rendered":"<p>Normas Portaria n\u00ba 10155, de 7 de outubro de 2025 &#8211; nomeia os membros da Junta Apuradora do Processo de Consulta \u00e0 Comunidade Universit\u00e1ria &#8211; Reitorado 2026-2030 e torna sem efeito a Portaria n\u00ba 10127, de 7 de outubro de 2025. O Conselho Universit\u00e1rio e a Comiss\u00e3o Eleitoral publicaram os seguintes documentos, que definem as [&hellip;]<\/p>\n","protected":false},"author":1,"featured_media":0,"parent":0,"menu_order":0,"comment_status":"closed","ping_status":"closed","template":"","meta":{"_acf_changed":false,"footnotes":""},"class_list":["post-176","page","type-page","status-publish","hentry"],"acf":[],"_links":{"self":[{"href":"https:\/\/www.ufmg.br\/consulta2025\/wp-json\/wp\/v2\/pages\/176"}],"collection":[{"href":"https:\/\/www.ufmg.br\/consulta2025\/wp-json\/wp\/v2\/pages"}],"about":[{"href":"https:\/\/www.ufmg.br\/consulta2025\/wp-json\/wp\/v2\/types\/page"}],"author":[{"embeddable":true,"href":"https:\/\/www.ufmg.br\/consulta2025\/wp-json\/wp\/v2\/users\/1"}],"replies":[{"embeddable":true,"href":"https:\/\/www.ufmg.br\/consulta2025\/wp-json\/wp\/v2\/comments?post=176"}],"version-history":[{"count":12,"href":"https:\/\/www.ufmg.br\/consulta2025\/wp-json\/wp\/v2\/pages\/176\/revisions"}],"predecessor-version":[{"id":268,"href":"https:\/\/www.ufmg.br\/consulta2025\/wp-json\/wp\/v2\/pages\/176\/revisions\/268"}],"wp:attachment":[{"href":"https:\/\/www.ufmg.br\/consulta2025\/wp-json\/wp\/v2\/media?parent=176"}],"curies":[{"name":"wp","href":"https:\/\/api.w.org\/{rel}","templated":true}]}}