{"id":111,"date":"2024-08-02T12:26:15","date_gmt":"2024-08-02T15:26:15","guid":{"rendered":"https:\/\/www.ufmg.br\/contraoassedio\/?page_id=111"},"modified":"2026-03-05T17:05:36","modified_gmt":"2026-03-05T20:05:36","slug":"contato","status":"publish","type":"page","link":"https:\/\/www.ufmg.br\/contraoassedio\/contato\/","title":{"rendered":"Como denunciar"},"content":{"rendered":"\n<p>Den\u00fancias devem ser realizadas pelo site <a href=\"https:\/\/falabr.cgu.gov.br\/web\/home\" data-type=\"link\" data-id=\"https:\/\/falabr.cgu.gov.br\/web\/home\">Fala.BR<\/a>.<\/p>\n\n\n\n<p><\/p>\n\n\n\n<p><strong>Aten\u00e7\u00e3o!<\/strong><br>Estudantes e membros da comunidade externa \u00e0 UFMG devem fazer a den\u00fancia pela aba <em>Ouvidoria<\/em>. Servidores e trabalhadores terceirizados, por sua vez, devem clicar em <em>Ouvidoria Interna<\/em>.<\/p>\n\n\n\n<hr class=\"wp-block-separator has-alpha-channel-opacity\"\/>\n\n\n\n<p><\/p>\n\n\n\n<p>Voc\u00ea pode pedir orienta\u00e7\u00f5es relacionadas \u00e0 den\u00fancia para Ouvidoria da UFMG por e-mail, telefone ou presencialmente.<\/p>\n\n\n\n<p><strong>Telefone:<\/strong> 31 3409-6466<\/p>\n\n\n\n<p><strong>E-mail:<\/strong> ouvidoria@ufmg.br<\/p>\n\n\n\n<p><strong>Localiza\u00e7\u00e3o e funcionamento:<\/strong> Unidade Administrativa III da UFMG &#8211; 2\u00ba andar <\/p>\n\n\n\n<p>De segunda a sexta, das 8h \u00e0s 17h.<\/p>\n\n\n\n<p><\/p>\n\n\n\n<p><\/p>\n","protected":false},"excerpt":{"rendered":"<p>Den\u00fancias devem ser realizadas pelo site Fala.BR. Aten\u00e7\u00e3o!Estudantes e membros da comunidade externa \u00e0 UFMG devem fazer a den\u00fancia pela aba Ouvidoria. Servidores e trabalhadores terceirizados, por sua vez, devem clicar em Ouvidoria Interna. Voc\u00ea pode pedir orienta\u00e7\u00f5es relacionadas \u00e0 den\u00fancia para Ouvidoria da UFMG por e-mail, telefone ou presencialmente. Telefone: 31 3409-6466 E-mail: ouvidoria@ufmg.br [&hellip;]<\/p>\n","protected":false},"author":1,"featured_media":0,"parent":0,"menu_order":0,"comment_status":"closed","ping_status":"closed","template":"","meta":{"_acf_changed":false,"footnotes":""},"class_list":["post-111","page","type-page","status-publish","hentry"],"acf":[],"_links":{"self":[{"href":"https:\/\/www.ufmg.br\/contraoassedio\/wp-json\/wp\/v2\/pages\/111"}],"collection":[{"href":"https:\/\/www.ufmg.br\/contraoassedio\/wp-json\/wp\/v2\/pages"}],"about":[{"href":"https:\/\/www.ufmg.br\/contraoassedio\/wp-json\/wp\/v2\/types\/page"}],"author":[{"embeddable":true,"href":"https:\/\/www.ufmg.br\/contraoassedio\/wp-json\/wp\/v2\/users\/1"}],"replies":[{"embeddable":true,"href":"https:\/\/www.ufmg.br\/contraoassedio\/wp-json\/wp\/v2\/comments?post=111"}],"version-history":[{"count":24,"href":"https:\/\/www.ufmg.br\/contraoassedio\/wp-json\/wp\/v2\/pages\/111\/revisions"}],"predecessor-version":[{"id":512,"href":"https:\/\/www.ufmg.br\/contraoassedio\/wp-json\/wp\/v2\/pages\/111\/revisions\/512"}],"wp:attachment":[{"href":"https:\/\/www.ufmg.br\/contraoassedio\/wp-json\/wp\/v2\/media?parent=111"}],"curies":[{"name":"wp","href":"https:\/\/api.w.org\/{rel}","templated":true}]}}