{"id":184,"date":"2025-12-02T15:28:52","date_gmt":"2025-12-02T18:28:52","guid":{"rendered":"https:\/\/www.ufmg.br\/contraoassedio\/?page_id=184"},"modified":"2026-03-06T07:33:57","modified_gmt":"2026-03-06T10:33:57","slug":"o-que-e-assedio","status":"publish","type":"page","link":"https:\/\/www.ufmg.br\/contraoassedio\/o-que-e-assedio\/","title":{"rendered":"O que \u00e9 ass\u00e9dio"},"content":{"rendered":"\n<p>Segundo a resolu\u00e7\u00e3o da UFMG <a href=\"https:\/\/www.ufmg.br\/contraoassedio\/wp-content\/uploads\/2026\/01\/resolucao-ufmg-contra-o-assedio.pdf\" data-type=\"link\" data-id=\"https:\/\/www.ufmg.br\/contraoassedio\/wp-content\/uploads\/2025\/12\/Politica-de-Enfrentamento-ao-Assedio-UFMG.pdf\" target=\"_blank\" rel=\"noreferrer noopener\">n\u00ba 07\/2025<\/a>, de 16 de setembro de 2025, ass\u00e9dio \u00e9 qualquer a\u00e7\u00e3o ou omiss\u00e3o que provoque ou possa provocar dano f\u00edsico, psicol\u00f3gico, sexual, moral, econ\u00f4mico ou de outra natureza, como amea\u00e7a ou a\u00e7\u00e3o consumada, praticada por um membro da comunidade universit\u00e1ria no \u00e2mbito da UFMG.<\/p>\n\n\n\n<p>As pr\u00e1ticas tamb\u00e9m podem ser motivadas por discrimina\u00e7\u00f5es relacionadas a g\u00eanero, orienta\u00e7\u00e3o sexual, ra\u00e7a\/etnia, nacionalidade, tradi\u00e7\u00f5es e h\u00e1bitos culturais, liberdade de cren\u00e7a ou de n\u00e3o crer, classe social, defici\u00eancia ou idade.<\/p>\n\n\n\n<p><strong>Tipos de ass\u00e9dio<\/strong><\/p>\n\n\n\n<p><\/p>\n\n\n\n<details class=\"wp-block-details has-white-color has-text-color has-background has-link-color wp-elements-afda412ca9187365013fe004f44809c7 is-layout-flow wp-block-details-is-layout-flow\" style=\"background-color:#31505c\"><summary><strong>Ass\u00e9dio sexual<\/strong><\/summary>\n<p class=\"has-black-color has-white-background-color has-text-color has-background has-link-color wp-elements-1c59549590c946f69c0ba528d1e25b05\">S\u00e3o a\u00e7\u00f5es de conota\u00e7\u00e3o sexual que ocorrem sem consentimento e buscam constranger e perturbar a v\u00edtima. <br><br><strong>Exemplos:<\/strong><br>&#8211; Constranger com piadas de duplo sentido ou fazer alus\u00f5es que produzam embara\u00e7o;<br>&#8211; Fazer insinua\u00e7\u00f5es, expl\u00edcitas ou veladas, por meio de comunica\u00e7\u00e3o verbal ou escrita, olhares, gestos, entre outras formas;<\/p>\n<\/details>\n\n\n\n<p><\/p>\n\n\n\n<details class=\"wp-block-details has-white-color has-text-color has-background has-link-color wp-elements-83c7bd75355d132ef45ac0c49ba03c88 is-layout-flow wp-block-details-is-layout-flow\" style=\"background-color:#31505c\"><summary><strong>Ass\u00e9dio psicol\u00f3gico<\/strong> <\/summary>\n<p class=\"has-black-color has-white-background-color has-text-color has-background has-link-color wp-elements-ac35907bb5488851e6545d119e7fe895\">Ocorre quando uma pessoa ou um grupo de pessoas exercem quaisquer formas de abuso sobre outras com o intuito de afetar seu bem-estar e sua sa\u00fade mental. <\/p>\n<\/details>\n\n\n\n<p><\/p>\n\n\n\n<details class=\"wp-block-details has-white-color has-text-color has-background has-link-color wp-elements-80bea27b4a22147bed242902a480f538 is-layout-flow wp-block-details-is-layout-flow\" style=\"background-color:#31505c\"><summary><strong><strong>Ass\u00e9dio cibern\u00e9tico<\/strong><\/strong><\/summary>\n<p class=\"has-black-color has-white-background-color has-text-color has-background has-link-color wp-elements-4f535fb26a4e91d35d72b7b24fa0b614\">S\u00e3o os casos de ass\u00e9dio que acontecem em meios eletr\u00f4nicos, como e-mail, redes sociais, e mensagens de texto.<br><br><strong>Exemplos:<\/strong><br>&#8211; Enviar imagens de cunho sexual sem o consentimento da outra pessoa; <br>&#8211; Postar coment\u00e1rios preconceituosos direcionados a uma pessoa ou a um grupo de pessoas nas redes sociais. <\/p>\n<\/details>\n\n\n\n<p><\/p>\n\n\n\n<details class=\"wp-block-details has-white-color has-text-color has-background has-link-color wp-elements-967b4613831f1f18241cf23ef471b6a7 is-layout-flow wp-block-details-is-layout-flow\" style=\"background-color:#31505c\"><summary><strong>Ass\u00e9dio descendente<\/strong><\/summary>\n<p class=\"has-black-color has-white-background-color has-text-color has-background has-link-color wp-elements-b0dabc142bc054ef7ea8a12995e9179f\">Procedentes de n\u00edveis hier\u00e1rquicos superiores.<br><br>*O abuso de poder hier\u00e1rquico configura circunst\u00e2ncia agravante nos casos de ass\u00e9dio e demais formas de viol\u00eancia, conforme disposto no texto da resolu\u00e7\u00e3o.<\/p>\n\n\n\n<p class=\"has-black-color has-white-background-color has-text-color has-background has-link-color wp-elements-c1ac6d52f5254b49cf2910482eaff28b\"><\/p>\n<\/details>\n\n\n\n<p><\/p>\n\n\n\n<details class=\"wp-block-details has-white-color has-text-color has-background has-link-color wp-elements-61e0b42bec15b98fb31c1b862eccac57 is-layout-flow wp-block-details-is-layout-flow\" style=\"background-color:#31505c\"><summary><strong>Ass\u00e9dio horizontal<\/strong><\/summary>\n<p class=\"has-black-color has-white-background-color has-text-color has-background has-link-color wp-elements-b7b383676bbb0f753b666b52803838a7\">Procedente do mesmo n\u00edvel hier\u00e1rquico.<\/p>\n<\/details>\n\n\n\n<p><\/p>\n\n\n\n<details class=\"wp-block-details has-white-color has-text-color has-background has-link-color wp-elements-772664989c8bdee5dd8e855d1d0cabeb is-layout-flow wp-block-details-is-layout-flow\" style=\"background-color:#31505c\"><summary><strong>Ass\u00e9dio ascendente<\/strong><\/summary>\n<p class=\"has-black-color has-white-background-color has-text-color has-background has-link-color wp-elements-001a5c76dd5ee70d9d283db432142976\">Procedente de n\u00edveis hier\u00e1rquicos inferiores.<\/p>\n<\/details>\n\n\n\n<p><\/p>\n\n\n\n<hr class=\"wp-block-separator has-alpha-channel-opacity\"\/>\n\n\n\n<p><\/p>\n\n\n\n<h3 class=\"wp-block-heading\">Saiba diferenciar<\/h3>\n\n\n\n<p><\/p>\n\n\n\n<p><strong>Pr\u00e1ticas que caracterizam ass\u00e9dio:<\/strong><\/p>\n\n\n\n<ul class=\"wp-block-list\">\n<li>perseguir;<\/li>\n\n\n\n<li>desqualificar;<\/li>\n\n\n\n<li>impedir falas em \u00f3rg\u00e3os coletivos;<\/li>\n\n\n\n<li>impedir ou prejudicar, de maneira injustificada, progress\u00e3o ou promo\u00e7\u00e3o na carreira e ascens\u00e3o a cargos de gest\u00e3o;<\/li>\n\n\n\n<li>isolar, sem justificativa, de atividades acad\u00eamicas ou profissionais;<\/li>\n\n\n\n<li>obrigar a execu\u00e7\u00e3o de tarefas degradantes ou incompat\u00edveis com as atribui\u00e7\u00f5es;<\/li>\n\n\n\n<li>ignorar laudos e atestados m\u00e9dicos;<\/li>\n\n\n\n<li>zombar de capacidades f\u00edsicas ou psicol\u00f3gicas;<\/li>\n\n\n\n<li>discriminar algu\u00e9m devido a sua etnia, ra\u00e7a, sexo, sexualidade, classe social, entre outras vulnerabilidades.<\/li>\n<\/ul>\n\n\n\n<p><\/p>\n\n\n\n<p><strong>Pr\u00e1ticas que N\u00c3O caracterizam ass\u00e9dio:<\/strong><\/p>\n\n\n\n<ul class=\"wp-block-list\">\n<li>Atos de gest\u00e3o administrativa, como:\n<ul class=\"wp-block-list\">\n<li>atribuir tarefas;<\/li>\n\n\n\n<li>organizar, gerenciar e controlar o desenvolvimento das atividades;<\/li>\n\n\n\n<li>transferir a pessoa para outro local de trabalho;<\/li>\n\n\n\n<li>destituir cargos e fun\u00e7\u00f5es comissionados;<\/li>\n\n\n\n<li>exigir o cumprimento da carga hor\u00e1ria di\u00e1ria de trabalho;<\/li>\n<\/ul>\n<\/li>\n\n\n\n<li>Exigir o bom cumprimento das atividades profissionais e acad\u00eamicas;<\/li>\n\n\n\n<li>As condi\u00e7\u00f5es f\u00edsicas estruturais do ambiente (como pouca ventila\u00e7\u00e3o), desde que a pessoa n\u00e3o tenha sido colocada ali intencionalmente como forma de puni\u00e7\u00e3o ou humilha\u00e7\u00e3o p\u00fablica.<\/li>\n<\/ul>\n\n\n\n<p><br><\/p>\n\n\n\n<p><\/p>\n\n\n\n<p><\/p>\n","protected":false},"excerpt":{"rendered":"<p>Segundo a resolu\u00e7\u00e3o da UFMG n\u00ba 07\/2025, de 16 de setembro de 2025, ass\u00e9dio \u00e9 qualquer a\u00e7\u00e3o ou omiss\u00e3o que provoque ou possa provocar dano f\u00edsico, psicol\u00f3gico, sexual, moral, econ\u00f4mico ou de outra natureza, como amea\u00e7a ou a\u00e7\u00e3o consumada, praticada por um membro da comunidade universit\u00e1ria no \u00e2mbito da UFMG. As pr\u00e1ticas tamb\u00e9m podem ser [&hellip;]<\/p>\n","protected":false},"author":3,"featured_media":0,"parent":0,"menu_order":0,"comment_status":"closed","ping_status":"closed","template":"","meta":{"_acf_changed":false,"footnotes":""},"class_list":["post-184","page","type-page","status-publish","hentry"],"acf":[],"_links":{"self":[{"href":"https:\/\/www.ufmg.br\/contraoassedio\/wp-json\/wp\/v2\/pages\/184"}],"collection":[{"href":"https:\/\/www.ufmg.br\/contraoassedio\/wp-json\/wp\/v2\/pages"}],"about":[{"href":"https:\/\/www.ufmg.br\/contraoassedio\/wp-json\/wp\/v2\/types\/page"}],"author":[{"embeddable":true,"href":"https:\/\/www.ufmg.br\/contraoassedio\/wp-json\/wp\/v2\/users\/3"}],"replies":[{"embeddable":true,"href":"https:\/\/www.ufmg.br\/contraoassedio\/wp-json\/wp\/v2\/comments?post=184"}],"version-history":[{"count":35,"href":"https:\/\/www.ufmg.br\/contraoassedio\/wp-json\/wp\/v2\/pages\/184\/revisions"}],"predecessor-version":[{"id":515,"href":"https:\/\/www.ufmg.br\/contraoassedio\/wp-json\/wp\/v2\/pages\/184\/revisions\/515"}],"wp:attachment":[{"href":"https:\/\/www.ufmg.br\/contraoassedio\/wp-json\/wp\/v2\/media?parent=184"}],"curies":[{"name":"wp","href":"https:\/\/api.w.org\/{rel}","templated":true}]}}