{"id":198,"date":"2025-12-02T15:37:08","date_gmt":"2025-12-02T18:37:08","guid":{"rendered":"https:\/\/www.ufmg.br\/contraoassedio\/?page_id=198"},"modified":"2026-03-03T14:47:24","modified_gmt":"2026-03-03T17:47:24","slug":"resolucao","status":"publish","type":"page","link":"https:\/\/www.ufmg.br\/contraoassedio\/resolucao\/","title":{"rendered":"Resolu\u00e7\u00e3o"},"content":{"rendered":"\n<p><a href=\"https:\/\/www.ufmg.br\/comunicacao\/noticias\/institucional\/conselho-universitario-aprova-politica-de-enfrentamento-ao-assedio-e-a-violencia\/\" target=\"_blank\" rel=\"noreferrer noopener\">Aprovada pelo Conselho Universit\u00e1rio no dia 16 de setembro de 2025<\/a>, a pol\u00edtica institucional de enfrentamento \u00e0 viol\u00eancia e ao ass\u00e9dio da UFMG define o que s\u00e3o essa pr\u00e1ticas e estabelece procedimentos de preven\u00e7\u00e3o, de den\u00fancia e de acolhimento.<\/p>\n\n\n\n<p>A resolu\u00e7\u00e3o traz a seguinte defini\u00e7\u00e3o geral para viol\u00eancia e\/ou ass\u00e9dio na Universidade: <\/p>\n\n\n\n<blockquote class=\"wp-block-quote is-layout-flow wp-block-quote-is-layout-flow\">\n<figure class=\"wp-block-pullquote has-text-align-center is-style-default has-black-color has-white-background-color has-text-color has-background has-link-color has-medium-font-size wp-elements-033e4039c8cb1e715c294c075ea0bfec\" style=\"border-style:none;border-width:0px;border-radius:76px;font-style:italic;font-weight:400\"><blockquote><p>qualquer a\u00e7\u00e3o ou omiss\u00e3o que provoque ou possa provocar dano f\u00edsico, psicol\u00f3gico, <br>sexual, moral, econ\u00f4mico ou de outra natureza, como amea\u00e7a ou a\u00e7\u00e3o consumada, <br>praticada por um membro da comunidade universit\u00e1ria no \u00e2mbito da UFMG.<\/p><\/blockquote><\/figure>\n<\/blockquote>\n\n\n\n<p>A normativa determina que essa defini\u00e7\u00e3o alcan\u00e7a tanto as pr\u00e1ticas de ass\u00e9dio descendentes (isto \u00e9, vindos de n\u00edveis hier\u00e1rquicos superiores) quanto as horizontais (procedentes de mesmo n\u00edvel hier\u00e1rquico) e ascendentes (provenientes de n\u00edveis hier\u00e1rquicos inferiores).<\/p>\n\n\n\n<p>Os ass\u00e9dios podem ser caracterizados como sexual, moral e psicol\u00f3gico e podem ser motivados por discrimina\u00e7\u00e3o de grupos vulner\u00e1veis. Al\u00e9m de caracterizar os tipos de ass\u00e9dio, o texto \u00e9 categ\u00f3rico ao afirmar que, no \u00e2mbito acad\u00eamico ou profissional, as viol\u00eancias podem ocorrer tanto presencialmente quanto no ambiente virtual.<\/p>\n\n\n\n<p>Acesse a resolu\u00e7\u00e3o <a href=\"https:\/\/www.ufmg.br\/contraoassedio\/wp-content\/uploads\/2026\/01\/resolucao-ufmg-contra-o-assedio.pdf\" data-type=\"link\" data-id=\"https:\/\/www.ufmg.br\/contraoassedio\/wp-content\/uploads\/2025\/12\/Politica-de-Enfrentamento-ao-Assedio-UFMG.pdf\" target=\"_blank\" rel=\"noreferrer noopener\"><strong>aqui<\/strong><\/a>.<\/p>\n\n\n\n<p><\/p>\n\n\n\n<hr class=\"wp-block-separator has-alpha-channel-opacity\"\/>\n\n\n\n<p><\/p>\n\n\n\n<p><\/p>\n\n\n\n<h3 class=\"wp-block-heading\">Quem elaborou<\/h3>\n\n\n\n<p><\/p>\n\n\n\n<p><a href=\"https:\/\/www3.ufmg.br\/comunicacao\/noticias\/comissao-vai-propor-politica-de-enfrentamento-ao-assedio-na-ufmg\" target=\"_blank\" rel=\"noreferrer noopener\">Institu\u00edda em outubro de 2023, a comiss\u00e3o<\/a>&nbsp;que formulou o texto foi formada por professores, servidores t\u00e9cnico-administrativos e estudantes. O conte\u00fado da pol\u00edtica foi formulado com base em legisla\u00e7\u00f5es nacionais e internacionais, contemplando ainda cartilhas informativas produzidas por entidades especialistas no tema.<\/p>\n\n\n\n<p><strong>Veja as refer\u00eancias usadas para embasar a resolu\u00e7\u00e3o:<\/strong><\/p>\n\n\n\n<ul class=\"wp-block-list\">\n<li><a href=\"https:\/\/www.planalto.gov.br\/ccivil_03\/constituicao\/constituicao.htm\" data-type=\"link\" data-id=\"https:\/\/www.planalto.gov.br\/ccivil_03\/constituicao\/constituicao.htm\">Art. 3\u00ba da Constitui\u00e7\u00e3o Federal de 1988<\/a><\/li>\n\n\n\n<li><a href=\"https:\/\/www.planalto.gov.br\/ccivil_03\/_ato2023-2026\/2023\/lei\/l14540.htm\" data-type=\"link\" data-id=\"https:\/\/www.planalto.gov.br\/ccivil_03\/_ato2023-2026\/2023\/lei\/l14540.htm\">Lei n\u00ba 14.540:<\/a> Programa de Preven\u00e7\u00e3o e Enfrentamento ao Ass\u00e9dio Sexual e demais Crimes contra a Dignidade Sexual e \u00e0 Viol\u00eancia Sexual no \u00e2mbito da administra\u00e7\u00e3o p\u00fablica, direta e indireta, federal, estadual, distrital e municipal<\/li>\n\n\n\n<li><a href=\"https:\/\/www.gov.br\/mj\/pt-br\/acesso-a-informacao\/governanca\/Programa%20de%20Integridade\/decretos\/decreto-no-12-122-de-30-de-julho-de-2024.pdf\/@@download\/file\" data-type=\"link\" data-id=\"https:\/\/www.gov.br\/mj\/pt-br\/acesso-a-informacao\/governanca\/Programa%20de%20Integridade\/decretos\/decreto-no-12-122-de-30-de-julho-de-2024.pdf\/@@download\/file\">Decreto n\u00ba 12.122:<\/a> Programa Federal de Preven\u00e7\u00e3o e Enfrentamento do Ass\u00e9dio e da Discrimina\u00e7\u00e3o, no \u00e2mbito da administra\u00e7\u00e3o p\u00fablica federal direta, aut\u00e1rquica e fundacional<\/li>\n\n\n\n<li><a href=\"https:\/\/www.gov.br\/cgu\/pt-br\/assuntos\/noticias\/2024\/12\/cgu-lanca-versao-atualizada-do-guia-lilas-contra-assedios-e-discriminacao-no-governo\/22nov24-vfinal_cgu-guialilas2024.pdf\" data-type=\"link\" data-id=\"https:\/\/www.gov.br\/cgu\/pt-br\/assuntos\/noticias\/2024\/12\/cgu-lanca-versao-atualizada-do-guia-lilas-contra-assedios-e-discriminacao-no-governo\/22nov24-vfinal_cgu-guialilas2024.pdf\">Guia Lil\u00e1s<\/a> da Controladoria-Geral da Uni\u00e3o (CGU)<\/li>\n\n\n\n<li><a href=\"https:\/\/www.planalto.gov.br\/ccivil_03\/decreto\/2002\/d4377.htm\" data-type=\"link\" data-id=\"https:\/\/www.planalto.gov.br\/ccivil_03\/decreto\/2002\/d4377.htm\">Decreto n\u00ba 4.377:<\/a> Conven\u00e7\u00e3o sobre a Elimina\u00e7\u00e3o de Todas as Formas de Discrimina\u00e7\u00e3o contra a Mulher<\/li>\n\n\n\n<li><a href=\"https:\/\/www.planalto.gov.br\/ccivil_03\/_ato2007-2010\/2010\/lei\/l12288.htm\" data-type=\"link\" data-id=\"https:\/\/www.planalto.gov.br\/ccivil_03\/_ato2007-2010\/2010\/lei\/l12288.htm\">Lei n\u00ba 12.288:<\/a> Estatuto da Igualdade Racial<\/li>\n\n\n\n<li><a href=\"https:\/\/www.planalto.gov.br\/ccivil_03\/_ato2015-2018\/2015\/lei\/l13146.htm\" data-type=\"link\" data-id=\"https:\/\/www.planalto.gov.br\/ccivil_03\/_ato2015-2018\/2015\/lei\/l13146.htm\">Lei n\u00ba 13.146:<\/a> Lei Brasileira de Inclus\u00e3o da Pessoa com Defici\u00eancia (Estatuto da Pessoa com Defici\u00eancia<\/li>\n\n\n\n<li><a href=\"https:\/\/www.clam.org.br\/uploads\/conteudo\/principios_de_yogyakarta.pdf\" data-type=\"link\" data-id=\"https:\/\/www.mpf.mp.br\/pfdc\/midiateca\/outras-publicacoes-de-direitos-humanos\/pdfs\/principios-de-yogyakarta-mais-10-2017-1\" target=\"_blank\" rel=\"noreferrer noopener\">Princ\u00edpios de Yogyakarta +10<\/a><\/li>\n\n\n\n<li><a href=\"https:\/\/www2.ufmg.br\/sods\/Sods\/Sobre-a-UFMG\/Estatuto\" data-type=\"link\" data-id=\"https:\/\/www2.ufmg.br\/sods\/Sods\/Sobre-a-UFMG\/Estatuto\">Estatuto da UFMG<\/a><\/li>\n\n\n\n<li><a href=\"https:\/\/www.ufmg.br\/prae\/wp-content\/uploads\/2024\/05\/RESOLUCAO-09-2016-DIREITOS-HUMANOS.pdf\" data-type=\"link\" data-id=\"https:\/\/www.ufmg.br\/prae\/wp-content\/uploads\/2024\/05\/RESOLUCAO-09-2016-DIREITOS-HUMANOS.pdf\" target=\"_blank\" rel=\"noreferrer noopener\">Resolu\u00e7\u00e3o do Conselho Universit\u00e1rio n\u00ba 09\/2016<\/a><\/li>\n<\/ul>\n\n\n\n<p><\/p>\n\n\n\n<p><a href=\"https:\/\/www.instagram.com\/p\/DRha28Wjsil\/?utm_source=ig_embed&amp;utm_campaign=loading\" target=\"_blank\" rel=\"noreferrer noopener\"><\/a><\/p>\n","protected":false},"excerpt":{"rendered":"<p>Aprovada pelo Conselho Universit\u00e1rio no dia 16 de setembro de 2025, a pol\u00edtica institucional de enfrentamento \u00e0 viol\u00eancia e ao ass\u00e9dio da UFMG define o que s\u00e3o essa pr\u00e1ticas e estabelece procedimentos de preven\u00e7\u00e3o, de den\u00fancia e de acolhimento. A resolu\u00e7\u00e3o traz a seguinte defini\u00e7\u00e3o geral para viol\u00eancia e\/ou ass\u00e9dio na Universidade: qualquer a\u00e7\u00e3o ou [&hellip;]<\/p>\n","protected":false},"author":3,"featured_media":0,"parent":0,"menu_order":0,"comment_status":"closed","ping_status":"closed","template":"","meta":{"_acf_changed":false,"footnotes":""},"class_list":["post-198","page","type-page","status-publish","hentry"],"acf":[],"_links":{"self":[{"href":"https:\/\/www.ufmg.br\/contraoassedio\/wp-json\/wp\/v2\/pages\/198"}],"collection":[{"href":"https:\/\/www.ufmg.br\/contraoassedio\/wp-json\/wp\/v2\/pages"}],"about":[{"href":"https:\/\/www.ufmg.br\/contraoassedio\/wp-json\/wp\/v2\/types\/page"}],"author":[{"embeddable":true,"href":"https:\/\/www.ufmg.br\/contraoassedio\/wp-json\/wp\/v2\/users\/3"}],"replies":[{"embeddable":true,"href":"https:\/\/www.ufmg.br\/contraoassedio\/wp-json\/wp\/v2\/comments?post=198"}],"version-history":[{"count":46,"href":"https:\/\/www.ufmg.br\/contraoassedio\/wp-json\/wp\/v2\/pages\/198\/revisions"}],"predecessor-version":[{"id":453,"href":"https:\/\/www.ufmg.br\/contraoassedio\/wp-json\/wp\/v2\/pages\/198\/revisions\/453"}],"wp:attachment":[{"href":"https:\/\/www.ufmg.br\/contraoassedio\/wp-json\/wp\/v2\/media?parent=198"}],"curies":[{"name":"wp","href":"https:\/\/api.w.org\/{rel}","templated":true}]}}