{"id":236,"date":"2025-12-03T13:57:16","date_gmt":"2025-12-03T16:57:16","guid":{"rendered":"https:\/\/www.ufmg.br\/contraoassedio\/?page_id=236"},"modified":"2026-03-05T17:05:55","modified_gmt":"2026-03-05T20:05:55","slug":"ouvidoria","status":"publish","type":"page","link":"https:\/\/www.ufmg.br\/contraoassedio\/ouvidoria\/","title":{"rendered":"Ouvidoria"},"content":{"rendered":"\n<p>A Ouvidoria da UFMG \u00e9 quem acolhe, orienta e encaminha as den\u00fancias para a apura\u00e7\u00e3o. O \u00f3rg\u00e3o atua como mediador e possui o papel institucional de zelar pelo direito \u00e0 manifesta\u00e7\u00e3o e \u00e0 informa\u00e7\u00e3o do cidad\u00e3o.<\/p>\n\n\n\n<p>Para solicitar orienta\u00e7\u00e3o sobre o processo de den\u00fancia, <a href=\"https:\/\/www.ufmg.br\/dgi\/ouvidoria\/\" target=\"_blank\" rel=\"noreferrer noopener\">entre em contato com a Ouvidoria<\/a>.<\/p>\n\n\n\n<p><\/p>\n\n\n\n<hr class=\"wp-block-separator has-alpha-channel-opacity\"\/>\n\n\n\n<p><\/p>\n\n\n\n<p><strong>Funcionamento<\/strong><\/p>\n\n\n\n<p>De segunda a sexta, das 8h \u00e0s 17h.<\/p>\n\n\n\n<p><strong>Telefone:<\/strong> 31 3409-6466<\/p>\n\n\n\n<p><strong>E-mail:<\/strong> ouvidoria@ufmg.br<\/p>\n\n\n\n<p>Unidade Administrativa III da UFMG &#8211; 2\u00ba andar<\/p>\n\n\n\n<p>Para mais informa\u00e7\u00f5es acesse o <a href=\"https:\/\/www.ufmg.br\/dgi\/\" data-type=\"link\" data-id=\"https:\/\/www.ufmg.br\/dgi\/\">site<\/a> da Ouvidoria. <\/p>\n\n\n\n<p><\/p>\n\n\n\n<hr class=\"wp-block-separator has-alpha-channel-opacity\"\/>\n\n\n\n<p><\/p>\n\n\n\n<p><strong>Fluxo simplificado de manifesta\u00e7\u00f5es<\/strong><\/p>\n\n\n\n<p>Depois de registrada na Ouvidoria, sua manifesta\u00e7\u00e3o segue o seguinte percurso:<\/p>\n\n\n\n<figure class=\"wp-block-image size-full\"><img loading=\"lazy\" decoding=\"async\" width=\"979\" height=\"1018\" src=\"https:\/\/www.ufmg.br\/contraoassedio\/wp-content\/uploads\/2026\/03\/Encaminha-para-a-Area-de-Apuracao-4.png\" alt=\"\" class=\"wp-image-446\" srcset=\"https:\/\/www.ufmg.br\/contraoassedio\/wp-content\/uploads\/2026\/03\/Encaminha-para-a-Area-de-Apuracao-4.png 979w, https:\/\/www.ufmg.br\/contraoassedio\/wp-content\/uploads\/2026\/03\/Encaminha-para-a-Area-de-Apuracao-4-289x300.png 289w, https:\/\/www.ufmg.br\/contraoassedio\/wp-content\/uploads\/2026\/03\/Encaminha-para-a-Area-de-Apuracao-4-768x799.png 768w\" sizes=\"(max-width: 979px) 100vw, 979px\" \/><\/figure>\n\n\n\n<p><\/p>\n\n\n\n<p><\/p>\n\n\n\n<p>Veja o fluxo detalhado <a href=\"https:\/\/www.ufmg.br\/contraoassedio\/wp-content\/uploads\/2025\/12\/Fluxos-de-Demandas-Ouvidoria-com-Integridade.pptx.pdf\" data-type=\"link\" data-id=\"https:\/\/www.ufmg.br\/contraoassedio\/wp-content\/uploads\/2025\/12\/Fluxos-de-Demandas-Ouvidoria-com-Integridade.pptx.pdf\" target=\"_blank\" rel=\"noreferrer noopener\">aqui<\/a>.<\/p>\n\n\n\n<p><\/p>\n","protected":false},"excerpt":{"rendered":"<p>A Ouvidoria da UFMG \u00e9 quem acolhe, orienta e encaminha as den\u00fancias para a apura\u00e7\u00e3o. O \u00f3rg\u00e3o atua como mediador e possui o papel institucional de zelar pelo direito \u00e0 manifesta\u00e7\u00e3o e \u00e0 informa\u00e7\u00e3o do cidad\u00e3o. Para solicitar orienta\u00e7\u00e3o sobre o processo de den\u00fancia, entre em contato com a Ouvidoria. Funcionamento De segunda a sexta, [&hellip;]<\/p>\n","protected":false},"author":3,"featured_media":0,"parent":0,"menu_order":0,"comment_status":"closed","ping_status":"closed","template":"","meta":{"_acf_changed":false,"footnotes":""},"class_list":["post-236","page","type-page","status-publish","hentry"],"acf":[],"_links":{"self":[{"href":"https:\/\/www.ufmg.br\/contraoassedio\/wp-json\/wp\/v2\/pages\/236"}],"collection":[{"href":"https:\/\/www.ufmg.br\/contraoassedio\/wp-json\/wp\/v2\/pages"}],"about":[{"href":"https:\/\/www.ufmg.br\/contraoassedio\/wp-json\/wp\/v2\/types\/page"}],"author":[{"embeddable":true,"href":"https:\/\/www.ufmg.br\/contraoassedio\/wp-json\/wp\/v2\/users\/3"}],"replies":[{"embeddable":true,"href":"https:\/\/www.ufmg.br\/contraoassedio\/wp-json\/wp\/v2\/comments?post=236"}],"version-history":[{"count":31,"href":"https:\/\/www.ufmg.br\/contraoassedio\/wp-json\/wp\/v2\/pages\/236\/revisions"}],"predecessor-version":[{"id":513,"href":"https:\/\/www.ufmg.br\/contraoassedio\/wp-json\/wp\/v2\/pages\/236\/revisions\/513"}],"wp:attachment":[{"href":"https:\/\/www.ufmg.br\/contraoassedio\/wp-json\/wp\/v2\/media?parent=236"}],"curies":[{"name":"wp","href":"https:\/\/api.w.org\/{rel}","templated":true}]}}