{"id":279,"date":"2026-01-19T14:47:43","date_gmt":"2026-01-19T17:47:43","guid":{"rendered":"https:\/\/www.ufmg.br\/contraoassedio\/?page_id=279"},"modified":"2026-03-02T12:18:41","modified_gmt":"2026-03-02T15:18:41","slug":"nossa-politica-de-enfrentamento","status":"publish","type":"page","link":"https:\/\/www.ufmg.br\/contraoassedio\/nossa-politica-de-enfrentamento\/","title":{"rendered":"Enfrentamento ao ass\u00e9dio na UFMG"},"content":{"rendered":"\n<p>Em setembro de 2025, o Conselho Universit\u00e1rio aprovou a <a href=\"https:\/\/www.ufmg.br\/contraoassedio\/wp-content\/uploads\/2025\/12\/Politica-de-Enfrentamento-ao-Assedio-UFMG.pdf\" target=\"_blank\" rel=\"noreferrer noopener\">pol\u00edtica institucional\u00a0de enfrentamento \u00e0 viol\u00eancia e ao ass\u00e9dio no \u00e2mbito acad\u00eamico<\/a>. O documento tipifica as pr\u00e1ticas de ass\u00e9dio e de viol\u00eancia; orienta condutas de enfretamento; disp\u00f5e sobre formas de den\u00fancia e acolhimento a v\u00edtimas, sobre os processos administrativos e eventuais san\u00e7\u00f5es disciplinares.<\/p>\n\n\n\n<p>Um dos desdobramentos da pol\u00edtica foi a cria\u00e7\u00e3o da campanha <em><strong>UFMG contra o Ass\u00e9dio<\/strong><\/em>, que tem o objetivo de conscientizar a comunidade universit\u00e1ria sobre:<\/p>\n\n\n\n<ul class=\"wp-block-list\">\n<li>o que \u00e9 (e o que n\u00e3o \u00e9) ass\u00e9dio<\/li>\n\n\n\n<li>como denunciar<\/li>\n\n\n\n<li>o que acontece depois da den\u00fancia<\/li>\n\n\n\n<li>medidas de prote\u00e7\u00e3o \u00e0s v\u00edtimas<\/li>\n\n\n\n<li>san\u00e7\u00f5es cab\u00edveis<\/li>\n<\/ul>\n\n\n\n<p><\/p>\n\n\n\n<p>Para abordar esse tema, a campanha preza por exatid\u00e3o, responsabilidade e sensibilidade. Navegue pelo site e mantenha-se informado(a)!<\/p>\n\n\n\n<p><\/p>\n\n\n\n<p><\/p>\n","protected":false},"excerpt":{"rendered":"<p>Em setembro de 2025, o Conselho Universit\u00e1rio aprovou a pol\u00edtica institucional\u00a0de enfrentamento \u00e0 viol\u00eancia e ao ass\u00e9dio no \u00e2mbito acad\u00eamico. O documento tipifica as pr\u00e1ticas de ass\u00e9dio e de viol\u00eancia; orienta condutas de enfretamento; disp\u00f5e sobre formas de den\u00fancia e acolhimento a v\u00edtimas, sobre os processos administrativos e eventuais san\u00e7\u00f5es disciplinares. Um dos desdobramentos da [&hellip;]<\/p>\n","protected":false},"author":3,"featured_media":0,"parent":0,"menu_order":0,"comment_status":"closed","ping_status":"closed","template":"","meta":{"_acf_changed":false,"footnotes":""},"class_list":["post-279","page","type-page","status-publish","hentry"],"acf":[],"_links":{"self":[{"href":"https:\/\/www.ufmg.br\/contraoassedio\/wp-json\/wp\/v2\/pages\/279"}],"collection":[{"href":"https:\/\/www.ufmg.br\/contraoassedio\/wp-json\/wp\/v2\/pages"}],"about":[{"href":"https:\/\/www.ufmg.br\/contraoassedio\/wp-json\/wp\/v2\/types\/page"}],"author":[{"embeddable":true,"href":"https:\/\/www.ufmg.br\/contraoassedio\/wp-json\/wp\/v2\/users\/3"}],"replies":[{"embeddable":true,"href":"https:\/\/www.ufmg.br\/contraoassedio\/wp-json\/wp\/v2\/comments?post=279"}],"version-history":[{"count":4,"href":"https:\/\/www.ufmg.br\/contraoassedio\/wp-json\/wp\/v2\/pages\/279\/revisions"}],"predecessor-version":[{"id":397,"href":"https:\/\/www.ufmg.br\/contraoassedio\/wp-json\/wp\/v2\/pages\/279\/revisions\/397"}],"wp:attachment":[{"href":"https:\/\/www.ufmg.br\/contraoassedio\/wp-json\/wp\/v2\/media?parent=279"}],"curies":[{"name":"wp","href":"https:\/\/api.w.org\/{rel}","templated":true}]}}