{"id":172,"date":"2023-05-08T14:06:07","date_gmt":"2023-05-08T17:06:07","guid":{"rendered":"https:\/\/www.ufmg.br\/copi-novo\/?page_id=172"},"modified":"2024-07-02T15:26:16","modified_gmt":"2024-07-02T18:26:16","slug":"sobre","status":"publish","type":"page","link":"https:\/\/www.ufmg.br\/copi\/sobre-o-orgao\/sobre\/","title":{"rendered":"Sobre"},"content":{"rendered":"<p><span style=\"font-weight: 400;\">Interagir, integrar, compartilhar, relacionar, dialogar, interligar, referenciar, cambiar \u2026\u00a0 O conjunto de verbos, independente da transitividade, para apresentar e definir a natureza da rela\u00e7\u00e3o [ou melhor, das rela\u00e7\u00f5es] que a Universidade Federal de Minas Gerais mant\u00e9m e desenvolve com outras organiza\u00e7\u00f5es &#8211; p\u00fablicas e privadas -, com o Estado (em suas tr\u00eas esferas &#8211; federal, estadual e municipal), com entidades da sociedade civil e com a pr\u00f3pria comunidade universit\u00e1ria \u00e9, seguramente, vasto, rico e diversificado.\u00a0<\/span><\/p>\n<p><span style=\"font-weight: 400;\">Na UFMG, as intera\u00e7\u00f5es com outros agentes e institui\u00e7\u00f5es sociais, pol\u00edticas, econ\u00f4micas e culturais, \u00e9 uma conduta desejada e praticada, essencial ao pr\u00f3prio sentido e exist\u00eancia da Universidade. Essa intera\u00e7\u00e3o, que resulta em di\u00e1logos diversos e implica produ\u00e7\u00e3o conjunta e no reconhecimento de m\u00faltiplos saberes, faz-se por meio de projetos acad\u00eamicos, materializados em atividades de ensino, pesquisa e extens\u00e3o.\u00a0<\/span><\/p>\n<p><span style=\"font-weight: 400;\">Tamb\u00e9m percebemos a manifesta\u00e7\u00e3o objetiva da UFMG em realizar e aprofundar rela\u00e7\u00f5es com a sociedade no campo institucional, ou seja, nas intera\u00e7\u00f5es que a Universidade empreende enquanto Institui\u00e7\u00e3o Federal de Ensino Superior, orientada pelo interesse p\u00fablico e imbu\u00edda do compromisso de mobilizar esfor\u00e7os para edificar uma sociedade mais justa, plural, inclusiva e diversa. \u00c9 a partir desta premissa que surge a <strong>Diretoria de Coopera\u00e7\u00e3o Institucional (Copi)<\/strong>, estrutura assessora da Administra\u00e7\u00e3o Central do Gabinete da Reitoria.<\/span><\/p>\n<p><span style=\"font-weight: 400;\">A Diretoria de Coopera\u00e7\u00e3o Institucional coloca-se em media\u00e7\u00e3o com diversos atores sociais, identificando, recolhendo e propondo sugest\u00f5es que possam traduzir-se em projetos de ensino, pesquisa, extens\u00e3o e desenvolvimento institucional. A atua\u00e7\u00e3o da Copi ancora-se no princ\u00edpio da autonomia universit\u00e1ria, estabelecida e abrigada na Constitui\u00e7\u00e3o Brasileira<\/span><span style=\"font-weight: 400;\">: a UFMG, na condi\u00e7\u00e3o de institui\u00e7\u00e3o aut\u00f4noma, promove a reflex\u00e3o cr\u00edtica e plural, inspirada nos ideais de liberdade e de solidariedade humana, constituindo-se em \u201cve\u00edculo de desenvolvimento regional, nacional e internacional\u201d e no interesse de seus objetivos, procura \u201cmanter coopera\u00e7\u00e3o cultural com institui\u00e7\u00f5es nacionais, internacionais e estrangeiras\u201d (<a href=\"http:\/\/www.planalto.gov.br\/ccivil_03\/Constituicao\/Pec\/msg1078-951015.htm#:~:text=%22Art.,entre%20ensino%2C%20pesquisa%20e%20extens%C3%A3o\">Art. 207<\/a>)<\/span><span style=\"font-weight: 400;\">.<\/span><\/p>\n<p><span style=\"font-weight: 400;\">Atualmente, a atua\u00e7\u00e3o da Copi d\u00e1-se por meio de tr\u00eas frentes: o cerimonial do Gabinete da Reitoria; a assessoria junto ao Legislativo e outras inst\u00e2ncias do poder p\u00fablico; e a gest\u00e3o de iniciativas para fortalecer a rela\u00e7\u00e3o entre a Universidade, egressos e egressas, programa que recebe o nome de Sempre UFMG. H\u00e1 ainda um quarto vetor, o Programa Parceiros, que ainda acontece de forma perif\u00e9rica, mas a sua matura\u00e7\u00e3o \u00e9 um dos prop\u00f3sitos da Diretoria de Coopera\u00e7\u00e3o Institucional para os pr\u00f3ximos anos<\/span><span style=\"font-weight: 400;\">. <\/span><\/p>\n<p>Este site pretende auxiliar o usu\u00e1rio e a usu\u00e1ria da Internet a ter acesso a informa\u00e7\u00f5es relacionadas a cada \u00e1rea de atua\u00e7\u00e3o. A proposta, desejo e objetivo da UFMG, por meio deste conjunto de p\u00e1ginas web interligadas, \u00e9 ampliar os dispositivos de <em>accountabilit<\/em>y por meio do acesso e controle p\u00fablico sobre o que faz a Universidade.<\/p>\n<p><a href=\"https:\/\/www.ufmg.br\/copi\/sobre-o-orgao\/equipe\/\">Conhe\u00e7a a Equipe<\/a><\/p>\n","protected":false},"excerpt":{"rendered":"<p>Interagir, integrar, compartilhar, relacionar, dialogar, interligar, referenciar, cambiar \u2026\u00a0 O [&hellip;]<\/p>\n","protected":false},"author":2,"featured_media":0,"parent":49,"menu_order":1,"comment_status":"closed","ping_status":"closed","template":"","meta":{"footnotes":""},"acf":[],"_links":{"self":[{"href":"https:\/\/www.ufmg.br\/copi\/wp-json\/wp\/v2\/pages\/172"}],"collection":[{"href":"https:\/\/www.ufmg.br\/copi\/wp-json\/wp\/v2\/pages"}],"about":[{"href":"https:\/\/www.ufmg.br\/copi\/wp-json\/wp\/v2\/types\/page"}],"author":[{"embeddable":true,"href":"https:\/\/www.ufmg.br\/copi\/wp-json\/wp\/v2\/users\/2"}],"replies":[{"embeddable":true,"href":"https:\/\/www.ufmg.br\/copi\/wp-json\/wp\/v2\/comments?post=172"}],"version-history":[{"count":9,"href":"https:\/\/www.ufmg.br\/copi\/wp-json\/wp\/v2\/pages\/172\/revisions"}],"predecessor-version":[{"id":3863,"href":"https:\/\/www.ufmg.br\/copi\/wp-json\/wp\/v2\/pages\/172\/revisions\/3863"}],"up":[{"embeddable":true,"href":"https:\/\/www.ufmg.br\/copi\/wp-json\/wp\/v2\/pages\/49"}],"wp:attachment":[{"href":"https:\/\/www.ufmg.br\/copi\/wp-json\/wp\/v2\/media?parent=172"}],"curies":[{"name":"wp","href":"https:\/\/api.w.org\/{rel}","templated":true}]}}