{"id":185,"date":"2023-05-08T14:20:44","date_gmt":"2023-05-08T17:20:44","guid":{"rendered":"https:\/\/www.ufmg.br\/copi-novo\/?page_id=185"},"modified":"2023-11-24T12:05:22","modified_gmt":"2023-11-24T15:05:22","slug":"medalha-mendes-pimentel","status":"publish","type":"page","link":"https:\/\/www.ufmg.br\/copi\/cerimonial\/medalha-mendes-pimentel\/","title":{"rendered":"Medalha Mendes Pimentel"},"content":{"rendered":"<div id=\"attachment_3910\" style=\"width: 305px\" class=\"wp-caption aligncenter\"><img aria-describedby=\"caption-attachment-3910\" decoding=\"async\" loading=\"lazy\" class=\"wp-image-3910 size-full\" src=\"https:\/\/www.ufmg.br\/copi\/wp-content\/uploads\/2023\/10\/Captura-de-Tela-2022-04-26-as-13.04.10.png\" alt=\"\" width=\"295\" height=\"411\" srcset=\"https:\/\/www.ufmg.br\/copi\/wp-content\/uploads\/2023\/10\/Captura-de-Tela-2022-04-26-as-13.04.10.png 295w, https:\/\/www.ufmg.br\/copi\/wp-content\/uploads\/2023\/10\/Captura-de-Tela-2022-04-26-as-13.04.10-215x300.png 215w\" sizes=\"(max-width: 295px) 100vw, 295px\" \/><p id=\"caption-attachment-3910\" class=\"wp-caption-text\">Francisco Mendes Pimentel, primeiro reitor da Universidade<\/p><\/div>\n<p>A Medalha Reitor Mendes Pimentel \u00e9 uma condecora\u00e7\u00e3o criada pela Universidade Federal de Minas Gerais com a finalidade de agraciar institui\u00e7\u00f5es e personalidades que se destacam por contribui\u00e7\u00e3o relevante \u00e0 UFMG.<\/p>\n<p>Institu\u00edda pela Portaria n\u00ba 2.048, de 4 de setembro de 2000, a medalha \u00e9 tamb\u00e9m uma forma da UFMG homenagear seu primeiro dirigente, <a href=\"https:\/\/www.ufmg.br\/copi\/breve-biografia-de-francisco-mendes-pimentel\/\">Francisco Mendes Pimentel<\/a>, que coordenou a cria\u00e7\u00e3o da Universidade de Minas Gerais (UMG).<\/p>\n<div id=\"attachment_3911\" style=\"width: 310px\" class=\"wp-caption alignright\"><img aria-describedby=\"caption-attachment-3911\" decoding=\"async\" loading=\"lazy\" class=\"wp-image-3911 size-medium\" src=\"https:\/\/www.ufmg.br\/copi\/wp-content\/uploads\/2023\/10\/medalha-e1661970057273-300x258.jpg\" alt=\"\" width=\"300\" height=\"258\" srcset=\"https:\/\/www.ufmg.br\/copi\/wp-content\/uploads\/2023\/10\/medalha-e1661970057273-300x258.jpg 300w, https:\/\/www.ufmg.br\/copi\/wp-content\/uploads\/2023\/10\/medalha-e1661970057273.jpg 473w\" sizes=\"(max-width: 300px) 100vw, 300px\" \/><p id=\"caption-attachment-3911\" class=\"wp-caption-text\">Medalha Reitor Mendes Pimentel \u2013 edi\u00e7\u00e3o dos 90 anos da UFMG<\/p><\/div>\n<p>Concedida pela primeira vez em 2007, a entrega da Medalha ocorreu ainda nos anos de 2009, 2011, 2017 e 2019. At\u00e9 sua quinta edi\u00e7\u00e3o, 29 personalidades\/institui\u00e7\u00f5es foram agraciados com a Medalha. Acesse aqui a <a href=\"https:\/\/www.ufmg.br\/copi\/wp-content\/uploads\/2023\/11\/Portaria-Medalha-de-Honra-UFMG.pdf\">Portaria n\u00ba 9110<\/a>, de 06 de outubro de 2023, que orienta sobre a realiza\u00e7\u00e3o do pr\u00f3ximo evento no qual se dar\u00e1 a concess\u00e3o da medalha, a ser realizado em 2024.<\/p>\n\n\n<div class=\"wp-block-buttons is-layout-flex wp-block-buttons-is-layout-flex\">\n<div class=\"wp-block-button\"><a class=\"wp-block-button__link has-white-color has-text-color has-background has-link-color wp-element-button\" href=\"https:\/\/www.ufmg.br\/copi\/cerimonial\/medalha-mendes-pimentel\/2007-2\/\" style=\"background-color:#65684c\">2007<\/a><\/div>\n\n\n\n<div class=\"wp-block-button is-style-fill\"><a class=\"wp-block-button__link has-white-color has-text-color has-background has-link-color wp-element-button\" href=\"https:\/\/www.ufmg.br\/copi\/cerimonial\/medalha-mendes-pimentel\/2009-2\/\" style=\"background-color:#65684c\">2009<\/a><\/div>\n\n\n\n<div class=\"wp-block-button is-style-fill\"><a class=\"wp-block-button__link has-white-color has-text-color has-background has-link-color wp-element-button\" href=\"https:\/\/www.ufmg.br\/copi\/cerimonial\/medalha-mendes-pimentel\/homenageados-de-2011\/\" style=\"background-color:#65684c\">2011<\/a><\/div>\n\n\n\n<div class=\"wp-block-button is-style-fill\"><a class=\"wp-block-button__link has-white-color has-text-color has-background has-link-color wp-element-button\" href=\"https:\/\/www.ufmg.br\/copi\/cerimonial\/medalha-mendes-pimentel\/homenageados-de-2017\/\" style=\"background-color:#65684c\">2017<\/a><\/div>\n\n\n\n<div class=\"wp-block-button is-style-fill\"><a class=\"wp-block-button__link has-white-color has-text-color has-background has-link-color wp-element-button\" href=\"https:\/\/www.ufmg.br\/copi\/cerimonial\/medalha-mendes-pimentel\/laureados-do-ano-2019\/\" style=\"background-color:#65684c\">2019<\/a><\/div>\n\n\n\n<div class=\"wp-block-button is-style-fill\"><a class=\"wp-block-button__link has-white-color has-text-color has-background has-link-color wp-element-button\" href=\"https:\/\/www.ufmg.br\/copi\/cerimonial\/medalha-mendes-pimentel\/laureados-do-ano-2022\/\" style=\"background-color:#65684c\">2022<\/a><\/div>\n<\/div>\n","protected":false},"excerpt":{"rendered":"<p>A Medalha Reitor Mendes Pimentel \u00e9 uma condecora\u00e7\u00e3o criada pela [&hellip;]<\/p>\n","protected":false},"author":2,"featured_media":0,"parent":248,"menu_order":0,"comment_status":"closed","ping_status":"closed","template":"","meta":{"footnotes":""},"acf":[],"_links":{"self":[{"href":"https:\/\/www.ufmg.br\/copi\/wp-json\/wp\/v2\/pages\/185"}],"collection":[{"href":"https:\/\/www.ufmg.br\/copi\/wp-json\/wp\/v2\/pages"}],"about":[{"href":"https:\/\/www.ufmg.br\/copi\/wp-json\/wp\/v2\/types\/page"}],"author":[{"embeddable":true,"href":"https:\/\/www.ufmg.br\/copi\/wp-json\/wp\/v2\/users\/2"}],"replies":[{"embeddable":true,"href":"https:\/\/www.ufmg.br\/copi\/wp-json\/wp\/v2\/comments?post=185"}],"version-history":[{"count":22,"href":"https:\/\/www.ufmg.br\/copi\/wp-json\/wp\/v2\/pages\/185\/revisions"}],"predecessor-version":[{"id":3982,"href":"https:\/\/www.ufmg.br\/copi\/wp-json\/wp\/v2\/pages\/185\/revisions\/3982"}],"up":[{"embeddable":true,"href":"https:\/\/www.ufmg.br\/copi\/wp-json\/wp\/v2\/pages\/248"}],"wp:attachment":[{"href":"https:\/\/www.ufmg.br\/copi\/wp-json\/wp\/v2\/media?parent=185"}],"curies":[{"name":"wp","href":"https:\/\/api.w.org\/{rel}","templated":true}]}}