{"id":187,"date":"2023-05-08T14:21:52","date_gmt":"2023-05-08T17:21:52","guid":{"rendered":"https:\/\/www.ufmg.br\/copi-novo\/?page_id=187"},"modified":"2025-02-10T15:27:54","modified_gmt":"2025-02-10T18:27:54","slug":"medalha-de-honra","status":"publish","type":"page","link":"https:\/\/www.ufmg.br\/copi\/sempreufmg\/medalha-de-honra\/","title":{"rendered":"Medalha de Honra"},"content":{"rendered":"<p>A cada quatro anos, a Universidade homenageia egressos e egressas com trajet\u00f3ria destacada fora da Institui\u00e7\u00e3o e que tenham reconhecidas a\u00e7\u00f5es em benef\u00edcio da sociedade. A entrega das medalhas acontece no dia 7 de setembro, data na qual \u00e9 comemorado o anivers\u00e1rio de funda\u00e7\u00e3o da Universidade de Minas Gerais (UMG), que em 1949 seria federalizada, passando a ser denominada Universidade Federal de Minas Gerais (UFMG). A Medalha de Honra UFMG foi institu\u00edda em 2000.<\/p>\n<p>Confira a lista de homenageados e homenageadas a partir do ano da cerim\u00f4nia de entrega da Medalha de Honra UFMG.<\/p>\n<div id=\"attachment_3906\" style=\"width: 273px\" class=\"wp-caption alignnone\"><img aria-describedby=\"caption-attachment-3906\" decoding=\"async\" loading=\"lazy\" class=\"wp-image-3906 size-full\" src=\"https:\/\/www.ufmg.br\/copi\/wp-content\/uploads\/2023\/10\/Captura-de-Tela-2021-11-07-as-20.50.58.png\" alt=\"\" width=\"263\" height=\"351\" srcset=\"https:\/\/www.ufmg.br\/copi\/wp-content\/uploads\/2023\/10\/Captura-de-Tela-2021-11-07-as-20.50.58.png 263w, https:\/\/www.ufmg.br\/copi\/wp-content\/uploads\/2023\/10\/Captura-de-Tela-2021-11-07-as-20.50.58-225x300.png 225w\" sizes=\"(max-width: 263px) 100vw, 263px\" \/><p id=\"caption-attachment-3906\" class=\"wp-caption-text\">Medalha de Honra UFMG (Foto: Foca Lisboa); homenagem vem acompanhada de um diploma especialmente produzido para cada ocasi\u00e3o<\/p><\/div>\n\n\n<div class=\"wp-block-columns is-layout-flex wp-container-core-columns-is-layout-1 wp-block-columns-is-layout-flex\">\n<div class=\"wp-block-column is-layout-flow wp-block-column-is-layout-flow\" style=\"flex-basis:100%\">\n<div class=\"wp-block-group\"><div class=\"wp-block-group__inner-container is-layout-constrained wp-block-group-is-layout-constrained\">\n<div class=\"wp-block-buttons is-horizontal is-content-justification-center is-layout-flex wp-container-core-buttons-is-layout-1 wp-block-buttons-is-layout-flex\">\n<div class=\"wp-block-button\"><a class=\"wp-block-button__link has-white-color has-text-color has-background has-link-color wp-element-button\" href=\"https:\/\/www.ufmg.br\/copi\/sempreufmg\/medalha-de-honra\/laureados-do-ano-2000\/\" style=\"background-color:#65684c\">2000<\/a><\/div>\n\n\n\n<div class=\"wp-block-button\"><a class=\"wp-block-button__link has-white-color has-text-color has-background has-link-color wp-element-button\" href=\"https:\/\/www.ufmg.br\/copi\/sempreufmg\/medalha-de-honra\/laureados-do-ano-2001\/\" style=\"background-color:#65684c\">2001<\/a><\/div>\n\n\n\n<div class=\"wp-block-button\"><a class=\"wp-block-button__link has-white-color has-text-color has-background has-link-color wp-element-button\" href=\"https:\/\/www.ufmg.br\/copi\/sempreufmg\/medalha-de-honra\/laureados-do-ano-2002\/\" style=\"background-color:#65684c\">2002<\/a><\/div>\n\n\n\n<div class=\"wp-block-button\"><a class=\"wp-block-button__link has-white-color has-text-color has-background has-link-color wp-element-button\" href=\"https:\/\/www.ufmg.br\/copi\/sempreufmg\/medalha-de-honra\/laureados-do-ano-2003\/\" style=\"background-color:#65684c\">2003<\/a><\/div>\n\n\n\n<div class=\"wp-block-button\"><a class=\"wp-block-button__link has-white-color has-text-color has-background has-link-color wp-element-button\" href=\"https:\/\/www.ufmg.br\/copi\/sempreufmg\/medalha-de-honra\/laureados-do-ano-2005\/\" style=\"background-color:#65684c\">2005<\/a><\/div>\n\n\n\n<div class=\"wp-block-button\"><a class=\"wp-block-button__link has-white-color has-text-color has-background has-link-color wp-element-button\" href=\"https:\/\/www.ufmg.br\/copi\/sempreufmg\/medalha-de-honra\/laureados-do-ano-2008\/\" style=\"background-color:#65684c\">2008<\/a><\/div>\n\n\n\n<div class=\"wp-block-button\"><a class=\"wp-block-button__link has-white-color has-text-color has-background has-link-color wp-element-button\" href=\"https:\/\/www.ufmg.br\/copi\/sempreufmg\/medalha-de-honra\/laureados-do-ano-2016\/\" style=\"background-color:#65684c\">2016<\/a><\/div>\n\n\n\n<div class=\"wp-block-button\"><a class=\"wp-block-button__link has-white-color has-text-color has-background has-link-color wp-element-button\" href=\"https:\/\/www.ufmg.br\/copi\/sempreufmg\/medalha-de-honra\/laureados-do-ano-2021\/\" style=\"background-color:#65684c\">2021<\/a><\/div>\n\n\n\n<div class=\"wp-block-button\"><a class=\"wp-block-button__link has-white-color has-text-color has-background has-link-color wp-element-button\" href=\"https:\/\/www.ufmg.br\/copi\/sempreufmg\/medalha-de-honra\/laureados-do-ano-2024\/\" style=\"background-color:#65684c\">2024<\/a><\/div>\n<\/div>\n<\/div><\/div>\n<\/div>\n<\/div>\n","protected":false},"excerpt":{"rendered":"<p>A cada quatro anos, a Universidade homenageia egressos e egressas [&hellip;]<\/p>\n","protected":false},"author":2,"featured_media":0,"parent":62,"menu_order":0,"comment_status":"closed","ping_status":"closed","template":"","meta":{"footnotes":""},"acf":[],"_links":{"self":[{"href":"https:\/\/www.ufmg.br\/copi\/wp-json\/wp\/v2\/pages\/187"}],"collection":[{"href":"https:\/\/www.ufmg.br\/copi\/wp-json\/wp\/v2\/pages"}],"about":[{"href":"https:\/\/www.ufmg.br\/copi\/wp-json\/wp\/v2\/types\/page"}],"author":[{"embeddable":true,"href":"https:\/\/www.ufmg.br\/copi\/wp-json\/wp\/v2\/users\/2"}],"replies":[{"embeddable":true,"href":"https:\/\/www.ufmg.br\/copi\/wp-json\/wp\/v2\/comments?post=187"}],"version-history":[{"count":13,"href":"https:\/\/www.ufmg.br\/copi\/wp-json\/wp\/v2\/pages\/187\/revisions"}],"predecessor-version":[{"id":4195,"href":"https:\/\/www.ufmg.br\/copi\/wp-json\/wp\/v2\/pages\/187\/revisions\/4195"}],"up":[{"embeddable":true,"href":"https:\/\/www.ufmg.br\/copi\/wp-json\/wp\/v2\/pages\/62"}],"wp:attachment":[{"href":"https:\/\/www.ufmg.br\/copi\/wp-json\/wp\/v2\/media?parent=187"}],"curies":[{"name":"wp","href":"https:\/\/api.w.org\/{rel}","templated":true}]}}