{"id":238,"date":"2023-06-15T12:31:03","date_gmt":"2023-06-15T15:31:03","guid":{"rendered":"https:\/\/www.ufmg.br\/copi-novo\/?page_id=238"},"modified":"2025-06-04T10:09:15","modified_gmt":"2025-06-04T13:09:15","slug":"chamada-copi","status":"publish","type":"page","link":"https:\/\/www.ufmg.br\/copi\/relacionamento-parlamentar\/chamada-copi\/","title":{"rendered":"Chamada COPI"},"content":{"rendered":"<p>Como \u00e9 que os projetos elaborados pela comunidade universit\u00e1ria chegam \u00e0 Diretoria de Coopera\u00e7\u00e3o Institucional? Como e quem apresenta os projetos aos parlamentares? Quando \u00e9 que isso ocorre?<\/p>\n<p>O que disciplina e define as regras para a apresenta\u00e7\u00e3o de propostas de projetos de emendas parlamentares individuais de integrantes da comunidade universit\u00e1ria da UFMG \u00e9 a <strong>Chamada Copi<\/strong>. Institu\u00edda em 2018, pela ent\u00e3o diretora de Coopera\u00e7\u00e3o Institucional, <a href=\"http:\/\/somos.ufmg.br\/professor\/ana-flavia-machado\">Ana Fl\u00e1via Machado<\/a>, docente da Faculdade de Ci\u00eancias Econ\u00f4micas (Face), a Chamada Copi consiste na defini\u00e7\u00e3o de alguns crit\u00e9rios, que v\u00eam sendo aprimorados e atualizados, para assegurar a participa\u00e7\u00e3o da comunidade da Universidade.<\/p>\n<p>Funciona da seguinte maneira: no final do primeiro trimestre de cada ano (pode variar um pouco em raz\u00e3o do calend\u00e1rio do Congresso Nacional), a Diretoria de Coopera\u00e7\u00e3o Institucional (Copi) dispara para as diretorias das Unidades Acad\u00eamicas e Administrativas um e-mail convidando a comunidade universit\u00e1ria a participar da Chamada Copi. O objetivo da Chamada \u00e9 reunir propostas de projetos, dos mais diversos tipos e \u00e1reas, para, depois, tentar captar recursos por meio de emendas parlamentares individuais impositivas.<\/p>\n<p>O conte\u00fado da Chamada, disparada por meio do Sistema Eletr\u00f4nico de Informa\u00e7\u00f5es (SEI), estabelece o n\u00famero de projetos por unidade; informa a data para o encaminhamento das sugest\u00f5es; e apresenta o modelo de documento a ser preenchido. A proposta a ser elaborada e encaminhada n\u00e3o deve ser t\u00e3o complexa, como os projetos que buscam financiamento \u00e0 Funda\u00e7\u00e3o de Amparo \u00e0 Pesquisa do Estado de Minas Gerais (Fapemig), Coordena\u00e7\u00e3o de Aperfei\u00e7oamento de Pessoal de N\u00edvel Superior (Capes) ou Financiadora de Estudos e Projetos (Finep). \u00c9 um documento enxuto, mas traz alguns t\u00f3picos que s\u00e3o fundamentais, como as expectativas de benef\u00edcio para a sociedade e de visibilidade para o(a) parlamentar.<\/p>\n<p>A media\u00e7\u00e3o da Copi n\u00e3o \u00e9 obrigat\u00f3ria, mas pode ser necess\u00e1ria. A apresenta\u00e7\u00e3o de projetos e capta\u00e7\u00e3o de recursos via emenda parlamentar individual pode ser realizada diretamente por docentes e t\u00e9cnicos da UFMG, que t\u00eam rela\u00e7\u00e3o e afinidade pol\u00edtica com representantes do Parlamento. Mas na hora de assegurar que os recursos efetivamente cheguem <em>nas m\u00e3os<\/em> das coordena\u00e7\u00f5es dos projetos, a parceria da Copi mostra o seu valor. A Copi seguramente n\u00e3o capta 100% dos recursos de emendas parlamentares individuais impositivas, mas responde pela totalidade da implementa\u00e7\u00e3o de projetos financiados com esses recursos.<\/p>\n<style>#sp-ea-521 .spcollapsing { height: 0; overflow: hidden; transition-property: height;transition-duration: 300ms;}#sp-ea-521.sp-easy-accordion>.sp-ea-single {margin-bottom: 10px; border: 1px solid #e2e2e2; }#sp-ea-521.sp-easy-accordion>.sp-ea-single>.ea-header a {color: #444;}#sp-ea-521.sp-easy-accordion>.sp-ea-single>.sp-collapse>.ea-body {background: #fff; color: #444;}#sp-ea-521.sp-easy-accordion>.sp-ea-single {background: #eee;}#sp-ea-521.sp-easy-accordion>.sp-ea-single>.ea-header a .ea-expand-icon { float: left; color: #444;font-size: 16px;}<\/style><div id=\"sp_easy_accordion-1698410976\"><div id=\"sp-ea-521\" class=\"sp-ea-one sp-easy-accordion\" data-ex-icon=\"minus\" data-col-icon=\"plus\"  data-ea-active=\"ea-click\"  data-ea-mode=\"vertical\" data-preloader=\"\" data-scroll-active-item=\"\" data-offset-to-scroll=\"0\"><div class=\"ea-card  sp-ea-single\"><h3 class=\"ea-header\"><a class=\"collapsed\" id=\"ea-header-5210\" data-sptoggle=\"spcollapse\" data-sptarget=\"#collapse5210\" aria-controls=\"collapse5210\" href=\"javascript:void(0)\"  aria-expanded=\"false\" tabindex=\"0\"><i class=\"ea-expand-icon ea-icon-expand-plus\"><\/i> Apresenta\u00e7\u00e3o de projetos<\/a><\/h3><div class=\"sp-collapse spcollapse spcollapse\" id=\"collapse5210\" data-parent=\"#sp-ea-521\" role=\"region\" aria-labelledby=\"ea-header-5210\"><div class=\"ea-body\"><p>Todos os projetos que atendem os requisitos (o of\u00edcio encaminhado define as regras) da Chamada Copi e que chegam \u00e0 Diretoria de Coopera\u00e7\u00e3o Institucional em condi\u00e7\u00f5es s\u00e3o apresentados. Mas antes de a equipe t\u00e9cnica da Copi fazer contato com os(as) assessores(as) parlamentares para agendar a apresenta\u00e7\u00e3o, acontece, na UFMG, a reuni\u00e3o do Comit\u00ea de Emendas Parlamentares da UFMG.<\/p>\n<p>O Comit\u00ea de Emendas Parlamentares da UFMG, formado a partir da gest\u00e3o da professora Ana Fl\u00e1via Machado, \u00e9 uma inst\u00e2ncia consultiva. Integrado por quatro docentes da Universidade, cada um representando uma grande \u00e1rea do conhecimento, e pela dire\u00e7\u00e3o da Copi, \u00e9 um instrumento de escuta da comunidade e de valida\u00e7\u00e3o das estrat\u00e9gias pensadas e adotadas pela Copi. O grupo ainda auxilia a dire\u00e7\u00e3o de Coopera\u00e7\u00e3o Institucional nas pr\u00e1ticas a serem adotadas para aprimorar o relacionamento da Universidade com o Parlamento.<\/p>\n<p>A partir do per\u00edodo de distanciamento social, necess\u00e1rio para o combate da covid-19, a Copi passou a fazer uma apresenta\u00e7\u00e3o (em slides) por projeto, que \u00e9 enviada juntamente com o detalhamento da proposta aos mandatos dos(as) parlamentares. \u00c9 uma s\u00edntese, com as informa\u00e7\u00f5es principais da proposta.<\/p>\n<p>Mas antes de apresentar, a equipe t\u00e9cnica da diretoria de Coopera\u00e7\u00e3o Institucional busca fazer uma correla\u00e7\u00e3o entre as propostas de projetos e os perfis parlamentares com base no n\u00famero de votos por munic\u00edpio; \u00e1reas de concentra\u00e7\u00e3o dos votos; monitoramento das principais ideias e projetos; e participa\u00e7\u00e3o em comiss\u00f5es e frentes parlamentares. A ideia \u00e9 tentar assegurar maior ades\u00e3o do mandato \u00e0 proposta a ser encaminhada e, por extens\u00e3o, maior assertividade na proposi\u00e7\u00e3o de projetos.<\/p>\n<\/div><\/div><\/div><div class=\"ea-card  sp-ea-single\"><h3 class=\"ea-header\"><a class=\"collapsed\" id=\"ea-header-5211\" data-sptoggle=\"spcollapse\" data-sptarget=\"#collapse5211\" aria-controls=\"collapse5211\" href=\"javascript:void(0)\"  aria-expanded=\"false\" tabindex=\"0\"><i class=\"ea-expand-icon ea-icon-expand-plus\"><\/i> Fluxo de apresenta\u00e7\u00e3o de projetos<\/a><\/h3><div class=\"sp-collapse spcollapse spcollapse\" id=\"collapse5211\" data-parent=\"#sp-ea-521\" role=\"region\" aria-labelledby=\"ea-header-5211\"><div class=\"ea-body\"><p>A capta\u00e7\u00e3o de recursos via emendas parlamentares impositivas ao Or\u00e7amento acontece, grosso modo, da seguinte forma:<\/p>\n<p><img class=\"alignleft wp-image-381 size-full\" src=\"https:\/\/www.ufmg.br\/copi\/wp-content\/uploads\/2023\/07\/Copia-de-Fluxo-de-apresentacao-de-projetos-de-emenda-parlamentar-e1690213007327.jpg\" alt=\"\" width=\"852\" height=\"693\" \/><\/p>\n<\/div><\/div><\/div><\/div><\/div>\n","protected":false},"excerpt":{"rendered":"<p>Como \u00e9 que os projetos elaborados pela comunidade universit\u00e1ria chegam [&hellip;]<\/p>\n","protected":false},"author":2,"featured_media":0,"parent":234,"menu_order":0,"comment_status":"closed","ping_status":"closed","template":"","meta":{"footnotes":""},"acf":[],"_links":{"self":[{"href":"https:\/\/www.ufmg.br\/copi\/wp-json\/wp\/v2\/pages\/238"}],"collection":[{"href":"https:\/\/www.ufmg.br\/copi\/wp-json\/wp\/v2\/pages"}],"about":[{"href":"https:\/\/www.ufmg.br\/copi\/wp-json\/wp\/v2\/types\/page"}],"author":[{"embeddable":true,"href":"https:\/\/www.ufmg.br\/copi\/wp-json\/wp\/v2\/users\/2"}],"replies":[{"embeddable":true,"href":"https:\/\/www.ufmg.br\/copi\/wp-json\/wp\/v2\/comments?post=238"}],"version-history":[{"count":5,"href":"https:\/\/www.ufmg.br\/copi\/wp-json\/wp\/v2\/pages\/238\/revisions"}],"predecessor-version":[{"id":522,"href":"https:\/\/www.ufmg.br\/copi\/wp-json\/wp\/v2\/pages\/238\/revisions\/522"}],"up":[{"embeddable":true,"href":"https:\/\/www.ufmg.br\/copi\/wp-json\/wp\/v2\/pages\/234"}],"wp:attachment":[{"href":"https:\/\/www.ufmg.br\/copi\/wp-json\/wp\/v2\/media?parent=238"}],"curies":[{"name":"wp","href":"https:\/\/api.w.org\/{rel}","templated":true}]}}