{"id":241,"date":"2023-06-15T12:31:24","date_gmt":"2023-06-15T15:31:24","guid":{"rendered":"https:\/\/www.ufmg.br\/copi-novo\/?page_id=241"},"modified":"2023-10-27T10:00:39","modified_gmt":"2023-10-27T13:00:39","slug":"banco-de-projetos","status":"publish","type":"page","link":"https:\/\/www.ufmg.br\/copi\/relacionamento-parlamentar\/banco-de-projetos\/","title":{"rendered":"Banco de Projetos"},"content":{"rendered":"<p><span style=\"font-weight: 400;\">Anualmente, desde 2018, acontece a <\/span><i><span style=\"font-weight: 400;\"><a href=\"https:\/\/www.ufmg.br\/copi\/relacionamento-parlamentar\/chamada-copi\/\" target=\"_blank\" rel=\"noopener\">Chamada Cop<\/a>i<\/span><\/i><span style=\"font-weight: 400;\">, estrat\u00e9gia que permite \u00e0 Universidade conhecer propostas de projetos idealizadas pela comunidade universit\u00e1ria.\u00a0<\/span><\/p>\n<p>No site da Diretoria de Coopera\u00e7\u00e3o Institucional, \u00e9 poss\u00edvel ter acesso a essas propostas, que est\u00e3o organizadas por ano e por tem\u00e1tica. A ideia \u00e9 organizar um banco de projetos, com sugest\u00f5es de iniciativas que podem ser consultadas, a qualquer momento, pelos potenciais apoiadores &#8211; Legislativo, Executivo ou Sociedade Civil.<\/p>\n<p>Conhe\u00e7a os <a href=\"https:\/\/www.ufmg.br\/copi\/projetos-ufmg-loa-2024\/\" target=\"_blank\" rel=\"noopener\">projetos da UFMG<\/a>. Esses s\u00e3o projetos da Chamada Copi 2023.<\/p>\n","protected":false},"excerpt":{"rendered":"<p>Anualmente, desde 2018, acontece a Chamada Copi, estrat\u00e9gia que permite [&hellip;]<\/p>\n","protected":false},"author":2,"featured_media":0,"parent":234,"menu_order":0,"comment_status":"closed","ping_status":"closed","template":"","meta":{"footnotes":""},"acf":[],"_links":{"self":[{"href":"https:\/\/www.ufmg.br\/copi\/wp-json\/wp\/v2\/pages\/241"}],"collection":[{"href":"https:\/\/www.ufmg.br\/copi\/wp-json\/wp\/v2\/pages"}],"about":[{"href":"https:\/\/www.ufmg.br\/copi\/wp-json\/wp\/v2\/types\/page"}],"author":[{"embeddable":true,"href":"https:\/\/www.ufmg.br\/copi\/wp-json\/wp\/v2\/users\/2"}],"replies":[{"embeddable":true,"href":"https:\/\/www.ufmg.br\/copi\/wp-json\/wp\/v2\/comments?post=241"}],"version-history":[{"count":7,"href":"https:\/\/www.ufmg.br\/copi\/wp-json\/wp\/v2\/pages\/241\/revisions"}],"predecessor-version":[{"id":3867,"href":"https:\/\/www.ufmg.br\/copi\/wp-json\/wp\/v2\/pages\/241\/revisions\/3867"}],"up":[{"embeddable":true,"href":"https:\/\/www.ufmg.br\/copi\/wp-json\/wp\/v2\/pages\/234"}],"wp:attachment":[{"href":"https:\/\/www.ufmg.br\/copi\/wp-json\/wp\/v2\/media?parent=241"}],"curies":[{"name":"wp","href":"https:\/\/api.w.org\/{rel}","templated":true}]}}