{"id":243,"date":"2023-06-15T12:32:00","date_gmt":"2023-06-15T15:32:00","guid":{"rendered":"https:\/\/www.ufmg.br\/copi-novo\/?page_id=243"},"modified":"2023-10-27T10:18:41","modified_gmt":"2023-10-27T13:18:41","slug":"gestao-de-projetos","status":"publish","type":"page","link":"https:\/\/www.ufmg.br\/copi\/relacionamento-parlamentar\/gestao-de-projetos\/","title":{"rendered":"Gest\u00e3o de projetos"},"content":{"rendered":"<p>A gest\u00e3o de projetos requer conv\u00eanios, administrar verbas, cuidar da compra de equipamentos e materiais, contratar pessoal de apoio (quando necess\u00e1rio), pagar bolsas e, finalmente, prestar contas. Todo esse processo pode ser realizado por meio das pr\u00f3prias estruturas da Universidade (setores de conv\u00eanios e contratos) ou com o suporte das funda\u00e7\u00f5es de apoio.<\/p>\n<p>Nas Unidades Acad\u00eamicas, dentro das estruturas administrativas, existem setores destinados \u00e0 operacionaliza\u00e7\u00e3o de projetos. Tamb\u00e9m h\u00e1, dependendo da natureza dos recursos e projetos, a alternativa de que o gerenciamento dos projetos aconte\u00e7a com o suporte de funda\u00e7\u00f5es de apoio.<\/p>\n<p><strong>Funda\u00e7\u00f5es de apoio<\/strong><\/p>\n<p>A UFMG conta com o suporte de funda\u00e7\u00f5es de apoio em projetos de ensino, pesquisa, extens\u00e3o, desenvolvimento institucional, cient\u00edfico e tecnol\u00f3gico e est\u00edmulo \u00e0 inova\u00e7\u00e3o, inclusive na gest\u00e3o administrativa e financeira, conforme previsto na Lei n\u00ba 8.958\/94, regulamentado no Decreto n\u00ba 7.423\/2010 e Lei n\u00ba 10.973\/04, regulamentada pelo Decreto n\u00ba 9.283\/18.<\/p>\n<p>As funda\u00e7\u00f5es de apoio s\u00e3o credenciadas pelo MEC (Minist\u00e9rio da Educa\u00e7\u00e3o) e MCTI (Minist\u00e9rio da Ci\u00eancia, Tecnologia, Inova\u00e7\u00f5es e Comunica\u00e7\u00f5es), o que exige que sejam fiscalizadas pelos \u00f3rg\u00e3os superiores da universidade, al\u00e9m de prestarem contas aos respectivos minist\u00e9rios.<\/p>\n<p>Entidades de direito privado, regidas pelo C\u00f3digo Civil Brasileiro, as funda\u00e7\u00f5es n\u00e3o t\u00eam fins lucrativos e integram, juntamente com outras organiza\u00e7\u00f5es n\u00e3o governamentais sem finalidade lucrativa, como as associa\u00e7\u00f5es civis, o segmento social que se denomina terceiro setor. Elas, as funda\u00e7\u00f5es de apoio, est\u00e3o orientadas pelo interesse p\u00fablico e podem ser boas parceiras na gest\u00e3o de projetos. Dentro deste contexto, os tipos de projetos gerenciados s\u00e3o:<\/p>\n<p>Projeto de ensino: t\u00eam como finalidade promover o desenvolvimento dos\/as discentes, buscando diversificar os processos de ensino-aprendizagem e sistematizar conhecimentos a partir deles.<\/p>\n<p>Projeto de pesquisa: o projeto de pesquisa ocupa-se do que chamamos de aprofundamento tem\u00e1tico em uma determinada \u00e1rea do conhecimento, sendo executado por docentes com a participa\u00e7\u00e3o de estudantes (da gradua\u00e7\u00e3o e da p\u00f3s-gradua\u00e7\u00e3o).<\/p>\n<p>Projeto de extens\u00e3o: a extens\u00e3o universit\u00e1ria \u00e9 a a\u00e7\u00e3o da Institui\u00e7\u00e3o de Ensino Superior junto \u00e0 comunidade que possibilita o compartilhamento, com o p\u00fablico externo, do conhecimento adquirido por meio do ensino e da pesquisa desenvolvidos na institui\u00e7\u00e3o.<\/p>\n<p>Projetos de Desenvolvimento Institucional (PDI): s\u00e3o iniciativas inovadoras, destinadas a transformar e revolucionar pr\u00e1ticas e ou a\u00e7\u00f5es dentro das universidades.<\/p>\n<p><strong>Gest\u00e3o de projetos<\/strong><\/p>\n<p>Para que as funda\u00e7\u00f5es de apoio possam apoiar atividades e projetos da UFMG, \u00e9 necess\u00e1rio que exista um contrato. As regras e os procedimentos para a contrata\u00e7\u00e3o das funda\u00e7\u00f5es de apoio, assim como os formul\u00e1rios necess\u00e1rios est\u00e3o dispon\u00edveis na p\u00e1gina web da <a href=\"https:\/\/www.ufmg.br\/proplan\/contabilidade-e-financas\/divisao-de-convenios\/%20celebracao-de-instrumentos-juridicos\/contratacao-de-fundacao-de-apoio\/\">Pr\u00f3-reitoria de Planejamento e Desenvolvimento<\/a>.<\/p>\n<p>Os instrumentos jur\u00eddicos celebrados entre a UFMG e as funda\u00e7\u00f5es de apoio s\u00e3o contratos ou conv\u00eanios, acordos de parcerias, e afins, o que faculta a essas institui\u00e7\u00f5es prestarem apoio a programas, a\u00e7\u00f5es, projetos e atividades, inclusive de natureza infraestrutural, material e laboratorial, al\u00e9m da gest\u00e3o administrativa e financeira, que levem \u00e0 melhoria mensur\u00e1vel da atua\u00e7\u00e3o da universidade no cumprimento eficiente e eficaz de sua miss\u00e3o institucional.<\/p>\n<p>Nos termos da Resolu\u00e7\u00e3o do Conselho Universit\u00e1rio n\u00ba 10\/2004, de 18 de novembro de 2004, os instrumentos jur\u00eddicos firmados entre a UFMG e as funda\u00e7\u00f5es s\u00e3o fiscalizados pela Auditoria Geral. As funda\u00e7\u00f5es de apoio, na execu\u00e7\u00e3o dos contratos celebrados, dever\u00e3o ainda observar o disposto nas resolu\u00e7\u00f5es do Conselho Universit\u00e1rio, especialmente a que regulamenta a presta\u00e7\u00e3o de servi\u00e7os no \u00e2mbito da UFMG, bem como as resolu\u00e7\u00f5es pertinentes das congrega\u00e7\u00f5es ou \u00f3rg\u00e3os equivalentes das unidades acad\u00eamicas.<\/p>\n<p>A listagem com as funda\u00e7\u00f5es de apoio da UFMG est\u00e1 dispon\u00edvel por meio do link <a href=\"https:\/\/ufmg.br\/a-universidade\/gestao\/fundacoes-de-apoio\">https:\/\/ufmg.br\/a-universidade\/gestao\/fundacoes-de-apoio<\/a><br \/>\n[Com informa\u00e7\u00f5es do <a href=\"https:\/\/ufmg.br\/a-universidade\/gestao\/fundacoes-de-apoio\">portal da UFMG<\/a> e do conte\u00fado do Programa de Forma\u00e7\u00e3o Fundep &#8211; Gest\u00e3o de Projetos de Ponta a Ponta]<\/p>\n","protected":false},"excerpt":{"rendered":"<p>A gest\u00e3o de projetos requer conv\u00eanios, administrar verbas, cuidar da [&hellip;]<\/p>\n","protected":false},"author":2,"featured_media":0,"parent":234,"menu_order":0,"comment_status":"closed","ping_status":"closed","template":"","meta":{"footnotes":""},"acf":[],"_links":{"self":[{"href":"https:\/\/www.ufmg.br\/copi\/wp-json\/wp\/v2\/pages\/243"}],"collection":[{"href":"https:\/\/www.ufmg.br\/copi\/wp-json\/wp\/v2\/pages"}],"about":[{"href":"https:\/\/www.ufmg.br\/copi\/wp-json\/wp\/v2\/types\/page"}],"author":[{"embeddable":true,"href":"https:\/\/www.ufmg.br\/copi\/wp-json\/wp\/v2\/users\/2"}],"replies":[{"embeddable":true,"href":"https:\/\/www.ufmg.br\/copi\/wp-json\/wp\/v2\/comments?post=243"}],"version-history":[{"count":5,"href":"https:\/\/www.ufmg.br\/copi\/wp-json\/wp\/v2\/pages\/243\/revisions"}],"predecessor-version":[{"id":3876,"href":"https:\/\/www.ufmg.br\/copi\/wp-json\/wp\/v2\/pages\/243\/revisions\/3876"}],"up":[{"embeddable":true,"href":"https:\/\/www.ufmg.br\/copi\/wp-json\/wp\/v2\/pages\/234"}],"wp:attachment":[{"href":"https:\/\/www.ufmg.br\/copi\/wp-json\/wp\/v2\/media?parent=243"}],"curies":[{"name":"wp","href":"https:\/\/api.w.org\/{rel}","templated":true}]}}