{"id":250,"date":"2023-06-15T12:33:35","date_gmt":"2023-06-15T15:33:35","guid":{"rendered":"https:\/\/www.ufmg.br\/copi-novo\/?page_id=250"},"modified":"2023-10-27T10:25:57","modified_gmt":"2023-10-27T13:25:57","slug":"manual","status":"publish","type":"page","link":"https:\/\/www.ufmg.br\/copi\/cerimonial\/manual\/","title":{"rendered":"Manual"},"content":{"rendered":"<div id=\"attachment_420\" style=\"width: 1004px\" class=\"wp-caption alignnone\"><img aria-describedby=\"caption-attachment-420\" decoding=\"async\" loading=\"lazy\" class=\"wp-image-420 size-full\" src=\"https:\/\/www.ufmg.br\/copi\/wp-content\/uploads\/2023\/07\/Captura-de-Tela-2022-05-19-as-11.14.29.png\" alt=\"Capa do Manual de Cerimonial UFMG\" width=\"994\" height=\"363\" srcset=\"https:\/\/www.ufmg.br\/copi\/wp-content\/uploads\/2023\/07\/Captura-de-Tela-2022-05-19-as-11.14.29.png 994w, https:\/\/www.ufmg.br\/copi\/wp-content\/uploads\/2023\/07\/Captura-de-Tela-2022-05-19-as-11.14.29-300x110.png 300w, https:\/\/www.ufmg.br\/copi\/wp-content\/uploads\/2023\/07\/Captura-de-Tela-2022-05-19-as-11.14.29-768x280.png 768w\" sizes=\"(max-width: 994px) 100vw, 994px\" \/><p id=\"caption-attachment-420\" class=\"wp-caption-text\">Capa do Manual de Cerimonial UFMG criada pelo Centro de Comunica\u00e7\u00e3o<\/p><\/div>\n<p>Concertos de rock, formaturas ou a posse de uma autoridade p\u00fablica s\u00e3o exemplos de eventos, cerim\u00f4nias que precisam ser organizadas e planejadas. A express\u00e3o material do planejamento de um evento recebe o nome de roteiro (tamb\u00e9m chamado de script, em ingl\u00eas), documento que orienta a equipe respons\u00e1vel pelo organiza\u00e7\u00e3o e produ\u00e7\u00e3o do evento sobre o que est\u00e1 previsto e como as atividades devem acontecer. \u00c9 um esfor\u00e7o para organizar a sequ\u00eancia de a\u00e7\u00f5es, atividades e, se caso algo sair fora do trilho, saber o que fazer para colocar tudo novamente no prumo.<\/p>\n<p>Os produtores e respons\u00e1veis por um evento atuam nos bastidores, garantindo que tudo esteja pronto para receber adequadamente as pessoas que ali estar\u00e3o; quem estar\u00e1 no palco, quem estar\u00e1 na plateia. S\u00e3o os produtores dos eventos que atuam na gest\u00e3o dos recursos financeiros, humanos, entre outros. Eles selecionam e gerenciam os prestadores de servi\u00e7os que atuar\u00e3o no evento.<\/p>\n<p>Na administra\u00e7\u00e3o p\u00fablica, onde os eventos s\u00e3o cerim\u00f4nias oficiais, h\u00e1 posturas e atitudes particularidades que precisam ser observadas e respeitadas. No Brasil, as normas do cerimonial p\u00fablico e a ordem geral de preced\u00eancia s\u00e3o definidas pelo <a href=\"http:\/\/legislacao.planalto.gov.br\/legisla\/legislacao.nsf\/Viw_Identificacao\/DEC%2070.274-1972?OpenDocument\">DECRETO No 70.274, DE 9 DE MAR\u00c7O DE 1972.<\/a><\/p>\n<p>Na UFMG, os eventos que demandam a participa\u00e7\u00e3o da reitora e do vice-reitor s\u00e3o organizados e acompanhadas pelo Cerimonial, equipe nuclear, formada por dois profissionais da \u00e1rea das Rela\u00e7\u00f5es P\u00fablicas, que fazem parte da Diretoria de Coopera\u00e7\u00e3o Institucional.<\/p>\n<div id=\"attachment_434\" style=\"width: 525px\" class=\"wp-caption alignnone\"><img aria-describedby=\"caption-attachment-434\" decoding=\"async\" loading=\"lazy\" class=\"wp-image-434 size-full\" src=\"https:\/\/www.ufmg.br\/copi\/wp-content\/uploads\/2023\/07\/Captura-de-Tela-2022-04-13-as-11.08.53.png\" alt=\"Foto da cerim\u00f4nia de recondu\u00e7\u00e3o da professora Sandra Goulart Almeida ao cargo de reitora\" width=\"515\" height=\"342\" srcset=\"https:\/\/www.ufmg.br\/copi\/wp-content\/uploads\/2023\/07\/Captura-de-Tela-2022-04-13-as-11.08.53.png 515w, https:\/\/www.ufmg.br\/copi\/wp-content\/uploads\/2023\/07\/Captura-de-Tela-2022-04-13-as-11.08.53-300x199.png 300w\" sizes=\"(max-width: 515px) 100vw, 515px\" \/><p id=\"caption-attachment-434\" class=\"wp-caption-text\">Cerim\u00f4nia de recondu\u00e7\u00e3o da professora Sandra Goulart Almeida ao cargo de reitora foi organizada e planejada com a participa\u00e7\u00e3o da equipe do Cerimonial da Universidade. Foto: Foca Lisboa | UFMG<\/p><\/div>\n<p>Em um esfor\u00e7o de partilhar a experi\u00eancia e orientar os colegas servidores da Universidade, que mesmo n\u00e3o sendo profissionais da \u00e1rea atuam na organiza\u00e7\u00e3o de eventos das Unidades (Administrativas e Acad\u00eamicas), o Cerimonial organizou um manual com \u201ca finalidade de contribuir para o planejamento dos eventos oficiais que s\u00e3o realizados na Universidade Federal de Minas Gerais (UFMG)\u201d.<\/p>\n<p>O manual est\u00e1 organizado em duas partes. A primeira traz o conceito de cerimonial e detalha os tipos de evento, indica aqueles com a participa\u00e7\u00e3o do Reitorado e ainda apresenta os espa\u00e7os da Universidade onde normalmente os eventos s\u00e3o realizados. Nesta parte ainda h\u00e1 informa\u00e7\u00f5es sobre como planejar, organizar e executar solenidades.<\/p>\n<p>A segunda parte \u00e9 dedicada aos protocolos: conceito, orienta\u00e7\u00e3o da ordem geral de preced\u00eancias de autoridades, composi\u00e7\u00e3o de mesas e at\u00e9 mesmo a indica\u00e7\u00e3o dos corretos pronomes de tratamento.<\/p>\n<p>Como uma medida de otimiza\u00e7\u00e3o de recursos p\u00fablicos, a Diretoria de Coopera\u00e7\u00e3o Institucional autorizou a impress\u00e3o limitada de exemplares do manual. Cada Unidade Acad\u00eamica da UFMG ir\u00e1 receber um exemplar impresso e aqui, neste site, \u00e9 poss\u00edvel acessar todo o conte\u00fado nos links a seguir ou em <a href=\"https:\/\/www.ufmg.br\/copi\/wp-content\/uploads\/2023\/08\/CERIMONIAL_manual_revcedecom_miolo_SAIDA-2.pdf\">PDF<\/a>.<\/p>\n<p><a href=\"https:\/\/www.ufmg.br\/copi\/cerimonial\/manual\/introducao\/\">I. Introdu\u00e7\u00e3o<\/a><\/p>\n<p><a href=\"https:\/\/www.ufmg.br\/copi\/cerimonial\/manual\/cerimonial\/\">II. Cerimonial<\/a><\/p>\n<p>1. Cerimonial: conceito<\/p>\n<p>2. Cerimonial do Gabinete do(a) Reitor(a) da UFMG<\/p>\n<p>3. Eventos T\u00edpicos com a participa\u00e7\u00e3o do Reitorado da UFMG<\/p>\n<p>4. Detalhamento dos eventos<\/p>\n<p>5. Os espa\u00e7os da Universidade<\/p>\n<p>6. Planejamento, organiza\u00e7\u00e3o e execu\u00e7\u00e3o das solenidades<\/p>\n<p><a href=\"https:\/\/www.ufmg.br\/copi\/cerimonial\/manual\/protocolo\/\">III. Protocolo<\/a><\/p>\n<p>7. Protocolo: conceito<\/p>\n<p>8. Ordem geral de preced\u00eancia<\/p>\n<p>9. Ordem de preced\u00eancia \u2013 Gabinete do(a) Reitor(a)<\/p>\n<p>10. Composi\u00e7\u00e3o de mesas<\/p>\n<p>11. Pronunciamentos<\/p>\n<p>12. Luto oficial<\/p>\n<p>13. Bandeiras<\/p>\n<p>14. Pronomes de tratamento<\/p>\n<p><a href=\"https:\/\/www.ufmg.br\/copi\/cerimonial\/manual\/referencias\/\">IV. Refer\u00eancias<\/a><\/p>\n<p>Organizadores<\/p>\n<p>Reitora: Sandra Regina Goulart Almeida<\/p>\n<p>Vice-reitor: Alessandro Fernandes Moreira<\/p>\n<p>Chefe de Gabinete: Rui Rothe-Neves<\/p>\n<p>Diretora de Coopera\u00e7\u00e3o Institucional: Maria Elizabeth de Carvalho Duarte<\/p>\n<p>Diretora do Centro de Comunica\u00e7\u00e3o: F\u00e1bia Pereira Lima<\/p>\n<p>Coordenador de Cerimonial e Rela\u00e7\u00f5es P\u00fablicas: Rafael Magalh\u00e3es Angrisano<\/p>\n<p>Autoria<\/p>\n<p>Coordenador de Cerimonial e Rela\u00e7\u00f5es P\u00fablicas: Rafael Magalh\u00e3es Angrisano<\/p>\n<p>Revis\u00e3o<\/p>\n<p>Sonia Marcia Corr\u00eaa L\u00f4bo<\/p>\n<p>Projeto Gr\u00e1fico e Diagrama\u00e7\u00e3o<\/p>\n<p>Marcelo Lustosa Cabral de Almeida<\/p>\n<p>Impress\u00e3o e Acabamento<\/p>\n<p>Imprensa Universit\u00e1ria da UFMG<\/p>\n","protected":false},"excerpt":{"rendered":"<p>Concertos de rock, formaturas ou a posse de uma autoridade [&hellip;]<\/p>\n","protected":false},"author":2,"featured_media":0,"parent":248,"menu_order":0,"comment_status":"closed","ping_status":"closed","template":"","meta":{"footnotes":""},"acf":[],"_links":{"self":[{"href":"https:\/\/www.ufmg.br\/copi\/wp-json\/wp\/v2\/pages\/250"}],"collection":[{"href":"https:\/\/www.ufmg.br\/copi\/wp-json\/wp\/v2\/pages"}],"about":[{"href":"https:\/\/www.ufmg.br\/copi\/wp-json\/wp\/v2\/types\/page"}],"author":[{"embeddable":true,"href":"https:\/\/www.ufmg.br\/copi\/wp-json\/wp\/v2\/users\/2"}],"replies":[{"embeddable":true,"href":"https:\/\/www.ufmg.br\/copi\/wp-json\/wp\/v2\/comments?post=250"}],"version-history":[{"count":9,"href":"https:\/\/www.ufmg.br\/copi\/wp-json\/wp\/v2\/pages\/250\/revisions"}],"predecessor-version":[{"id":3880,"href":"https:\/\/www.ufmg.br\/copi\/wp-json\/wp\/v2\/pages\/250\/revisions\/3880"}],"up":[{"embeddable":true,"href":"https:\/\/www.ufmg.br\/copi\/wp-json\/wp\/v2\/pages\/248"}],"wp:attachment":[{"href":"https:\/\/www.ufmg.br\/copi\/wp-json\/wp\/v2\/media?parent=250"}],"curies":[{"name":"wp","href":"https:\/\/api.w.org\/{rel}","templated":true}]}}