{"id":260,"date":"2023-06-15T12:35:25","date_gmt":"2023-06-15T15:35:25","guid":{"rendered":"https:\/\/www.ufmg.br\/copi-novo\/?page_id=260"},"modified":"2023-10-17T14:30:06","modified_gmt":"2023-10-17T17:30:06","slug":"quem-e-quem","status":"publish","type":"page","link":"https:\/\/www.ufmg.br\/copi\/sempreufmg\/quem-e-quem\/","title":{"rendered":"Ex-alunos e ex-alunas"},"content":{"rendered":"<p><span style=\"font-weight: 400;\">Para colocar em pr\u00e1tica um relacionamento efetivo entre a Universidade, egressos e egressas, \u00e9 preciso criar uma rede da qual a pr\u00f3pria UFMG \u00e9 uma das pontas, permitindo e favorecendo a troca de informa\u00e7\u00f5es e oportunidades. Atualmente, o sistema da UFMG que re\u00fane informa\u00e7\u00f5es sobre egressas e egressas \u00e9 chamado <em>Quem \u00e9 Quem. <\/em>Trata-se de um banco de dados alimentado automaticamente pelo Departamento de Registro e Controle Acad\u00eamico da Universidade.\u00a0<\/span><\/p>\n<p><span style=\"font-weight: 400;\">Mas como todo banco de dados, o <em>Quem \u00e9 Quem<\/em> precisa passar por mudan\u00e7as profundas. Ele e outras iniciativas que fazem parte do <b><i>Sempre UFMG<\/i><\/b>, iniciativa que congrega as a\u00e7\u00f5es de relacionamento entre a Institui\u00e7\u00e3o, egressas e egressos, que data do in\u00edcio dos anos 2000.<\/span><\/p>\n<p><span style=\"font-weight: 400;\">Ent\u00e3o, estamos fazendo a constru\u00e7\u00e3o de uma nova base de dados com a ajuda do Google Docs. Por favor, se \u00e9 egresso ou egressa (da Gradua\u00e7\u00e3o ou P\u00f3s-gradua\u00e7\u00e3o), nos ajude a manter a UFMG conectada com voc\u00ea.<\/span><\/p>\n<p>Queremos a constru\u00e7\u00e3o de uma cultura de pertencimento \u00e0 Universidade. <b><i>Afinal,\u00a0<\/i><\/b><b><i>quem se formou na UFMG, ser\u00e1 Sempre UFMG!\u00a0<\/i><\/b><\/p>\n<p>Voc\u00ea pode colaborar acessando <a href=\"https:\/\/forms.gle\/iq3zw2CgGnZ5SqmR9\">aqui<\/a> ou apontando a c\u00e2mera de seu smartphone para o QR code.\u00a0<\/p>\n\n<div class=\"wp-block-image\">\n<figure class=\"aligncenter size-medium\"><img decoding=\"async\" loading=\"lazy\" width=\"300\" height=\"300\" src=\"https:\/\/www.ufmg.br\/copi-novo\/wp-content\/uploads\/2023\/10\/Design-sem-nome-300x300.png\" alt=\"\" class=\"wp-image-3840\" style=\"aspect-ratio:1;object-fit:cover\" srcset=\"https:\/\/www.ufmg.br\/copi\/wp-content\/uploads\/2023\/10\/Design-sem-nome-300x300.png 300w, https:\/\/www.ufmg.br\/copi\/wp-content\/uploads\/2023\/10\/Design-sem-nome-1024x1024.png 1024w, https:\/\/www.ufmg.br\/copi\/wp-content\/uploads\/2023\/10\/Design-sem-nome-150x150.png 150w, https:\/\/www.ufmg.br\/copi\/wp-content\/uploads\/2023\/10\/Design-sem-nome-768x768.png 768w, https:\/\/www.ufmg.br\/copi\/wp-content\/uploads\/2023\/10\/Design-sem-nome.png 1440w\" sizes=\"(max-width: 300px) 100vw, 300px\" \/><\/figure><\/div>","protected":false},"excerpt":{"rendered":"<p>Para colocar em pr\u00e1tica um relacionamento efetivo entre a Universidade, [&hellip;]<\/p>\n","protected":false},"author":2,"featured_media":0,"parent":62,"menu_order":0,"comment_status":"closed","ping_status":"closed","template":"","meta":{"footnotes":""},"acf":[],"_links":{"self":[{"href":"https:\/\/www.ufmg.br\/copi\/wp-json\/wp\/v2\/pages\/260"}],"collection":[{"href":"https:\/\/www.ufmg.br\/copi\/wp-json\/wp\/v2\/pages"}],"about":[{"href":"https:\/\/www.ufmg.br\/copi\/wp-json\/wp\/v2\/types\/page"}],"author":[{"embeddable":true,"href":"https:\/\/www.ufmg.br\/copi\/wp-json\/wp\/v2\/users\/2"}],"replies":[{"embeddable":true,"href":"https:\/\/www.ufmg.br\/copi\/wp-json\/wp\/v2\/comments?post=260"}],"version-history":[{"count":8,"href":"https:\/\/www.ufmg.br\/copi\/wp-json\/wp\/v2\/pages\/260\/revisions"}],"predecessor-version":[{"id":3843,"href":"https:\/\/www.ufmg.br\/copi\/wp-json\/wp\/v2\/pages\/260\/revisions\/3843"}],"up":[{"embeddable":true,"href":"https:\/\/www.ufmg.br\/copi\/wp-json\/wp\/v2\/pages\/62"}],"wp:attachment":[{"href":"https:\/\/www.ufmg.br\/copi\/wp-json\/wp\/v2\/media?parent=260"}],"curies":[{"name":"wp","href":"https:\/\/api.w.org\/{rel}","templated":true}]}}