{"id":263,"date":"2023-06-15T12:36:47","date_gmt":"2023-06-15T15:36:47","guid":{"rendered":"https:\/\/www.ufmg.br\/copi-novo\/?page_id=263"},"modified":"2023-07-21T13:26:39","modified_gmt":"2023-07-21T16:26:39","slug":"comite-de-egressos-e-egressas","status":"publish","type":"page","link":"https:\/\/www.ufmg.br\/copi\/sempreufmg\/comite-de-egressos-e-egressas\/","title":{"rendered":"Comit\u00ea de Egressos e Egressas"},"content":{"rendered":"<p>Em 31 de julho de 2021, por meio da <a href=\"https:\/\/ufmg.br\/storage\/8\/9\/c\/f\/89cf902dfe72bede33c33d892c5ac22c_16279091246296_786855535.pdf\">Portaria n. 5.433<\/a>, a reitora da UFMG, Sandra Goulart Almeida, instituiu o <a href=\"https:\/\/www.ufmg.br\/dai\/comissao-de-egressos\/\">Comit\u00ea Gestor<\/a> de Sistematiza\u00e7\u00e3o dos Dados de Egressos da Universidade Federal de Minas Gerais (UFMG).<\/p>\n<p>Presidido pela diretora de Avalia\u00e7\u00e3o Institucional da Universidade, cargo ocupado pela professora <a href=\"http:\/\/somos.ufmg.br\/professor\/viviane-santos-birchal\">Viviane Santos Birchal<\/a>, o Comit\u00ea tem como miss\u00e3o elaborar e implementar a Pol\u00edtica de Acompanhamento de Egressos da UFMG, propiciando a identifica\u00e7\u00e3o da trajet\u00f3ria, \u00e1rea de atua\u00e7\u00e3o e inser\u00e7\u00e3o profissional.<\/p>\n<p><strong>Contatos com o Comit\u00ea podem ser realizados por meio do telefone (31) 3409-5516 e do e-mail <a href=\"mailto:info@dai.ufmg.br\">info@dai.ufmg.br<\/a>.<\/strong><\/p>\n","protected":false},"excerpt":{"rendered":"<p>Em 31 de julho de 2021, por meio da Portaria [&hellip;]<\/p>\n","protected":false},"author":2,"featured_media":0,"parent":62,"menu_order":0,"comment_status":"closed","ping_status":"closed","template":"","meta":{"footnotes":""},"acf":[],"_links":{"self":[{"href":"https:\/\/www.ufmg.br\/copi\/wp-json\/wp\/v2\/pages\/263"}],"collection":[{"href":"https:\/\/www.ufmg.br\/copi\/wp-json\/wp\/v2\/pages"}],"about":[{"href":"https:\/\/www.ufmg.br\/copi\/wp-json\/wp\/v2\/types\/page"}],"author":[{"embeddable":true,"href":"https:\/\/www.ufmg.br\/copi\/wp-json\/wp\/v2\/users\/2"}],"replies":[{"embeddable":true,"href":"https:\/\/www.ufmg.br\/copi\/wp-json\/wp\/v2\/comments?post=263"}],"version-history":[{"count":3,"href":"https:\/\/www.ufmg.br\/copi\/wp-json\/wp\/v2\/pages\/263\/revisions"}],"predecessor-version":[{"id":401,"href":"https:\/\/www.ufmg.br\/copi\/wp-json\/wp\/v2\/pages\/263\/revisions\/401"}],"up":[{"embeddable":true,"href":"https:\/\/www.ufmg.br\/copi\/wp-json\/wp\/v2\/pages\/62"}],"wp:attachment":[{"href":"https:\/\/www.ufmg.br\/copi\/wp-json\/wp\/v2\/media?parent=263"}],"curies":[{"name":"wp","href":"https:\/\/api.w.org\/{rel}","templated":true}]}}