{"id":265,"date":"2023-06-15T12:37:11","date_gmt":"2023-06-15T15:37:11","guid":{"rendered":"https:\/\/www.ufmg.br\/copi-novo\/?page_id=265"},"modified":"2023-08-09T11:16:42","modified_gmt":"2023-08-09T14:16:42","slug":"o-sinaes-e-os-parametros-avaliativos-do-relacionamento-com-egressos","status":"publish","type":"page","link":"https:\/\/www.ufmg.br\/copi\/sempreufmg\/o-sinaes-e-os-parametros-avaliativos-do-relacionamento-com-egressos\/","title":{"rendered":"Sinaes"},"content":{"rendered":"<p>O Sistema Nacional de Avalia\u00e7\u00e3o da Educa\u00e7\u00e3o Superior (Sinaes) prop\u00f5e-se a avaliar m\u00faltiplos aspectos do ensino, da pesquisa, da extens\u00e3o, al\u00e9m da responsabilidade social, o desempenho dos estudantes, a gest\u00e3o da institui\u00e7\u00e3o, o corpo docente e a condi\u00e7\u00e3o das instala\u00e7\u00f5es para as pr\u00e1ticas acad\u00eamicas.<\/p>\n<p>Entre as dimens\u00f5es avaliativas, dois indicadores est\u00e3o associados ao relacionamento das institui\u00e7\u00f5es com ex-estudantes: verifica\u00e7\u00e3o do n\u00edvel de inser\u00e7\u00e3o dos diplomados e diplomadas das institui\u00e7\u00f5es avaliadas, de diversas \u00e1reas do conhecimento, no mundo do trabalho e as oportunidades e ofertas de educa\u00e7\u00e3o continuada para egressos e egressas.<\/p>\n<div id=\"attachment_403\" style=\"width: 548px\" class=\"wp-caption alignnone\"><img aria-describedby=\"caption-attachment-403\" decoding=\"async\" loading=\"lazy\" class=\"wp-image-403 size-full\" src=\"https:\/\/www.ufmg.br\/copi-novo\/wp-content\/uploads\/2023\/07\/Screenshot-2023-07-21-at-13-29-56-Novo-Site-Proposta-de-conteudo-textual_V2.png\" alt=\"\" width=\"538\" height=\"204\" srcset=\"https:\/\/www.ufmg.br\/copi\/wp-content\/uploads\/2023\/07\/Screenshot-2023-07-21-at-13-29-56-Novo-Site-Proposta-de-conteudo-textual_V2.png 538w, https:\/\/www.ufmg.br\/copi\/wp-content\/uploads\/2023\/07\/Screenshot-2023-07-21-at-13-29-56-Novo-Site-Proposta-de-conteudo-textual_V2-300x114.png 300w\" sizes=\"(max-width: 538px) 100vw, 538px\" \/><p id=\"caption-attachment-403\" class=\"wp-caption-text\">Par\u00e2metros de avalia\u00e7\u00e3o da pol\u00edtica e a\u00e7\u00f5es de acompanhamento de egressos e egressas do Sinaes 2017. Fonte: Inep\/MEC<\/p><\/div>\n<p>O objetivo do Minist\u00e9rio da Educa\u00e7\u00e3o (MEC), com a introdu\u00e7\u00e3o do Sinaes, \u00e9 promover a avalia\u00e7\u00e3o interna e externa das Institui\u00e7\u00f5es de Educa\u00e7\u00e3o Superior (IES) com o prop\u00f3sito de contribuir com a melhoria da qualidade do ensino superior no Brasil. Essa avalia\u00e7\u00e3o traduz em indicadores aspectos considerados fundamentais \u00e0 vida acad\u00eamica, \u00e0s institui\u00e7\u00f5es de ensino superior (p\u00fablicas e privadas) e a contribui\u00e7\u00e3o dessas institui\u00e7\u00f5es \u00e0 sociedade.<\/p>\n<p>Mais informa\u00e7\u00f5es no site do Instituto Nacional de Estudos e Pesquisas An\u00edsio Teixeira (Inep), vinculado ao Minist\u00e9rio da Educa\u00e7\u00e3o, e respons\u00e1vel pela realiza\u00e7\u00e3o das avalia\u00e7\u00f5es institucionais nas institui\u00e7\u00f5es de ensino superior brasileiras.<\/p>\n","protected":false},"excerpt":{"rendered":"<p>O Sistema Nacional de Avalia\u00e7\u00e3o da Educa\u00e7\u00e3o Superior (Sinaes) prop\u00f5e-se [&hellip;]<\/p>\n","protected":false},"author":2,"featured_media":0,"parent":62,"menu_order":0,"comment_status":"closed","ping_status":"closed","template":"","meta":{"footnotes":""},"acf":[],"_links":{"self":[{"href":"https:\/\/www.ufmg.br\/copi\/wp-json\/wp\/v2\/pages\/265"}],"collection":[{"href":"https:\/\/www.ufmg.br\/copi\/wp-json\/wp\/v2\/pages"}],"about":[{"href":"https:\/\/www.ufmg.br\/copi\/wp-json\/wp\/v2\/types\/page"}],"author":[{"embeddable":true,"href":"https:\/\/www.ufmg.br\/copi\/wp-json\/wp\/v2\/users\/2"}],"replies":[{"embeddable":true,"href":"https:\/\/www.ufmg.br\/copi\/wp-json\/wp\/v2\/comments?post=265"}],"version-history":[{"count":5,"href":"https:\/\/www.ufmg.br\/copi\/wp-json\/wp\/v2\/pages\/265\/revisions"}],"predecessor-version":[{"id":568,"href":"https:\/\/www.ufmg.br\/copi\/wp-json\/wp\/v2\/pages\/265\/revisions\/568"}],"up":[{"embeddable":true,"href":"https:\/\/www.ufmg.br\/copi\/wp-json\/wp\/v2\/pages\/62"}],"wp:attachment":[{"href":"https:\/\/www.ufmg.br\/copi\/wp-json\/wp\/v2\/media?parent=265"}],"curies":[{"name":"wp","href":"https:\/\/api.w.org\/{rel}","templated":true}]}}