{"id":360,"date":"2023-06-21T12:04:48","date_gmt":"2023-06-21T15:04:48","guid":{"rendered":"https:\/\/www.ufmg.br\/copi-novo\/?page_id=360"},"modified":"2023-07-24T10:38:32","modified_gmt":"2023-07-24T13:38:32","slug":"introducao","status":"publish","type":"page","link":"https:\/\/www.ufmg.br\/copi\/cerimonial\/manual\/introducao\/","title":{"rendered":"Introdu\u00e7\u00e3o"},"content":{"rendered":"<p>Eventos oficiais requerem posturas e atitudes que s\u00e3o fundamentais para o sucesso das solenidades, da\u00ed a import\u00e2ncia do servi\u00e7o de cerimonial. Organizar eventos requer muito trabalho, atitude, iniciativa, bom senso, criatividade e compet\u00eancia.<\/p>\n<p>Para assegurar uma boa condu\u00e7\u00e3o do evento, o cerimonial n\u00e3o depende apenas do desempenho de quem o apresenta, j\u00e1 que h\u00e1 uma s\u00e9rie de regras protocolares institu\u00eddas pela legisla\u00e7\u00e3o vigente que devem ser seguidas para garantir a ordem hier\u00e1rquica, bem como detalhes que far\u00e3o o evento, independentemente da dimens\u00e3o, ser bem-visto pelo p\u00fablico participante (BRASIL, 2010).<\/p>\n<p>Dessa forma, com a finalidade de contribuir para o planejamento dos eventos oficiais que s\u00e3o realizados na Universidade Federal de Minas Gerais (UFMG), a Diretoria de Coopera\u00e7\u00e3o Institucional tomou a iniciativa de produzir o presente Manual, visando \u00e0 qualidade dos servi\u00e7os prestados e ao fortalecimento da imagem institucional.<\/p>\n","protected":false},"excerpt":{"rendered":"<p>Eventos oficiais requerem posturas e atitudes que s\u00e3o fundamentais para [&hellip;]<\/p>\n","protected":false},"author":2,"featured_media":0,"parent":250,"menu_order":0,"comment_status":"closed","ping_status":"closed","template":"","meta":{"footnotes":""},"acf":[],"_links":{"self":[{"href":"https:\/\/www.ufmg.br\/copi\/wp-json\/wp\/v2\/pages\/360"}],"collection":[{"href":"https:\/\/www.ufmg.br\/copi\/wp-json\/wp\/v2\/pages"}],"about":[{"href":"https:\/\/www.ufmg.br\/copi\/wp-json\/wp\/v2\/types\/page"}],"author":[{"embeddable":true,"href":"https:\/\/www.ufmg.br\/copi\/wp-json\/wp\/v2\/users\/2"}],"replies":[{"embeddable":true,"href":"https:\/\/www.ufmg.br\/copi\/wp-json\/wp\/v2\/comments?post=360"}],"version-history":[{"count":1,"href":"https:\/\/www.ufmg.br\/copi\/wp-json\/wp\/v2\/pages\/360\/revisions"}],"predecessor-version":[{"id":361,"href":"https:\/\/www.ufmg.br\/copi\/wp-json\/wp\/v2\/pages\/360\/revisions\/361"}],"up":[{"embeddable":true,"href":"https:\/\/www.ufmg.br\/copi\/wp-json\/wp\/v2\/pages\/250"}],"wp:attachment":[{"href":"https:\/\/www.ufmg.br\/copi\/wp-json\/wp\/v2\/media?parent=360"}],"curies":[{"name":"wp","href":"https:\/\/api.w.org\/{rel}","templated":true}]}}