{"id":368,"date":"2023-06-21T12:08:07","date_gmt":"2023-06-21T15:08:07","guid":{"rendered":"https:\/\/www.ufmg.br\/copi-novo\/?page_id=368"},"modified":"2023-06-21T12:08:07","modified_gmt":"2023-06-21T15:08:07","slug":"referencias","status":"publish","type":"page","link":"https:\/\/www.ufmg.br\/copi\/cerimonial\/manual\/referencias\/","title":{"rendered":"Refer\u00eancias"},"content":{"rendered":"<p>BRASIL. Congresso Nacional. Senado Federal. Coordena\u00e7\u00e3o de Rela\u00e7\u00f5es P\u00fablicas. Manual de organiza\u00e7\u00e3o de eventos do Senado Federal \/ Senado Federal, Coordena\u00e7\u00e3o de Rela\u00e7\u00f5es P\u00fablicas. 1. ed. Bras\u00edlia: Senado Federal, 2013. Dispon\u00edvel em &amp;lt;https:\/\/www12.senado.leg.br\/manualdecomunicacao\/ manual-de-eventos&amp;gt;. Acesso em: 23 de julho de 2019.<\/p>\n<p>BRASIL. Decreto no 70.274, de 9 de mar\u00e7o de 1972. Dispon\u00edvel em: http:\/\/www.planalto.gov.br\/ccivil_03\/ decreto\/d70274.htm. Acesso em: 27 de dezembro de 2017.<\/p>\n<p>BRASIL. Lei no 5.700, de 1o de setembro de 1971. Dispon\u00edvel em: http:\/\/www.planalto.gov.br\/ccivil_03\/ leis\/l5700.htm. Acesso em: 21 de novembro de 2019.<\/p>\n<p>BRASIL. Minist\u00e9rio da Educa\u00e7\u00e3o. Secretaria de Educa\u00e7\u00e3o Profissional e Tecnol\u00f3gica. Guia de Eventos, Cerimonial e Protocolo da Rede Federal de Educa\u00e7\u00e3o Profissional e Tecnol\u00f3gica. Bras\u00edlia\/DF, 2010. Dispon\u00edvel em &amp;lt;http:\/\/portal.mec.gov.br\/index.php?option=com_ docman&amp;amp;view=download&amp;amp;alias=7348-guiaeventos-cerimonial-redefera&amp;amp;category_slug=janeiro-2011- pdf&amp;amp;Itemid=30192&amp;gt;. Acesso em: 23 de julho de 2019.<\/p>\n<p>BRASIL. Presid\u00eancia da Rep\u00fablica. Ordem de preced\u00eancia dos Ministros de Estado. Dispon\u00edvel em &amp;lt;https:\/\/www.gov.br\/planalto\/pt-br\/conheca-a-presidencia\/ministros&amp;gt;. Acesso em: 13 de agosto de 2019.<\/p>\n<p>CESCA, Cleuza G. Gimenes.&amp;nbsp;&lt;em&gt;Organiza\u00e7\u00e3o de eventos&lt;\/em&gt;:&amp;nbsp;manual para planejamento e execu\u00e7\u00e3o. S\u00e3o Paulo: SUMMUS EDITORIAL, 1997.<\/p>\n<p>LINS, Augusto Estellita.&amp;nbsp;&lt;em&gt;Etiqueta, protocolo e cerimonial&lt;\/em&gt;. Bras\u00edlia: Linha Gr\u00e1fica, 1991.<\/p>\n<p>ESCOLA DE GOVERNO DO DISTRITO FEDERAL \u2013 EGOV. &lt;em&gt;Curso Cerimonial e protocolo de eventos&lt;\/em&gt;. Bras\u00edlia, s.d. p. 8. Dispon\u00edvel em &amp;lt;http:\/\/egov.df.gov.br\/wp-content\/uploads\/2018\/03\/Apostila-2.pdf&gt;. Acesso em: 20 de setembro de 2019.&lt;img width=\u201d0.250000\u2033 height=\u201d15.124600\u2033 src=\u201dblob:https:\/\/www.ufmg.br\/a233ac6d-8e47-40ce-a39d-c838b0e18073\u2033 alt=\u201dpage55image34019520\u2033&gt;&lt;img width=\u201d0.250000\u2033 height=\u201d15.124600\u2033 src=\u201dblob:https:\/\/www.ufmg.br\/dcea4b4e-f195-4050-89cb-9a1a06dabad6\u2033 alt=\u201dpage55image34016256\u2033&gt;<\/p>\n<p>VIANA, Fl\u00e1vio Benedicto.&amp;nbsp;&lt;em&gt;Universidade: protocolo, rito e cerimonial&lt;\/em&gt;. S\u00e3o Paulo: L\u00famen, 1998.<\/p>\n<p>UNIVERSIDADE FEDERAL DE MINAS GERAIS. &lt;em&gt;Regimento Geral&lt;\/em&gt;. Belo Horizonte: Imprensa Universit\u00e1ria, 2018.<\/p>\n<p>UNIVERSIDADE FEDERAL DE MINAS GERAIS&lt;em&gt;. Estatuto&lt;\/em&gt;. Belo Horizonte: Imprensa Universit\u00e1ria, 1999.<\/p>\n","protected":false},"excerpt":{"rendered":"<p>BRASIL. Congresso Nacional. Senado Federal. Coordena\u00e7\u00e3o de Rela\u00e7\u00f5es P\u00fablicas. Manual [&hellip;]<\/p>\n","protected":false},"author":2,"featured_media":0,"parent":250,"menu_order":0,"comment_status":"closed","ping_status":"closed","template":"","meta":{"footnotes":""},"acf":[],"_links":{"self":[{"href":"https:\/\/www.ufmg.br\/copi\/wp-json\/wp\/v2\/pages\/368"}],"collection":[{"href":"https:\/\/www.ufmg.br\/copi\/wp-json\/wp\/v2\/pages"}],"about":[{"href":"https:\/\/www.ufmg.br\/copi\/wp-json\/wp\/v2\/types\/page"}],"author":[{"embeddable":true,"href":"https:\/\/www.ufmg.br\/copi\/wp-json\/wp\/v2\/users\/2"}],"replies":[{"embeddable":true,"href":"https:\/\/www.ufmg.br\/copi\/wp-json\/wp\/v2\/comments?post=368"}],"version-history":[{"count":1,"href":"https:\/\/www.ufmg.br\/copi\/wp-json\/wp\/v2\/pages\/368\/revisions"}],"predecessor-version":[{"id":369,"href":"https:\/\/www.ufmg.br\/copi\/wp-json\/wp\/v2\/pages\/368\/revisions\/369"}],"up":[{"embeddable":true,"href":"https:\/\/www.ufmg.br\/copi\/wp-json\/wp\/v2\/pages\/250"}],"wp:attachment":[{"href":"https:\/\/www.ufmg.br\/copi\/wp-json\/wp\/v2\/media?parent=368"}],"curies":[{"name":"wp","href":"https:\/\/api.w.org\/{rel}","templated":true}]}}