{"id":3743,"date":"2023-09-26T11:50:58","date_gmt":"2023-09-26T14:50:58","guid":{"rendered":"https:\/\/www.ufmg.br\/copi-novo\/?page_id=3743"},"modified":"2023-09-26T12:00:39","modified_gmt":"2023-09-26T15:00:39","slug":"homenageados-de-2017","status":"publish","type":"page","link":"https:\/\/www.ufmg.br\/copi\/cerimonial\/medalha-mendes-pimentel\/homenageados-de-2017\/","title":{"rendered":"Laureados do ano 2017"},"content":{"rendered":"\n<p id=\"block-030d0ea6-5bda-44b6-8393-50c7ffed1d37\">Affonso Celso \u00c1vila<\/p>\n\n\n\n<p>Curso Intensivo de Prepara\u00e7\u00e3o de M\u00e3o de Obra Industrial (CIPMOI)<\/p>\n\n\n\n<p>Associa\u00e7\u00e3o de Universidades Grupo Montevid\u00e9u (AUGM)<\/p>\n\n\n\n<p>Angelo Barbosa Monteiro Machado<\/p>\n\n\n\n<div style=\"height:26px\" aria-hidden=\"true\" class=\"wp-block-spacer\"><\/div>\n\n\n\n<p id=\"block-9651ab76-3f3c-40fe-aaf1-2b6d8c23fa3e\"><strong>Homenagens p\u00f3stumas<\/strong>:<\/p>\n\n\n\n<p id=\"block-f23f7e94-16f3-4695-83eb-cd2a6712a0d3\">\u2020 Roseni Ros\u00e2ngela de Sena<\/p>\n\n\n\n<p>\u2020 Cid Veloso<\/p>\n\n\n\n<p><\/p>\n","protected":false},"excerpt":{"rendered":"<p>Affonso Celso \u00c1vila Curso Intensivo de Prepara\u00e7\u00e3o de M\u00e3o de [&hellip;]<\/p>\n","protected":false},"author":2,"featured_media":0,"parent":185,"menu_order":0,"comment_status":"closed","ping_status":"closed","template":"","meta":{"footnotes":""},"acf":[],"_links":{"self":[{"href":"https:\/\/www.ufmg.br\/copi\/wp-json\/wp\/v2\/pages\/3743"}],"collection":[{"href":"https:\/\/www.ufmg.br\/copi\/wp-json\/wp\/v2\/pages"}],"about":[{"href":"https:\/\/www.ufmg.br\/copi\/wp-json\/wp\/v2\/types\/page"}],"author":[{"embeddable":true,"href":"https:\/\/www.ufmg.br\/copi\/wp-json\/wp\/v2\/users\/2"}],"replies":[{"embeddable":true,"href":"https:\/\/www.ufmg.br\/copi\/wp-json\/wp\/v2\/comments?post=3743"}],"version-history":[{"count":2,"href":"https:\/\/www.ufmg.br\/copi\/wp-json\/wp\/v2\/pages\/3743\/revisions"}],"predecessor-version":[{"id":3751,"href":"https:\/\/www.ufmg.br\/copi\/wp-json\/wp\/v2\/pages\/3743\/revisions\/3751"}],"up":[{"embeddable":true,"href":"https:\/\/www.ufmg.br\/copi\/wp-json\/wp\/v2\/pages\/185"}],"wp:attachment":[{"href":"https:\/\/www.ufmg.br\/copi\/wp-json\/wp\/v2\/media?parent=3743"}],"curies":[{"name":"wp","href":"https:\/\/api.w.org\/{rel}","templated":true}]}}