{"id":3769,"date":"2023-09-26T12:32:41","date_gmt":"2023-09-26T15:32:41","guid":{"rendered":"https:\/\/www.ufmg.br\/copi-novo\/?page_id=3769"},"modified":"2023-09-26T12:32:41","modified_gmt":"2023-09-26T15:32:41","slug":"laureados-do-ano-2001","status":"publish","type":"page","link":"https:\/\/www.ufmg.br\/copi\/sempreufmg\/medalha-de-honra\/laureados-do-ano-2001\/","title":{"rendered":"Laureados do ano 2001"},"content":{"rendered":"\n<p><strong>Silviano Santiago<\/strong><\/p>\n\n\n\n<p>Escritor\/Ensa\u00edsta<\/p>\n\n\n\n<p>Faculdade de Letras<\/p>\n\n\n\n<p><strong>Silma Maria Cunha Pinheiro<\/strong><\/p>\n\n\n\n<p>Enfermeira<\/p>\n\n\n\n<p>Escola de Enfermagem<\/p>\n\n\n\n<p><strong>Radam\u00e9s Teixeira da Silva<\/strong><\/p>\n\n\n\n<p>Arquiteto\/Urbanista<\/p>\n\n\n\n<p>Escola de Arquitetura<\/p>\n\n\n\n<p><strong>Priscila Euler Freire de Carvalho<\/strong><\/p>\n\n\n\n<p>Bibliotec\u00e1ria e Administradora de Museu<\/p>\n\n\n\n<p>Escola de Ci\u00eancia da Informa\u00e7\u00e3o<\/p>\n\n\n\n<p><strong>Murilo Paulino Badar\u00f3<\/strong><\/p>\n\n\n\n<p>Pol\u00edtico\/Administrador P\u00fablico<\/p>\n\n\n\n<p>Faculdade de Direito<\/p>\n\n\n\n<p><strong>Maria Antonieta Bianchi<\/strong><\/p>\n\n\n\n<p>Educadora<\/p>\n\n\n\n<p>Faculdade de Educa\u00e7\u00e3o<\/p>\n\n\n\n<p><strong>Jos\u00e9 Elias Murad<\/strong><\/p>\n\n\n\n<p>Deputado Federal<\/p>\n\n\n\n<p>Faculdade de Farm\u00e1cia<\/p>\n\n\n\n<p><strong>Jonas Bloch<\/strong><\/p>\n\n\n\n<p>Artista<\/p>\n\n\n\n<p>Escola de Belas Artes<\/p>\n\n\n\n<p><strong>Jo\u00e3o Roberto Rodarte<\/strong><\/p>\n\n\n\n<p>Consultor<\/p>\n\n\n\n<p>Instituto de Ci\u00eancias Exatas<\/p>\n\n\n\n<p><strong>Hugo Canfora<\/strong><\/p>\n\n\n\n<p>Engenheiro<\/p>\n\n\n\n<p>Escola de Engenharia<\/p>\n\n\n\n<p><strong>Henrique Ant\u00f4nio Santillo<\/strong><\/p>\n\n\n\n<p>M\u00e9dico\/Pol\u00edtico<\/p>\n\n\n\n<p>Faculdade de Medicina<\/p>\n\n\n\n<p><strong>F\u00e1bio Paceli Anselmo<\/strong><\/p>\n\n\n\n<p>Veterin\u00e1rio\/Pesquisador<\/p>\n\n\n\n<p>Escola de Veterin\u00e1ria<\/p>\n\n\n\n<p><strong>Arnaldo Augusto de Godoy<\/strong><\/p>\n\n\n\n<p>Vereador de Belo Horizonte<\/p>\n\n\n\n<p>Faculdade de Filosofia e Ci\u00eancias Humanas<\/p>\n\n\n\n<p><strong>\u00c2ngela Regina Pinto Coelho<\/strong><\/p>\n\n\n\n<p>Maestrina<\/p>\n\n\n\n<p>Escola de M\u00fasica<\/p>\n\n\n\n<div style=\"height:51px\" aria-hidden=\"true\" class=\"wp-block-spacer\"><\/div>\n\n\n\n<p class=\"has-medium-font-size\"><strong>Homenageados do reitor<\/strong><\/p>\n\n\n\n<div style=\"height:17px\" aria-hidden=\"true\" class=\"wp-block-spacer\"><\/div>\n\n\n\n<p><strong>Samuel Rosa<\/strong><\/p>\n\n\n\n<p>M\u00fasico da Banda Skank (vocalista e guitarrista)<\/p>\n\n\n\n<p><strong>Jos\u00e9 Murilo de Carvalho<\/strong><\/p>\n\n\n\n<p>Historiador e Cientista Pol\u00edtico<\/p>\n\n\n\n<p><strong>\u00cdtalo Aur\u00e9lio Gaetani<\/strong><\/p>\n\n\n\n<p>Engenheiro\/Empres\u00e1rio<\/p>\n","protected":false},"excerpt":{"rendered":"<p>Silviano Santiago Escritor\/Ensa\u00edsta Faculdade de Letras Silma Maria Cunha Pinheiro [&hellip;]<\/p>\n","protected":false},"author":2,"featured_media":0,"parent":187,"menu_order":0,"comment_status":"closed","ping_status":"closed","template":"","meta":{"footnotes":""},"acf":[],"_links":{"self":[{"href":"https:\/\/www.ufmg.br\/copi\/wp-json\/wp\/v2\/pages\/3769"}],"collection":[{"href":"https:\/\/www.ufmg.br\/copi\/wp-json\/wp\/v2\/pages"}],"about":[{"href":"https:\/\/www.ufmg.br\/copi\/wp-json\/wp\/v2\/types\/page"}],"author":[{"embeddable":true,"href":"https:\/\/www.ufmg.br\/copi\/wp-json\/wp\/v2\/users\/2"}],"replies":[{"embeddable":true,"href":"https:\/\/www.ufmg.br\/copi\/wp-json\/wp\/v2\/comments?post=3769"}],"version-history":[{"count":1,"href":"https:\/\/www.ufmg.br\/copi\/wp-json\/wp\/v2\/pages\/3769\/revisions"}],"predecessor-version":[{"id":3771,"href":"https:\/\/www.ufmg.br\/copi\/wp-json\/wp\/v2\/pages\/3769\/revisions\/3771"}],"up":[{"embeddable":true,"href":"https:\/\/www.ufmg.br\/copi\/wp-json\/wp\/v2\/pages\/187"}],"wp:attachment":[{"href":"https:\/\/www.ufmg.br\/copi\/wp-json\/wp\/v2\/media?parent=3769"}],"curies":[{"name":"wp","href":"https:\/\/api.w.org\/{rel}","templated":true}]}}