{"id":3773,"date":"2023-09-26T12:37:42","date_gmt":"2023-09-26T15:37:42","guid":{"rendered":"https:\/\/www.ufmg.br\/copi-novo\/?page_id=3773"},"modified":"2023-09-26T12:37:43","modified_gmt":"2023-09-26T15:37:43","slug":"laureados-do-ano-2002","status":"publish","type":"page","link":"https:\/\/www.ufmg.br\/copi\/sempreufmg\/medalha-de-honra\/laureados-do-ano-2002\/","title":{"rendered":"Laureados do ano 2002"},"content":{"rendered":"\n<p><strong>Tomaz de Aquino Porf\u00edrio<\/strong><\/p>\n\n\n\n<p>M\u00e9dico-Veterin\u00e1rio &#8211; Chefe do Laborat\u00f3rio Regional de Apoio Animal\/Minist\u00e9rio da Agricultura<\/p>\n\n\n\n<p>Escola de Veterin\u00e1ria<\/p>\n\n\n\n<p><strong>Therezinha Augusta da Rocha<\/strong><\/p>\n\n\n\n<p>Educadora<\/p>\n\n\n\n<p>Faculdade de Educa\u00e7\u00e3o<\/p>\n\n\n\n<p><strong>Sandra Loureiro de Freitas Reis<\/strong><\/p>\n\n\n\n<p>Maestrina<\/p>\n\n\n\n<p>Music\u00f3loga\/Pianista\/Compositora<\/p>\n\n\n\n<p><strong>Rodrigo Corr\u00eaa-Oliveira<\/strong><\/p>\n\n\n\n<p>Pesquisador Titular do Centro de Pesquisas Ren\u00e9 Rachou-Fiocruz<\/p>\n\n\n\n<p>Instituto de Ci\u00eancias Biol\u00f3gicas<\/p>\n\n\n\n<p><strong>Rivane Neuenschwander<\/strong><\/p>\n\n\n\n<p>Artista Pl\u00e1stica<\/p>\n\n\n\n<p>Escola de Belas Artes<\/p>\n\n\n\n<p><strong>Maria Natividade Gomes da Silva Teixeira Santana<\/strong><\/p>\n\n\n\n<p>Conselheira do Conselho Nacional de Sa\u00fade &#8211; Membro da Comiss\u00e3o Intersetorial de Recursos Humanos para o SUS do CNS<\/p>\n\n\n\n<p>Escola de Enfermagem<\/p>\n\n\n\n<p><strong>Maria L\u00facia Godoy<\/strong><\/p>\n\n\n\n<p>Cantora L\u00edrica<\/p>\n\n\n\n<p>Faculdade de Letras<\/p>\n\n\n\n<p><strong>Jos\u00e9 Tarc\u00edsio Caixeta<\/strong><\/p>\n\n\n\n<p>Vereador por Belo Horizonte<\/p>\n\n\n\n<p>Escola de Engenharia<\/p>\n\n\n\n<p><strong>Jorge de Sousa Lima<\/strong><\/p>\n\n\n\n<p>Odontologista<\/p>\n\n\n\n<p>Faculdade de Odontologia<\/p>\n\n\n\n<p><strong>Helena Greco<\/strong><\/p>\n\n\n\n<p>Farmac\u00eautica\/Militante dos Direitos Humanos<\/p>\n\n\n\n<p>Faculdade de Farm\u00e1cia<\/p>\n\n\n\n<p><strong>Eolo de Castro<\/strong><\/p>\n\n\n\n<p>Arquiteto<\/p>\n\n\n\n<p>Escola de Arquitetura<\/p>\n\n\n\n<p><strong>Eduardo da Luz Moreira<\/strong><\/p>\n\n\n\n<p>Ator Integrante do Grupo galp\u00e3o<\/p>\n\n\n\n<p>Faculdade Filosofia e Ci\u00eancias Humanas<\/p>\n\n\n\n<p><strong>Ant\u00f4nio Augusto Can\u00e7ado Trindade<\/strong><\/p>\n\n\n\n<p>Presidente da Corte Interamericana de Direitos Humanos<\/p>\n\n\n\n<p>Faculdade de Direito<\/p>\n\n\n\n<p><strong>Aloysio de Andrade Faria<\/strong><\/p>\n\n\n\n<p>Empres\u00e1rio<\/p>\n\n\n\n<p>Faculdade de Medicina<\/p>\n\n\n\n<div style=\"height:76px\" aria-hidden=\"true\" class=\"wp-block-spacer\"><\/div>\n\n\n\n<p><strong>Homenagens p\u00f3stumas<\/strong><\/p>\n\n\n\n<div style=\"height:16px\" aria-hidden=\"true\" class=\"wp-block-spacer\"><\/div>\n\n\n\n<p><strong>Juscelino Kubitschek de Oliveira<\/strong><\/p>\n\n\n\n<p>Presidente do Brasil \/ 1956-1961<\/p>\n\n\n\n<p><strong>Em\u00edlio Guimar\u00e3es Moura<\/strong><\/p>\n\n\n\n<p>Poeta<\/p>\n\n\n\n<p><strong>Carlos Drummond de Andrade<\/strong><\/p>\n\n\n\n<p>Poeta<\/p>\n\n\n\n<div style=\"height:83px\" aria-hidden=\"true\" class=\"wp-block-spacer\"><\/div>\n\n\n\n<p class=\"has-medium-font-size\"><strong>Homenageados do reitor<\/strong><\/p>\n\n\n\n<div style=\"height:18px\" aria-hidden=\"true\" class=\"wp-block-spacer\"><\/div>\n\n\n\n<p><strong>Luiz Andr\u00e9 Rico Vicente<\/strong><\/p>\n\n\n\n<p>Empres\u00e1rio\/Diretor &#8211; Presidente da A\u00e7ominas<\/p>\n\n\n\n<p><strong>Fernando Rocha Brant<\/strong><\/p>\n\n\n\n<p>Compositor<\/p>\n\n\n\n<p><strong>Angela Maria Pace Silva de Assis<\/strong><\/p>\n\n\n\n<p>Secret\u00e1ria de Estado da Justi\u00e7a e de Direitos Humanos de Minas Gerais<\/p>\n","protected":false},"excerpt":{"rendered":"<p>Tomaz de Aquino Porf\u00edrio M\u00e9dico-Veterin\u00e1rio &#8211; Chefe do Laborat\u00f3rio Regional [&hellip;]<\/p>\n","protected":false},"author":2,"featured_media":0,"parent":187,"menu_order":0,"comment_status":"closed","ping_status":"closed","template":"","meta":{"footnotes":""},"acf":[],"_links":{"self":[{"href":"https:\/\/www.ufmg.br\/copi\/wp-json\/wp\/v2\/pages\/3773"}],"collection":[{"href":"https:\/\/www.ufmg.br\/copi\/wp-json\/wp\/v2\/pages"}],"about":[{"href":"https:\/\/www.ufmg.br\/copi\/wp-json\/wp\/v2\/types\/page"}],"author":[{"embeddable":true,"href":"https:\/\/www.ufmg.br\/copi\/wp-json\/wp\/v2\/users\/2"}],"replies":[{"embeddable":true,"href":"https:\/\/www.ufmg.br\/copi\/wp-json\/wp\/v2\/comments?post=3773"}],"version-history":[{"count":2,"href":"https:\/\/www.ufmg.br\/copi\/wp-json\/wp\/v2\/pages\/3773\/revisions"}],"predecessor-version":[{"id":3775,"href":"https:\/\/www.ufmg.br\/copi\/wp-json\/wp\/v2\/pages\/3773\/revisions\/3775"}],"up":[{"embeddable":true,"href":"https:\/\/www.ufmg.br\/copi\/wp-json\/wp\/v2\/pages\/187"}],"wp:attachment":[{"href":"https:\/\/www.ufmg.br\/copi\/wp-json\/wp\/v2\/media?parent=3773"}],"curies":[{"name":"wp","href":"https:\/\/api.w.org\/{rel}","templated":true}]}}