{"id":3781,"date":"2023-10-02T13:12:14","date_gmt":"2023-10-02T16:12:14","guid":{"rendered":"https:\/\/www.ufmg.br\/copi-novo\/?page_id=3781"},"modified":"2023-10-02T13:12:15","modified_gmt":"2023-10-02T16:12:15","slug":"laureados-do-ano-2005","status":"publish","type":"page","link":"https:\/\/www.ufmg.br\/copi\/sempreufmg\/medalha-de-honra\/laureados-do-ano-2005\/","title":{"rendered":"Laureados do ano 2005"},"content":{"rendered":"\n<p><strong>Wilson Luiz Abrantes<\/strong><\/p>\n\n\n\n<p>M\u00e9dico e Professor<\/p>\n\n\n\n<p>Faculdade de Medicina<\/p>\n\n\n\n<p><strong>T\u00e2nia Regina Motta Pessoa Guimar\u00e3es Camilo<\/strong><\/p>\n\n\n\n<p>Enfermeira Sanitarista<\/p>\n\n\n\n<p>Escola de Enfermagem<\/p>\n\n\n\n<p><strong>Maria Laura Coutinho<\/strong><\/p>\n\n\n\n<p>Bibliotec\u00e1ria\/Analista Legislativo da C\u00e2mara dos Deputados<\/p>\n\n\n\n<p>Escola de Ci\u00eancia da Informa\u00e7\u00e3o<\/p>\n\n\n\n<p><strong>Maria Eleonora Barroso Santa Rosa<\/strong><\/p>\n\n\n\n<p>Produtora Cultural\/Secret\u00e1ria de Estado de Cultura de Minas Gerais<\/p>\n\n\n\n<p>Faculdade de Filosofia e Ci\u00eancias Humanas<\/p>\n\n\n\n<p><strong>Maria Dativa de Salles Gon\u00e7alves<\/strong><\/p>\n\n\n\n<p>Pedagoga\/Membro do Conselho Estadual de Educa\u00e7\u00e3o do Paran\u00e1<\/p>\n\n\n\n<p>Faculdade de Educa\u00e7\u00e3o<\/p>\n\n\n\n<p><strong>Jos\u00e9 Francisco Rezek<\/strong><\/p>\n\n\n\n<p>Juiz da Corte Internacional de Justi\u00e7a de Haia<\/p>\n\n\n\n<p>Faculdade de Direito<\/p>\n\n\n\n<p><strong>Guy Maria Villela Paschoal<\/strong><\/p>\n\n\n\n<p>Consultor da Centrais El\u00e9tricas Brasileiras S.A. &#8211; Eletrobras<\/p>\n\n\n\n<p>Escola de Engenharia<\/p>\n\n\n\n<p><strong>Fernando de Oliveira Gra\u00e7a<\/strong><\/p>\n\n\n\n<p>Arquiteto<\/p>\n\n\n\n<p>Escola de Arquitetura<\/p>\n\n\n\n<p><strong>Fabia Russano Yazaki<\/strong><\/p>\n\n\n\n<p>Estat\u00edstica\/Divis\u00e3o de Estat\u00edstica da Organiza\u00e7\u00e3o das Na\u00e7\u00f5es Unidas &#8211; ONU<\/p>\n\n\n\n<p>Instituto de Ci\u00eancias Exatas<\/p>\n\n\n\n<p><strong>Eug\u00eanio Vila\u00e7a Mendes<\/strong><\/p>\n\n\n\n<p>Cirurgi\u00e3o-dentista\/Professor\/Consultor em Sa\u00fade P\u00fablica<\/p>\n\n\n\n<p>Faculdade de Odontologia<\/p>\n\n\n\n<p><strong>Erli de Oliveira Fantini Chachan<\/strong><\/p>\n\n\n\n<p>Artista Pl\u00e1stica<\/p>\n\n\n\n<p>Escola de Belas Artes<\/p>\n\n\n\n<p><strong>Carlos Alberto Silva<\/strong><\/p>\n\n\n\n<p>Desportista \/ T\u00e9cnico da Sele\u00e7\u00e3o Brasileira de Futebol Masculino (1987-1988)<\/p>\n\n\n\n<p>Escola de Educa\u00e7\u00e3o F\u00edsica, Fisioterapia e Terapia Ocupacional<\/p>\n\n\n\n<p><strong>Carlos Alberto Pereira Gomes<\/strong><\/p>\n\n\n\n<p>Farmac\u00eautico\/Presidente da Funda\u00e7\u00e3o Ezequiel Dias &#8211; Funed<\/p>\n\n\n\n<p>Faculdade de Farm\u00e1cia<\/p>\n\n\n\n<p><strong>Altino Rodrigues Neto<\/strong><\/p>\n\n\n\n<p>M\u00e9dico Veterin\u00e1rio \/ Diretor-Geral do Instituto Mineiro de Agropecu\u00e1ria &#8211; IMA<\/p>\n\n\n\n<p>Escola de Veterin\u00e1ria<\/p>\n\n\n\n<div style=\"height:51px\" aria-hidden=\"true\" class=\"wp-block-spacer\"><\/div>\n\n\n\n<p class=\"has-medium-font-size\"><strong>Homenagens p\u00f3stumas<\/strong><\/p>\n\n\n\n<div style=\"height:17px\" aria-hidden=\"true\" class=\"wp-block-spacer\"><\/div>\n\n\n\n<p><strong>H\u00e9lio Pellegrino<\/strong><\/p>\n\n\n\n<p>Psicanalista\/Escritor<\/p>\n\n\n\n<p><strong>Ad\u00e3o Ventura<\/strong><\/p>\n\n\n\n<p>Poeta<\/p>\n\n\n\n<div style=\"height:51px\" aria-hidden=\"true\" class=\"wp-block-spacer\"><\/div>\n\n\n\n<p class=\"has-medium-font-size\"><strong>Homenageados do reitor<\/strong><\/p>\n\n\n\n<div style=\"height:17px\" aria-hidden=\"true\" class=\"wp-block-spacer\"><\/div>\n\n\n\n<p><strong>Virgilio Guimar\u00e3es de Paula<\/strong><\/p>\n\n\n\n<p>Deputado Federal<\/p>\n\n\n\n<p><strong>Guilherme Caldas Emrich<\/strong><\/p>\n\n\n\n<p>Empres\u00e1rio\/Presidente do Conselho de Administra\u00e7\u00e3o da BIOMM S.A<\/p>\n\n\n\n<p><strong>Waldomiro Freitas Autran Dourado<\/strong><\/p>\n\n\n\n<p>Escritor<\/p>\n","protected":false},"excerpt":{"rendered":"<p>Wilson Luiz Abrantes M\u00e9dico e Professor Faculdade de Medicina T\u00e2nia [&hellip;]<\/p>\n","protected":false},"author":2,"featured_media":0,"parent":187,"menu_order":0,"comment_status":"closed","ping_status":"closed","template":"","meta":{"footnotes":""},"acf":[],"_links":{"self":[{"href":"https:\/\/www.ufmg.br\/copi\/wp-json\/wp\/v2\/pages\/3781"}],"collection":[{"href":"https:\/\/www.ufmg.br\/copi\/wp-json\/wp\/v2\/pages"}],"about":[{"href":"https:\/\/www.ufmg.br\/copi\/wp-json\/wp\/v2\/types\/page"}],"author":[{"embeddable":true,"href":"https:\/\/www.ufmg.br\/copi\/wp-json\/wp\/v2\/users\/2"}],"replies":[{"embeddable":true,"href":"https:\/\/www.ufmg.br\/copi\/wp-json\/wp\/v2\/comments?post=3781"}],"version-history":[{"count":1,"href":"https:\/\/www.ufmg.br\/copi\/wp-json\/wp\/v2\/pages\/3781\/revisions"}],"predecessor-version":[{"id":3783,"href":"https:\/\/www.ufmg.br\/copi\/wp-json\/wp\/v2\/pages\/3781\/revisions\/3783"}],"up":[{"embeddable":true,"href":"https:\/\/www.ufmg.br\/copi\/wp-json\/wp\/v2\/pages\/187"}],"wp:attachment":[{"href":"https:\/\/www.ufmg.br\/copi\/wp-json\/wp\/v2\/media?parent=3781"}],"curies":[{"name":"wp","href":"https:\/\/api.w.org\/{rel}","templated":true}]}}