{"id":3784,"date":"2023-10-02T13:20:10","date_gmt":"2023-10-02T16:20:10","guid":{"rendered":"https:\/\/www.ufmg.br\/copi-novo\/?page_id=3784"},"modified":"2023-10-02T13:20:11","modified_gmt":"2023-10-02T16:20:11","slug":"laureados-do-ano-2008","status":"publish","type":"page","link":"https:\/\/www.ufmg.br\/copi\/sempreufmg\/medalha-de-honra\/laureados-do-ano-2008\/","title":{"rendered":"Laureados do ano 2008"},"content":{"rendered":"\n<p><strong>Val\u00e9ria Mariana Atella Barbosa<\/strong><\/p>\n\n\n\n<p>Secret\u00e1ria Municipal de Sa\u00fade de Itabirito<\/p>\n\n\n\n<p>Faculdade de Odontologia<\/p>\n\n\n\n<p><strong>Ros\u00e1lia Para\u00edso Matta de Paula<\/strong><\/p>\n\n\n\n<p>Diretora da Unidade de Neg\u00f3cios das Empresas Documentar Tecnologia e Informa\u00e7\u00e3o Ltda<\/p>\n\n\n\n<p>Escola de Ci\u00eancia da Informa\u00e7\u00e3o<\/p>\n\n\n\n<p><strong>Roque de Barros Laraia<\/strong><\/p>\n\n\n\n<p>Antrop\u00f3logo e Professor Em\u00e9rito da Universidade de Bras\u00edlia<\/p>\n\n\n\n<p>Faculdade de Filosofia e Ci\u00eancias Humanas<\/p>\n\n\n\n<p><strong>Nilson Vital Naves<\/strong><\/p>\n\n\n\n<p>Ministro do Superior Tribunal de Justi\u00e7a<\/p>\n\n\n\n<p>Faculdade de Direito<\/p>\n\n\n\n<p><strong>Marc\u00edlio Magalh\u00e3es Vaz de Oliveira<\/strong><\/p>\n\n\n\n<p>Veterin\u00e1rio da Companhia Nacional de Abastecimento do Minist\u00e9rio da Agricultura, Pecu\u00e1ria e Abastecimento<\/p>\n\n\n\n<p>Escola de Veterin\u00e1ria<\/p>\n\n\n\n<div style=\"height:51px\" aria-hidden=\"true\" class=\"wp-block-spacer\"><\/div>\n\n\n\n<p class=\"has-medium-font-size\"><strong>Homenagens p\u00f3stumas<\/strong><\/p>\n\n\n\n<div style=\"height:17px\" aria-hidden=\"true\" class=\"wp-block-spacer\"><\/div>\n\n\n\n<p><strong>Walk\u00edria Afonso Costa<\/strong><\/p>\n\n\n\n<p>Curso: Pedagogia<\/p>\n\n\n\n<p>Faculdade de Educa\u00e7\u00e3o<\/p>\n\n\n\n<p><strong>Orlando da Silva Rosa Bonfim Junior<\/strong><\/p>\n\n\n\n<p>Curso: Direito<\/p>\n\n\n\n<p>Faculdade de Direito<\/p>\n\n\n\n<p><strong>Maria Auxiliadora Lara Barcellos<\/strong><\/p>\n\n\n\n<p>Curso: Medicina<\/p>\n\n\n\n<p>Faculdade de Medicina<\/p>\n\n\n\n<p><strong>Juares Guimar\u00e3es de Brito<\/strong><\/p>\n\n\n\n<p>Curso: Sociologia e Pol\u00edtica<\/p>\n\n\n\n<p>Faculdade de Ci\u00eancias Econ\u00f4micas<\/p>\n\n\n\n<p><strong>Jos\u00e9 Carlos Novaes da Mata Machado<\/strong><\/p>\n\n\n\n<p>Curso: Direito<\/p>\n\n\n\n<p>Faculdade de Direito<\/p>\n\n\n\n<p><strong>Jo\u00e3o Batista Franco Drumond<\/strong><\/p>\n\n\n\n<p>Curso: Ci\u00eancias Econ\u00f4micas<\/p>\n\n\n\n<p>Faculdade de Ci\u00eancias Econ\u00f4micas<\/p>\n\n\n\n<p><strong>Idal\u00edsio Soares Aranha Filho<\/strong><\/p>\n\n\n\n<p>Curso: Psicologia<\/p>\n\n\n\n<p>Faculdade de Filosofia e Ci\u00eancias Humanas<\/p>\n\n\n\n<p><strong>Gildo Macedo Lacerda<\/strong><\/p>\n\n\n\n<p>Curso: Ci\u00eancias Econ\u00f4micas<\/p>\n\n\n\n<p>Faculdade de Ci\u00eancias Econ\u00f4micas<\/p>\n\n\n\n<p><strong>Carlos Alberto Soares de Freitas<\/strong><\/p>\n\n\n\n<p>Curso: Sociologia e Pol\u00edtica<\/p>\n\n\n\n<p>Faculdade de Ci\u00eancias Econ\u00f4micas<\/p>\n\n\n\n<p><strong>Ant\u00f4nio Joaquim de Souza Machado<\/strong><\/p>\n\n\n\n<p>Curso: Direito<\/p>\n\n\n\n<p>Faculdade de Direito<\/p>\n\n\n\n<p><strong>Angelo Pezzuti da Silva<\/strong><\/p>\n\n\n\n<p>Curso: Medicina<\/p>\n\n\n\n<p>Faculdade de Medicina<\/p>\n\n\n\n<p><strong>Jo\u00e3o Guimar\u00e3es Rosa<\/strong><\/p>\n\n\n\n<p>Escritor &#8211; 100 anos<\/p>\n\n\n\n<p>Gradua\u00e7\u00e3o: Medicina<\/p>\n\n\n\n<div style=\"height:51px\" aria-hidden=\"true\" class=\"wp-block-spacer\"><\/div>\n\n\n\n<p class=\"has-medium-font-size\"><strong>Homenageados do reitor<\/strong><\/p>\n\n\n\n<div style=\"height:17px\" aria-hidden=\"true\" class=\"wp-block-spacer\"><\/div>\n\n\n\n<p><strong>Paulo Pederneiras<\/strong><\/p>\n\n\n\n<p>Diretor Geral e Art\u00edstico do Grupo Corpo<\/p>\n\n\n\n<p><strong>Eduardo Gon\u00e7alves Andrade<\/strong><\/p>\n\n\n\n<p>M\u00e9dico e Cronista Esportivo<\/p>\n\n\n\n<p><strong>Homenagem por M\u00e9rito<\/strong><\/p>\n\n\n\n<p><strong>S\u00f4nia Diniz Viana<\/strong><\/p>\n\n\n\n<p>Ju\u00edza Federal em Belo Horizonte\/MG<\/p>\n\n\n\n<p><strong>Maria do Pilar Lacerda Almeida e Silva<\/strong><\/p>\n\n\n\n<p>Professora de Hist\u00f3ria e Secret\u00e1ria Nacional de Educa\u00e7\u00e3o B\u00e1sica do Minist\u00e9rio da Educa\u00e7\u00e3o<\/p>\n\n\n\n<p><strong>Jos\u00e9 Carlos Laender de Castro<\/strong><\/p>\n\n\n\n<p>Arquiteto<\/p>\n\n\n\n<p>Escola de Arquitetura<\/p>\n\n\n\n<p><strong>Jos\u00e9 Agenor \u00c1lvares da Silva<\/strong><\/p>\n\n\n\n<p>Farmac\u00eautico, Sanitarista e Diretor da Ag\u00eancia Nacional de Vigil\u00e2ncia Sanit\u00e1ria<\/p>\n\n\n\n<p>Faculdade de Farm\u00e1cia<\/p>\n\n\n\n<p><strong>Jimmy Leroy Faria<\/strong><\/p>\n\n\n\n<p>Vice-Presidente de Conte\u00fado da Nickelodeon e VH1 Brasil e Diretor de Cria\u00e7\u00e3o da Nickielodeon Am\u00e9rica Latina<\/p>\n\n\n\n<p>Escola de Belas Artes<\/p>\n\n\n\n<p><strong>I\u00eada Maria Luz Brito<\/strong><\/p>\n\n\n\n<p>Educadora<\/p>\n\n\n\n<p>Faculdade de Educa\u00e7\u00e3o<\/p>\n\n\n\n<p><strong>H\u00e9lio Ferreira dos Santos<\/strong><\/p>\n\n\n\n<p>Professor e Pesquisador da Universidade Federal de Juiz de Fora<\/p>\n\n\n\n<p>Instituto de Ci\u00eancias Exatas<\/p>\n\n\n\n<p><strong>Francisco Paes Barreto<\/strong><\/p>\n\n\n\n<p>Psiquiatra e Psicanalista<\/p>\n\n\n\n<p>Faculdade de Medicina<\/p>\n\n\n\n<p><strong>Francisco Marques<\/strong><\/p>\n\n\n\n<p>Professor e Poeta<\/p>\n\n\n\n<p>Faculdade de Letras<\/p>\n\n\n\n<p><strong>Claudio Augusto Boschi<\/strong><\/p>\n\n\n\n<p>Profissional de Educa\u00e7\u00e3o F\u00edsica<\/p>\n\n\n\n<p>Escola de Educa\u00e7\u00e3o F\u00edsica, Fisioterapia e Terapia Ocupacional<\/p>\n\n\n\n<p><strong>Am\u00e9rico Maia de Vasconcelos Neto<\/strong><\/p>\n\n\n\n<p>Engenheiro Civil<\/p>\n\n\n\n<p>Escola de Engenharia<\/p>\n\n\n\n<p><strong>Alex Fiorini de Carvalho<\/strong><\/p>\n\n\n\n<p>Escritor<\/p>\n\n\n\n<p>Instituto de Ci\u00eancias Biol\u00f3gicas<br><\/p>\n","protected":false},"excerpt":{"rendered":"<p>Val\u00e9ria Mariana Atella Barbosa Secret\u00e1ria Municipal de Sa\u00fade de Itabirito [&hellip;]<\/p>\n","protected":false},"author":2,"featured_media":0,"parent":187,"menu_order":0,"comment_status":"closed","ping_status":"closed","template":"","meta":{"footnotes":""},"acf":[],"_links":{"self":[{"href":"https:\/\/www.ufmg.br\/copi\/wp-json\/wp\/v2\/pages\/3784"}],"collection":[{"href":"https:\/\/www.ufmg.br\/copi\/wp-json\/wp\/v2\/pages"}],"about":[{"href":"https:\/\/www.ufmg.br\/copi\/wp-json\/wp\/v2\/types\/page"}],"author":[{"embeddable":true,"href":"https:\/\/www.ufmg.br\/copi\/wp-json\/wp\/v2\/users\/2"}],"replies":[{"embeddable":true,"href":"https:\/\/www.ufmg.br\/copi\/wp-json\/wp\/v2\/comments?post=3784"}],"version-history":[{"count":1,"href":"https:\/\/www.ufmg.br\/copi\/wp-json\/wp\/v2\/pages\/3784\/revisions"}],"predecessor-version":[{"id":3786,"href":"https:\/\/www.ufmg.br\/copi\/wp-json\/wp\/v2\/pages\/3784\/revisions\/3786"}],"up":[{"embeddable":true,"href":"https:\/\/www.ufmg.br\/copi\/wp-json\/wp\/v2\/pages\/187"}],"wp:attachment":[{"href":"https:\/\/www.ufmg.br\/copi\/wp-json\/wp\/v2\/media?parent=3784"}],"curies":[{"name":"wp","href":"https:\/\/api.w.org\/{rel}","templated":true}]}}