{"id":3787,"date":"2023-10-02T13:34:33","date_gmt":"2023-10-02T16:34:33","guid":{"rendered":"https:\/\/www.ufmg.br\/copi-novo\/?page_id=3787"},"modified":"2023-10-02T13:34:34","modified_gmt":"2023-10-02T16:34:34","slug":"laureados-do-ano-2016","status":"publish","type":"page","link":"https:\/\/www.ufmg.br\/copi\/sempreufmg\/medalha-de-honra\/laureados-do-ano-2016\/","title":{"rendered":"Laureados do ano 2016"},"content":{"rendered":"\n<p><strong>Rog\u00e9rio Bianchi Brasil<\/strong><\/p>\n\n\n\n<p>Diretor da Escola de M\u00fasica da Universidade do Estado de Minas Gerais (UEMG)<\/p>\n\n\n\n<p>Escola de M\u00fasica<\/p>\n\n\n\n<p><strong>Rita de C\u00e1ssia Guimar\u00e3es Mesquita<\/strong><\/p>\n\n\n\n<p>Professora e pesquisadora do Instituto Nacional de Pesquisas da Amaz\u00f4nia<\/p>\n\n\n\n<p>Instituto de Ci\u00eancias Biol\u00f3gicas<\/p>\n\n\n\n<p><strong>Paulo S\u00e9rgio da Silva (Paulo Nazareth)<\/strong><\/p>\n\n\n\n<p>Artista perform\u00e1tico (filho da Ana e fazedor de coisas)<\/p>\n\n\n\n<p>Escola de Belas Artes<\/p>\n\n\n\n<p><strong>Martinho Campolina Rebello Horta<\/strong><\/p>\n\n\n\n<p>Professor da Pontif\u00edcia Universidade Cat\u00f3lica de Minas Gerais<\/p>\n\n\n\n<p>Faculdade de Odontologia<\/p>\n\n\n\n<p><strong>Marcelo Zuculin J\u00fanior<\/strong><\/p>\n\n\n\n<p>Vice-Presidente Corporativo da NovoNordisk<\/p>\n\n\n\n<p>Faculdade de Farm\u00e1cia<\/p>\n\n\n\n<p><strong>Marcelo Bahia Labruna<\/strong><\/p>\n\n\n\n<p>Professor e pesquisador da Faculdade de Medicina Veterin\u00e1ria e Zootecnia da USP<\/p>\n\n\n\n<p>Escola de Veterin\u00e1ria<\/p>\n\n\n\n<p><strong>Ingrid Hallak Panzera<\/strong><\/p>\n\n\n\n<p>Profissional de Estat\u00edstica<\/p>\n\n\n\n<p>Instituto de Ci\u00eancias Exatas<\/p>\n\n\n\n<p><strong>F\u00e1bio Augusto de Castro Guerra<\/strong><\/p>\n\n\n\n<p>M\u00e9dico<\/p>\n\n\n\n<p>Faculdade de Medicina<\/p>\n\n\n\n<p><strong>Cl\u00e1udia Andrade de Barros<\/strong><\/p>\n\n\n\n<p>Bibliotec\u00e1ria e educadora<\/p>\n\n\n\n<p>Escola de Ci\u00eancia da Informa\u00e7\u00e3o<\/p>\n\n\n\n<p><strong>C\u00e1rmen L\u00facia Antunes Rocha<\/strong><\/p>\n\n\n\n<p>Presidente do Supremo Tribunal Federal<\/p>\n\n\n\n<p>Faculdade de Direito<\/p>\n\n\n\n<p><strong>Augusto Celso Franco Drummond<\/strong><\/p>\n\n\n\n<p>Engenheiro eletricista<\/p>\n\n\n\n<p>Escola de Engenharia<\/p>\n\n\n\n<p><strong>Antonio Marcos Lerbach<\/strong><\/p>\n\n\n\n<p>Profissional de Educa\u00e7\u00e3o F\u00edsica<\/p>\n\n\n\n<p>Escola de Educa\u00e7\u00e3o F\u00edsica, Fisioterapia e Terapia Ocupacional<\/p>\n\n\n\n<div style=\"height:51px\" aria-hidden=\"true\" class=\"wp-block-spacer\"><\/div>\n\n\n\n<p class=\"has-medium-font-size\"><strong>Homenageados do reitor<\/strong><\/p>\n\n\n\n<div style=\"height:17px\" aria-hidden=\"true\" class=\"wp-block-spacer\"><\/div>\n\n\n\n<p><strong>Ziraldo Alves Pinto<\/strong><\/p>\n\n\n\n<p>Chargista, caricaturista e escritor<\/p>\n\n\n\n<p><strong>Josu\u00e9 Christiano Gomes da Silva<\/strong><\/p>\n\n\n\n<p>Empres\u00e1rio \/ Gradua\u00e7\u00e3o: Engenharia Civil<\/p>\n\n\n\n<p><strong>Angelo Oswaldo de Ara\u00fajo Santos<\/strong><\/p>\n\n\n\n<p>Secret\u00e1rio de Estado de Cultura de Minas Gerais<\/p>\n","protected":false},"excerpt":{"rendered":"<p>Rog\u00e9rio Bianchi Brasil Diretor da Escola de M\u00fasica da Universidade [&hellip;]<\/p>\n","protected":false},"author":2,"featured_media":0,"parent":187,"menu_order":0,"comment_status":"closed","ping_status":"closed","template":"","meta":{"footnotes":""},"acf":[],"_links":{"self":[{"href":"https:\/\/www.ufmg.br\/copi\/wp-json\/wp\/v2\/pages\/3787"}],"collection":[{"href":"https:\/\/www.ufmg.br\/copi\/wp-json\/wp\/v2\/pages"}],"about":[{"href":"https:\/\/www.ufmg.br\/copi\/wp-json\/wp\/v2\/types\/page"}],"author":[{"embeddable":true,"href":"https:\/\/www.ufmg.br\/copi\/wp-json\/wp\/v2\/users\/2"}],"replies":[{"embeddable":true,"href":"https:\/\/www.ufmg.br\/copi\/wp-json\/wp\/v2\/comments?post=3787"}],"version-history":[{"count":1,"href":"https:\/\/www.ufmg.br\/copi\/wp-json\/wp\/v2\/pages\/3787\/revisions"}],"predecessor-version":[{"id":3788,"href":"https:\/\/www.ufmg.br\/copi\/wp-json\/wp\/v2\/pages\/3787\/revisions\/3788"}],"up":[{"embeddable":true,"href":"https:\/\/www.ufmg.br\/copi\/wp-json\/wp\/v2\/pages\/187"}],"wp:attachment":[{"href":"https:\/\/www.ufmg.br\/copi\/wp-json\/wp\/v2\/media?parent=3787"}],"curies":[{"name":"wp","href":"https:\/\/api.w.org\/{rel}","templated":true}]}}