{"id":388,"date":"2023-07-21T13:06:47","date_gmt":"2023-07-21T16:06:47","guid":{"rendered":"https:\/\/www.ufmg.br\/copi-novo\/?page_id=388"},"modified":"2023-08-08T11:12:04","modified_gmt":"2023-08-08T14:12:04","slug":"sobre","status":"publish","type":"page","link":"https:\/\/www.ufmg.br\/copi\/cerimonial\/sobre\/","title":{"rendered":"Sobre"},"content":{"rendered":"<p>As atividades de Cerimonial na UFMG relacionam-se a eventos oficiais nos quais a Institui\u00e7\u00e3o se faz representar pela reitora e pelo vice-reitor, dentro e fora dos campi universit\u00e1rios e unidades acad\u00eamicas e administrativas. \u00c9 a equipe de cerimonial que se ocupa (e atende) da organiza\u00e7\u00e3o e da observ\u00e2ncia das posturas e performances que precisam ser atendidas e respeitadas, denominadas como Protocolo &#8211; conjunto de normas para conduzir o evento; das regras da diplomacia, tais como a ordem geral de preced\u00eancia e a forma\u00e7\u00e3o da mesa de honra.<\/p>\n<p>Em um esfor\u00e7o de partilhar a experi\u00eancia e orientar os colegas servidores e servidoras da Universidade, que mesmo n\u00e3o sendo profissionais da \u00e1rea, atuam na organiza\u00e7\u00e3o de eventos das Unidades (Administrativas e Acad\u00eamicas) e \u00d3rg\u00e3os, o Cerimonial fez uma curadoria de conte\u00fados associados \u00e0 \u00e1rea e organizou um manual com \u201ca finalidade de contribuir para o planejamento dos eventos oficiais que s\u00e3o realizados na Universidade Federal de Minas Gerais (UFMG)\u201d.<\/p>\n","protected":false},"excerpt":{"rendered":"<p>As atividades de Cerimonial na UFMG relacionam-se a eventos oficiais [&hellip;]<\/p>\n","protected":false},"author":2,"featured_media":0,"parent":248,"menu_order":0,"comment_status":"closed","ping_status":"closed","template":"","meta":{"footnotes":""},"acf":[],"_links":{"self":[{"href":"https:\/\/www.ufmg.br\/copi\/wp-json\/wp\/v2\/pages\/388"}],"collection":[{"href":"https:\/\/www.ufmg.br\/copi\/wp-json\/wp\/v2\/pages"}],"about":[{"href":"https:\/\/www.ufmg.br\/copi\/wp-json\/wp\/v2\/types\/page"}],"author":[{"embeddable":true,"href":"https:\/\/www.ufmg.br\/copi\/wp-json\/wp\/v2\/users\/2"}],"replies":[{"embeddable":true,"href":"https:\/\/www.ufmg.br\/copi\/wp-json\/wp\/v2\/comments?post=388"}],"version-history":[{"count":2,"href":"https:\/\/www.ufmg.br\/copi\/wp-json\/wp\/v2\/pages\/388\/revisions"}],"predecessor-version":[{"id":518,"href":"https:\/\/www.ufmg.br\/copi\/wp-json\/wp\/v2\/pages\/388\/revisions\/518"}],"up":[{"embeddable":true,"href":"https:\/\/www.ufmg.br\/copi\/wp-json\/wp\/v2\/pages\/248"}],"wp:attachment":[{"href":"https:\/\/www.ufmg.br\/copi\/wp-json\/wp\/v2\/media?parent=388"}],"curies":[{"name":"wp","href":"https:\/\/api.w.org\/{rel}","templated":true}]}}