{"id":4190,"date":"2025-02-10T15:20:39","date_gmt":"2025-02-10T18:20:39","guid":{"rendered":"https:\/\/www.ufmg.br\/copi\/?page_id=4190"},"modified":"2025-02-10T15:20:40","modified_gmt":"2025-02-10T18:20:40","slug":"laureados-do-ano-2024","status":"publish","type":"page","link":"https:\/\/www.ufmg.br\/copi\/sempreufmg\/medalha-de-honra\/laureados-do-ano-2024\/","title":{"rendered":"Laureados do ano 2024"},"content":{"rendered":"\n<p><strong>Maria Josefina Vasconcellos Gon\u00e7alves<\/strong><\/p>\n\n\n\n<p>Diretora da J\u00f4 Vasconcellos Arquitetos Associados<\/p>\n\n\n\n<p>Escola de Arquitetura<\/p>\n\n\n\n<p><strong>Ronaldo Moreira Fraga<\/strong><\/p>\n\n\n\n<p>Estilista<\/p>\n\n\n\n<p>Escola de Belas Artes &#8211; EBA<\/p>\n\n\n\n<p><strong>Sleine Vivian Schreiber<\/strong><\/p>\n\n\n\n<p>Arquivista<\/p>\n\n\n\n<p>Escola de Ci\u00eancia da Informa\u00e7\u00e3o &#8211; ECI<\/p>\n\n\n\n<p><strong>Nat\u00e1lia Franco Netto Bittencourt<\/strong><\/p>\n\n\n\n<p>Diretora de Performance e Sa\u00fade do Esporte Clube Bahia<\/p>\n\n\n\n<p>Escola de Educa\u00e7\u00e3o F\u00edsica, Fisioterapia e Terapia Ocupacional &#8211; EEFFTO<\/p>\n\n\n\n<p><strong>L\u00edrica Salluz Mattos Pereira<\/strong><\/p>\n\n\n\n<p>Diretora de Gest\u00e3o da Integralidade do Cuidado da Secretaria de Estado de Sa\u00fade de Minas Gerais<\/p>\n\n\n\n<p>Escola de Enfermagem<\/p>\n\n\n\n<p><strong>L\u00facio Fernando Borges<\/strong><\/p>\n\n\n\n<p>Ex-Presidente do CREA \u2013 MG<\/p>\n\n\n\n<p>Escola de Engenharia<\/p>\n\n\n\n<p><strong>S\u00e9rgio de Figueiredo Rocha<\/strong><\/p>\n\n\n\n<p>Professor Associado III da Universidade Federal de S\u00e3o Jo\u00e3o Del-Rei &#8211; UFSJ<\/p>\n\n\n\n<p>Escola de M\u00fasica<\/p>\n\n\n\n<p><strong>Leandro Diamantino Feij\u00f3<\/strong><\/p>\n\n\n\n<p>Fiscal Federal Agropecu\u00e1rio do Minist\u00e9rio da Agricultura, Pecu\u00e1ria e Abastecimento &#8211; MAPA.<\/p>\n\n\n\n<p>Escola de Veterin\u00e1ria<\/p>\n\n\n\n<p><strong>Luciana Mendes Santos Servo<\/strong><\/p>\n\n\n\n<p>T\u00e9cnico de Planejamento e Pesquisa do Instituto de Pesquisa Econ\u00f4mica Aplicada &#8211; IPEA.<\/p>\n\n\n\n<p>Faculdade de Ci\u00eancias Econ\u00f4micas &#8211; FACE<\/p>\n\n\n\n<p><strong>Antonia Marina Aparecida de Paula Faleiros<\/strong><\/p>\n\n\n\n<p>Ju\u00edza de Direito do Tribunal de Justi\u00e7a do Estado da Bahia<\/p>\n\n\n\n<p>Faculdade de Direito<\/p>\n\n\n\n<p><strong>Dandara Tonantzin Silva Castro<\/strong><\/p>\n\n\n\n<p>Deputada Federal<\/p>\n\n\n\n<p>Faculdade de Educa\u00e7\u00e3o &#8211; FAE<\/p>\n\n\n\n<p><strong>Marta de Lana<\/strong><\/p>\n\n\n\n<p>Professora da Universidade Federal de Ouro Preto &#8211; UFOP<\/p>\n\n\n\n<p>Faculdade de Farm\u00e1cia<\/p>\n\n\n\n<p><strong>\u00c1urea Carolina de Freitas e Silva<\/strong><\/p>\n\n\n\n<p>Diretora Executiva da Nossas.org<\/p>\n\n\n\n<p>Faculdade de Filosofia e Ci\u00eancias Humanas &#8211; FAFICH<\/p>\n\n\n\n<p><strong>J\u00falia Batista Castilho de Avellar<\/strong><\/p>\n\n\n\n<p>Professor Adjunto C1- Professora de L\u00edngua Latina, Literatura Latina e Filologia Rom\u00e2nica da Universidade Federal de Uberl\u00e2ndia &#8211; UFU.<\/p>\n\n\n\n<p>Faculdade de Letras &#8211; FALE<\/p>\n\n\n\n<p><strong>Denise Oliveira Garrett<\/strong><\/p>\n\n\n\n<p>Epidemiologista e vice-presidente da Sabin Vaccine Institute<\/p>\n\n\n\n<p>Faculdade de Medicina<\/p>\n\n\n\n<p><strong>C\u00e1ssia P\u00e9rola dos Anjos Braga Pires<\/strong><\/p>\n\n\n\n<p>Diretora do Centro de Ci\u00eancias Biol\u00f3gicas e da Sa\u00fade (CCBS) da Universidade Estadual de Montes Claros \u2013 UNIMONTES<\/p>\n\n\n\n<p>Faculdade de Odontologia<\/p>\n\n\n\n<p><strong>Sony Franthiesco Caldeira<\/strong><\/p>\n\n\n\n<p>Analista de Valida\u00e7\u00e3o de Projetos Jr da Novo Nordisk<\/p>\n\n\n\n<p>Instituto de Ci\u00eancias Agr\u00e1rias &#8211; ICA<\/p>\n\n\n\n<p><strong>Maur\u00edcio Lacerda Nogueira<\/strong><\/p>\n\n\n\n<p>Diretor Adjunto de P\u00f3s-Gradua\u00e7\u00e3o da &nbsp;Faculdade de Medicina de S\u00e3o Jos\u00e9 do Rio Preto\u202f(FAMERP)<\/p>\n\n\n\n<p>Instituto de Ci\u00eancias Biol\u00f3gicas &#8211; ICB<\/p>\n\n\n\n<p><strong>Leonardo Soares Bastos<\/strong><\/p>\n\n\n\n<p>Pesquisador em Sa\u00fade P\u00fablica da Funda\u00e7\u00e3o Oswaldo Cruz, FIOCRUZ, Brasil.<\/p>\n\n\n\n<p>Instituto de Ci\u00eancias Exatas &#8211; ICEX<\/p>\n\n\n\n<p><strong>Charles Rezende Freitas<\/strong><\/p>\n\n\n\n<p>Diretor Executivo da GE21 Geotecnologias<\/p>\n\n\n\n<p>Instituto de Geoci\u00eancias &#8211; IGC<\/p>\n\n\n\n<p><strong>Homenageados da reitora<\/strong><\/p>\n\n\n\n<p><strong>M\u00f4nica Jaqueline Sifuentes<\/strong><\/p>\n\n\n\n<p>&nbsp;Presidente do Tribunal Regional Federal 6\u00aa regi\u00e3o<\/p>\n\n\n\n<p><strong>Antonio Augusto Junho Anastasia<\/strong><\/p>\n\n\n\n<p>Ministro do Tribunal de Contas da Uni\u00e3o<\/p>\n\n\n\n<p><strong>Gilberto Diniz<\/strong><\/p>\n\n\n\n<p>Presidente do Tribunal de Contas do Estado de Minas Gerais<\/p>\n\n\n\n<p><strong>Carla Madeira<\/strong><\/p>\n\n\n\n<p>Fundadora e diretora de estrat\u00e9gia criativa da Lapis Raro<\/p>\n","protected":false},"excerpt":{"rendered":"<p>Maria Josefina Vasconcellos Gon\u00e7alves Diretora da J\u00f4 Vasconcellos Arquitetos Associados [&hellip;]<\/p>\n","protected":false},"author":2,"featured_media":0,"parent":187,"menu_order":0,"comment_status":"closed","ping_status":"closed","template":"","meta":{"footnotes":""},"acf":[],"_links":{"self":[{"href":"https:\/\/www.ufmg.br\/copi\/wp-json\/wp\/v2\/pages\/4190"}],"collection":[{"href":"https:\/\/www.ufmg.br\/copi\/wp-json\/wp\/v2\/pages"}],"about":[{"href":"https:\/\/www.ufmg.br\/copi\/wp-json\/wp\/v2\/types\/page"}],"author":[{"embeddable":true,"href":"https:\/\/www.ufmg.br\/copi\/wp-json\/wp\/v2\/users\/2"}],"replies":[{"embeddable":true,"href":"https:\/\/www.ufmg.br\/copi\/wp-json\/wp\/v2\/comments?post=4190"}],"version-history":[{"count":2,"href":"https:\/\/www.ufmg.br\/copi\/wp-json\/wp\/v2\/pages\/4190\/revisions"}],"predecessor-version":[{"id":4193,"href":"https:\/\/www.ufmg.br\/copi\/wp-json\/wp\/v2\/pages\/4190\/revisions\/4193"}],"up":[{"embeddable":true,"href":"https:\/\/www.ufmg.br\/copi\/wp-json\/wp\/v2\/pages\/187"}],"wp:attachment":[{"href":"https:\/\/www.ufmg.br\/copi\/wp-json\/wp\/v2\/media?parent=4190"}],"curies":[{"name":"wp","href":"https:\/\/api.w.org\/{rel}","templated":true}]}}