{"id":4196,"date":"2025-02-17T13:27:21","date_gmt":"2025-02-17T16:27:21","guid":{"rendered":"https:\/\/www.ufmg.br\/copi\/?page_id=4196"},"modified":"2025-02-17T13:27:22","modified_gmt":"2025-02-17T16:27:22","slug":"relatorio-de-eventos-de-2024","status":"publish","type":"page","link":"https:\/\/www.ufmg.br\/copi\/cerimonial\/relatorio-de-eventos-de-2024\/","title":{"rendered":"Relat\u00f3rio de Eventos de 2024"},"content":{"rendered":"\n<p><strong>Grande porte (Medalha de Honra e anivers\u00e1rio da Universidade, eventos institucionais com presen\u00e7a de autoridades pol\u00edticas, Pr\u00eamio de Teses UFMG)<\/strong><\/p>\n\n\n\n<p>Medalha de Honra \/ anivers\u00e1rio UFMG \/ abertura 100 anos<\/p>\n\n\n\n<p>Pr\u00eamio de Teses<\/p>\n\n\n\n<p>Abertura ENPROP<\/p>\n\n\n\n<p>Abertura Novembro Negro com Maca\u00e9 Evaristo<\/p>\n\n\n\n<p>Homenagem Anastasia<\/p>\n\n\n\n<p>Evento perseguidos Ditadura<\/p>\n\n\n\n<p>Homenagem Rodrigo Pacheco<\/p>\n\n\n\n<p>Semin\u00e1rio com Ministro AGU, Jorge Messias<\/p>\n\n\n\n<p>Semin\u00e1rio fakenews com autoridades jur\u00eddicas e AGU<\/p>\n\n\n\n<p>Visita Ministra MCTI<\/p>\n\n\n\n<p>Palestra Carmen L\u00facia STF<\/p>\n\n\n\n<p>Show Z\u00e9lia Duncan<\/p>\n\n\n\n<div style=\"height:35px\" aria-hidden=\"true\" class=\"wp-block-spacer\"><\/div>\n\n\n\n<p><strong>M\u00e9dio porte (Reuni\u00f5es com autoridades, palestras grandes, posses, outorga de t\u00edtulos)<\/strong><\/p>\n\n\n\n<p>Posse Odonto<\/p>\n\n\n\n<p>Posse Arquitetura<\/p>\n\n\n\n<p>Posse Farm\u00e1cia<\/p>\n\n\n\n<p>Posse BU<\/p>\n\n\n\n<p>Em\u00e9rito Marcos Assun\u00e7\u00e3o<\/p>\n\n\n\n<p>Em\u00e9rita Maria Jos\u00e9 Salum<\/p>\n\n\n\n<p>Em\u00e9rito M\u00e1rcio Ziviani<\/p>\n\n\n\n<p>Em\u00e9rito Beir\u00e3o<\/p>\n\n\n\n<p>Em\u00e9rito Israel<\/p>\n\n\n\n<p>Em\u00e9rito Alberto Henrique<\/p>\n\n\n\n<p>Cola\u00e7\u00e3o Letras \u2013 Libras<\/p>\n\n\n\n<p>Centen\u00e1rio Escola de M\u00fasica<\/p>\n\n\n\n<p>95 anos FUMP<\/p>\n\n\n\n<p>Encerramento Semana do Conhecimento<\/p>\n\n\n\n<p>UFMG Sustent\u00e1vel com Superintendente da Receita<\/p>\n\n\n\n<p>Recep\u00e7\u00e3o calouros 2023-2024 (2)<\/p>\n\n\n\n<p>Internacionaliza\u00e7\u00e3o CAPES com Presidente CAPES<\/p>\n\n\n\n<p>Confer\u00eancia com Roger Chartier<\/p>\n\n\n\n<p>Homenagem Aurea Carolina<\/p>\n\n\n\n<p>Visita Comiss\u00e3o Ci\u00eancia e Tecnologia<\/p>\n\n\n\n<p>C\u00e1tedra Calas IEAT com Aniele Franco (remota)<\/p>\n\n\n\n<p>Governo de Minas no CTE<\/p>\n\n\n\n<p>Inaugura\u00e7\u00e3o EBA<\/p>\n\n\n\n<p>Lan\u00e7amento C\u00e1tedra IEAT<\/p>\n\n\n\n<p>Confer\u00eancia Christian Dunker<\/p>\n\n\n\n<p>Evento Justi\u00e7a ambiental ind\u00edgenas<\/p>\n\n\n\n<p>Semana de acolhimento ICA<\/p>\n\n\n\n<div style=\"height:35px\" aria-hidden=\"true\" class=\"wp-block-spacer\"><\/div>\n\n\n\n<p><strong>Pequeno porte (Acad\u00eamicos, recep\u00e7\u00f5es, inaugura\u00e7\u00f5es, comemorativos)<\/strong><\/p>\n\n\n\n<p>Instala\u00e7\u00e3o CURA \u2013 FaE<\/p>\n\n\n\n<p>V Jornada Direitos Humanos<\/p>\n\n\n\n<p>10 anos PRAE<\/p>\n\n\n\n<p>Abertura Fundep X<\/p>\n\n\n\n<p>C\u00e1tedra Darcy Ribeiro IEAT<\/p>\n\n\n\n<p>Encerramento Novembro Negro<\/p>\n\n\n\n<p>Inaugura\u00e7\u00e3o Farm\u00e1cia Universit\u00e1ria<\/p>\n\n\n\n<p>Semana Nacional Pol\u00edtica de Educa\u00e7\u00e3o Infantil<\/p>\n\n\n\n<p>15 anos curso Gest\u00e3o da Sa\u00fade<\/p>\n\n\n\n<p>Workshop transdisciplinar Furnas<\/p>\n\n\n\n<p>Oficina Capes ENPROP<\/p>\n\n\n\n<p>Livinglab<\/p>\n\n\n\n<p>Encerramento Outlab<\/p>\n\n\n\n<p>Evento Cultura e arte Am\u00e9rica latina<\/p>\n\n\n\n<p>Encontro Nacional Negritude<\/p>\n\n\n\n<p>Workshop WEDD<\/p>\n\n\n\n<p>Abertura Semana do Conhecimento<\/p>\n\n\n\n<p>Congresso Brasileiro de Neuroci\u00eancias da vis\u00e3o<\/p>\n\n\n\n<p>Simp\u00f3sio Mineiro metal\u00fargico UFMG<\/p>\n\n\n\n<p>Sucessos do Of\u00edcio<\/p>\n\n\n\n<p>10 anos Forma\u00e7\u00f5es Transversais<\/p>\n\n\n\n<p>Simp\u00f3sio Sa\u00fade IA<\/p>\n\n\n\n<p>Evento Comunica\u00e7\u00e3o P\u00fablica<\/p>\n\n\n\n<p>UFMG Jovem<\/p>\n\n\n\n<p>Semin\u00e1rio Integra\u00e7\u00e3o docente<\/p>\n\n\n\n<p>Encontro Internacional Estudos do Lazer<\/p>\n\n\n\n<p>Inaugura\u00e7\u00e3o LAbTEC<\/p>\n\n\n\n<p>Encerramento INOVAlab<\/p>\n\n\n\n<p>96 anos do HC<\/p>\n\n\n\n<p>50 anos Christiano Otoni<\/p>\n\n\n\n<p>Simp\u00f3sio de Infec\u00e7\u00e3o Humana controlada<\/p>\n\n\n\n<p>Reuni\u00e3o Brasileira de Antropologia<\/p>\n\n\n\n<p>Summer Scholl 2<\/p>\n\n\n\n<p>Summer Scholl 1<\/p>\n\n\n\n<p>Sistema Polare<\/p>\n\n\n\n<p>Ab. Festival de Inverno<\/p>\n\n\n\n<p>Evento Fundepar<\/p>\n\n\n\n<p>Posse proex<\/p>\n\n\n\n<p>Encontro regional Hist\u00f3ria<\/p>\n\n\n\n<p>Reuni\u00e3o ABENO<\/p>\n\n\n\n<p>Laborat\u00f3rio Transcolar<\/p>\n\n\n\n<p>Confer\u00eancia Internacional Pr\u00e9-socr\u00e1ticos<\/p>\n\n\n\n<p>Visita representantes Uni\u00e3o Europeia<\/p>\n\n\n\n<p>Semana Sa\u00fade Mental<\/p>\n\n\n\n<p>Apresenta\u00e7\u00e3o IA UFMG<\/p>\n\n\n\n<p>Transmiss\u00e3o de cargo &#8211; Editora<\/p>\n\n\n\n<p>55 anos Engenharia Eletr\u00f4nica<\/p>\n\n\n\n<p>Abertura Festival de Ver\u00e3o<\/p>\n\n\n\n<p>Exposi\u00e7\u00e3o Entrelivros<\/p>\n\n\n\n<p>Semin\u00e1rio Integra\u00e7\u00e3o docente<\/p>\n\n\n\n<p>Orienta\u00e7\u00e3o Estudante Internacional<\/p>\n\n\n\n<p>Abertura Escola de Ver\u00e3o DH<\/p>\n\n\n\n<div style=\"height:35px\" aria-hidden=\"true\" class=\"wp-block-spacer\"><\/div>\n\n\n\n<p><strong>Externos (Representa\u00e7\u00f5es da UFMG)<\/strong><\/p>\n\n\n\n<p>Visita Lula Minas centro<\/p>\n\n\n\n<p>P\u00e9 de meia com Ministro Camilo Santana<\/p>\n\n\n\n<p>Outorga Grande Colar M\u00e9rito Legislativo<\/p>\n\n\n\n<p>Medalha Corpo Consular<\/p>\n\n\n\n<p>Pr\u00eamio CBMM Ci\u00eancia e Tecnologia<\/p>\n\n\n\n<p>Posse APUBH<\/p>\n\n\n\n<p>F\u00f3rum Minas pela Ci\u00eancia<\/p>\n\n\n\n<p>Reuni\u00e3o Especial C\u00e2mara MOC<\/p>\n\n\n\n<p>Assinatura coopera\u00e7\u00e3o t\u00e9cnica Procuradoria da Rep\u00fablica<\/p>\n\n\n\n<p>Medalha do M\u00e9rito MP<\/p>\n\n\n\n<p>Semana do MP<\/p>\n\n\n\n<p>Diploma\u00e7\u00e3o Membros ABC<\/p>\n\n\n\n<p>Semin\u00e1rio FAPEMIG<\/p>\n\n\n\n<p>Posse TRF6<\/p>\n\n\n\n<p>72 anos CDTN<\/p>\n\n\n\n<p>Confer\u00eancia Diamantina<\/p>\n\n\n\n<p>Entrega de ve\u00edculo TRT<\/p>\n\n\n\n<p>Reuni\u00e3o Risoleta<\/p>\n\n\n\n<p>Congresso ANPG<\/p>\n\n\n\n<p>Tech day<\/p>\n\n\n\n<p>Encontro mulheres ANPG (2)<\/p>\n\n\n\n<p>Congresso ANPG<\/p>\n\n\n\n<p>Anuncio de investimentos com Lula<\/p>\n\n\n\n<p>Posse TJMG<\/p>\n\n\n\n<p>Medalha M\u00e9rito Desembargadores<\/p>\n\n\n\n<p>Assinatura DAJ UFMG<\/p>\n\n\n\n<p>Evento CNE (2)<\/p>\n\n\n\n<p>Anivers\u00e1rio Rey Charles<\/p>\n\n\n\n<p>Senso popula\u00e7\u00e3o situa\u00e7\u00e3o de rua<\/p>\n\n\n\n<p>Evento UBES Golpe Nunca mais<\/p>\n\n\n\n<p>Dia nacional da Rep\u00fablica italiana<\/p>\n\n\n\n<p>Assinatura de acordo RFB<\/p>\n\n\n\n<p>Projeto Escuta susp<\/p>\n\n\n\n<p>Encontro Nacional PRH<\/p>\n\n\n\n<p>Audi\u00eancia p\u00fablica debate ci\u00eancia<\/p>\n\n\n\n<p>Encontro nacional rede de m\u00e3es<\/p>\n\n\n\n<p>Plen\u00e1ria final Comigrar<\/p>\n\n\n\n<p>Comenda Tribunal de Contas<\/p>\n\n\n\n<p>Homenagem IA do Brasil<\/p>\n\n\n\n<p>Bora vacinar Cidade administrativa<\/p>\n\n\n\n<p>Audi\u00eancia p\u00fablica almg<\/p>\n\n\n\n<p>Audi\u00eancia p\u00fablica almg (2)<\/p>\n\n\n\n<p>Transmiss\u00e3o de cargo Risoleta Neves<\/p>\n\n\n\n<p>Evento desafios da democracia brasileira<\/p>\n\n\n\n<p>Congresso estadual de ci\u00eancia e tecnologia<\/p>\n\n\n\n<p>Posse Delegado Pol\u00edcia Federal<\/p>\n\n\n\n<p>Evento ASSUFEMG<\/p>\n\n\n\n<p>Comiss\u00e3o educa\u00e7\u00e3o ALMG<\/p>\n\n\n\n<p>Posse TJMMG<\/p>\n\n\n\n<p>Encontro inova\u00e7\u00e3o FAPEMIG<\/p>\n\n\n\n<p>Medalha Instituto Advogados<\/p>\n\n\n\n<p>Confer\u00eancia Cultura LGBTQIA+<\/p>\n","protected":false},"excerpt":{"rendered":"<p>Grande porte (Medalha de Honra e anivers\u00e1rio da Universidade, eventos [&hellip;]<\/p>\n","protected":false},"author":2,"featured_media":0,"parent":248,"menu_order":0,"comment_status":"closed","ping_status":"closed","template":"","meta":{"footnotes":""},"acf":[],"_links":{"self":[{"href":"https:\/\/www.ufmg.br\/copi\/wp-json\/wp\/v2\/pages\/4196"}],"collection":[{"href":"https:\/\/www.ufmg.br\/copi\/wp-json\/wp\/v2\/pages"}],"about":[{"href":"https:\/\/www.ufmg.br\/copi\/wp-json\/wp\/v2\/types\/page"}],"author":[{"embeddable":true,"href":"https:\/\/www.ufmg.br\/copi\/wp-json\/wp\/v2\/users\/2"}],"replies":[{"embeddable":true,"href":"https:\/\/www.ufmg.br\/copi\/wp-json\/wp\/v2\/comments?post=4196"}],"version-history":[{"count":3,"href":"https:\/\/www.ufmg.br\/copi\/wp-json\/wp\/v2\/pages\/4196\/revisions"}],"predecessor-version":[{"id":4199,"href":"https:\/\/www.ufmg.br\/copi\/wp-json\/wp\/v2\/pages\/4196\/revisions\/4199"}],"up":[{"embeddable":true,"href":"https:\/\/www.ufmg.br\/copi\/wp-json\/wp\/v2\/pages\/248"}],"wp:attachment":[{"href":"https:\/\/www.ufmg.br\/copi\/wp-json\/wp\/v2\/media?parent=4196"}],"curies":[{"name":"wp","href":"https:\/\/api.w.org\/{rel}","templated":true}]}}