{"id":446,"date":"2023-08-04T10:30:55","date_gmt":"2023-08-04T13:30:55","guid":{"rendered":"https:\/\/www.ufmg.br\/copi-novo\/?page_id=446"},"modified":"2023-11-24T15:33:25","modified_gmt":"2023-11-24T18:33:25","slug":"projetos-ufmg-loa-2024","status":"publish","type":"page","link":"https:\/\/www.ufmg.br\/copi\/projetos-ufmg-loa-2024\/","title":{"rendered":"Projetos UFMG"},"content":{"rendered":"\n<figure class=\"wp-block-table is-style-stripes\"><table><thead><tr><th><strong>&nbsp;<strong>Eixo tem\u00e1tico das propostas<\/strong><\/strong><\/th><th class=\"has-text-align-center\" data-align=\"center\"><strong>N\u00ba de projetos<\/strong><\/th><\/tr><\/thead><tbody><tr><td><a href=\"https:\/\/www.ufmg.br\/copi\/assessoria-juridica-para-a-populacao\/\">Assessoria jur\u00eddica para a popula\u00e7\u00e3o<\/a><\/td><td class=\"has-text-align-center\" data-align=\"center\">2<\/td><\/tr><tr><td><a href=\"https:\/\/www.ufmg.br\/copi\/projetos-ufmg-loa-2024\/assistencia-estudantil\/\">Assist\u00eancia estudantil<\/a><\/td><td class=\"has-text-align-center\" data-align=\"center\">2<\/td><\/tr><tr><td><a href=\"https:\/\/www.ufmg.br\/copi\/projetos-ufmg-loa-2024\/assistencia-estudantil-para-estudantes-indigenas\/\">Assist\u00eancia estudantil para estudantes ind\u00edgenas<\/a><\/td><td class=\"has-text-align-center\" data-align=\"center\">1<\/td><\/tr><tr><td><a href=\"https:\/\/www.ufmg.br\/copi\/projetos-ufmg-loa-2024\/biosseguranca\/\">Biosseguran\u00e7a<\/a><\/td><td class=\"has-text-align-center\" data-align=\"center\">1<\/td><\/tr><tr><td><a href=\"https:\/\/www.ufmg.br\/copi\/projetos-ufmg-loa-2024\/desenvolvimento-economico\/\">Desenvolvimento econ\u00f4mico<\/a><\/td><td class=\"has-text-align-center\" data-align=\"center\">1<\/td><\/tr><tr><td><a href=\"https:\/\/www.ufmg.br\/copi\/projetos-ufmg-loa-2024\/centenario-ufmg\/\" data-type=\"link\" data-id=\"https:\/\/www.ufmg.br\/copi\/projetos-ufmg-loa-2024\/centenario-ufmg\/\">Centen\u00e1rio UFMG (a ser celebrado em 2027)<\/a><\/td><td class=\"has-text-align-center\" data-align=\"center\">2<\/td><\/tr><tr><td><a href=\"https:\/\/www.ufmg.br\/copi\/projetos-ufmg-loa-2024\/qualificacao-da-gestao-publica-municipal\/\" data-type=\"link\" data-id=\"https:\/\/www.ufmg.br\/copi\/projetos-ufmg-loa-2024\/qualificacao-da-gestao-publica-municipal\/\">Qualifica\u00e7\u00e3o da gest\u00e3o p\u00fablica municipal<\/a><\/td><td class=\"has-text-align-center\" data-align=\"center\">1<\/td><\/tr><tr><td><a href=\"https:\/\/www.ufmg.br\/copi\/projetos-ufmg-loa-2024\/desenvolvimento-sustentavel\/\" data-type=\"link\" data-id=\"https:\/\/www.ufmg.br\/copi-novo\/projetos-ufmg-loa-2024\/desenvolvimento-sustentavel\/\">Desenvolvimento sustent\u00e1vel<\/a><\/td><td class=\"has-text-align-center\" data-align=\"center\">3<\/td><\/tr><tr><td><a href=\"https:\/\/www.ufmg.br\/copi\/projetos-ufmg-loa-2024\/educacao-e-cultura\/\">Educa\u00e7\u00e3o e cultura<\/a><\/td><td class=\"has-text-align-center\" data-align=\"center\">5<\/td><\/tr><tr><td><a href=\"https:\/\/www.ufmg.br\/copi\/projetos-ufmg-loa-2024\/esporte\/\">Esporte<\/a><\/td><td class=\"has-text-align-center\" data-align=\"center\">2<\/td><\/tr><tr><td><a href=\"https:\/\/www.ufmg.br\/copi\/projetos-ufmg-loa-2024\/fortalecimento-da-agricultura-familiar\/\" data-type=\"link\" data-id=\"https:\/\/www.ufmg.br\/copi\/projetos-ufmg-loa-2024\/fortalecimento-da-agricultura-familiar\/\">Fortalecimento da agricultura familiar<\/a><\/td><td class=\"has-text-align-center\" data-align=\"center\">1<\/td><\/tr><tr><td><a href=\"https:\/\/www.ufmg.br\/copi\/projetos-ufmg-loa-2024\/genero-raca-e-identidade\/\">G\u00eanero, ra\u00e7a e identidade<\/a><\/td><td class=\"has-text-align-center\" data-align=\"center\">3<\/td><\/tr><tr><td><a href=\"https:\/\/www.ufmg.br\/copi\/projetos-ufmg-loa-2024\/iniciacao-musical\/\">Inicia\u00e7\u00e3o musical<\/a><\/td><td class=\"has-text-align-center\" data-align=\"center\">1<\/td><\/tr><tr><td><a href=\"https:\/\/www.ufmg.br\/copi\/projetos-ufmg-loa-2024\/mobilidade-urbana\/\" data-type=\"link\" data-id=\"https:\/\/www.ufmg.br\/copi\/projetos-ufmg-loa-2024\/mobilidade-urbana\/\">Mobilidade urbana<\/a><\/td><td class=\"has-text-align-center\" data-align=\"center\">1<\/td><\/tr><tr><td><a href=\"https:\/\/www.ufmg.br\/copi\/projetos-ufmg-loa-2024\/infraestrutura-da-ufmg\/\">Necessidades e interven\u00e7\u00f5es na infraestrutura da UFMG<\/a><\/td><td class=\"has-text-align-center\" data-align=\"center\">19<\/td><\/tr><tr><td><a href=\"https:\/\/www.ufmg.br\/copi\/projetos-ufmg-loa-2024\/atendimento-a-normas-de-acessibilidade\/\">Atendimento a normas de acessibilidade<\/a><\/td><td class=\"has-text-align-center\" data-align=\"center\">9<\/td><\/tr><tr><td><a href=\"https:\/\/www.ufmg.br\/copi\/projetos-ufmg-loa-2024\/saude-animal\/\">Sa\u00fade animal<\/a><\/td><td class=\"has-text-align-center\" data-align=\"center\">2<\/td><\/tr><tr><td><a href=\"https:\/\/www.ufmg.br\/copi\/projetos-ufmg-loa-2024\/saude-publica\/\">Sa\u00fade p\u00fablica<\/a><\/td><td class=\"has-text-align-center\" data-align=\"center\">12<\/td><\/tr><tr><td><a href=\"https:\/\/www.ufmg.br\/copi\/projetos-ufmg-loa-2024\/seguranca-alimentar\/\">Seguran\u00e7a alimentar<\/a><\/td><td class=\"has-text-align-center\" data-align=\"center\">1<\/td><\/tr><tr><td><a href=\"https:\/\/www.ufmg.br\/copi\/projetos-ufmg-loa-2024\/patrimonio-ufmg\/\" data-type=\"link\" data-id=\"https:\/\/www.ufmg.br\/copi\/projetos-ufmg-loa-2024\/patrimonio-ufmg\/\">Valoriza\u00e7\u00e3o do patrim\u00f4nio cultura e hist\u00f3rico sob a guarda da UFMG<\/a><\/td><td class=\"has-text-align-center\" data-align=\"center\">9<\/td><\/tr><\/tbody><\/table><\/figure>\n","protected":false},"excerpt":{"rendered":"<p>&nbsp;Eixo tem\u00e1tico das propostas N\u00ba de projetos Assessoria jur\u00eddica para [&hellip;]<\/p>\n","protected":false},"author":2,"featured_media":0,"parent":0,"menu_order":0,"comment_status":"closed","ping_status":"closed","template":"","meta":{"footnotes":""},"acf":[],"_links":{"self":[{"href":"https:\/\/www.ufmg.br\/copi\/wp-json\/wp\/v2\/pages\/446"}],"collection":[{"href":"https:\/\/www.ufmg.br\/copi\/wp-json\/wp\/v2\/pages"}],"about":[{"href":"https:\/\/www.ufmg.br\/copi\/wp-json\/wp\/v2\/types\/page"}],"author":[{"embeddable":true,"href":"https:\/\/www.ufmg.br\/copi\/wp-json\/wp\/v2\/users\/2"}],"replies":[{"embeddable":true,"href":"https:\/\/www.ufmg.br\/copi\/wp-json\/wp\/v2\/comments?post=446"}],"version-history":[{"count":17,"href":"https:\/\/www.ufmg.br\/copi\/wp-json\/wp\/v2\/pages\/446\/revisions"}],"predecessor-version":[{"id":3983,"href":"https:\/\/www.ufmg.br\/copi\/wp-json\/wp\/v2\/pages\/446\/revisions\/3983"}],"wp:attachment":[{"href":"https:\/\/www.ufmg.br\/copi\/wp-json\/wp\/v2\/media?parent=446"}],"curies":[{"name":"wp","href":"https:\/\/api.w.org\/{rel}","templated":true}]}}