{"id":457,"date":"2023-08-04T10:49:42","date_gmt":"2023-08-04T13:49:42","guid":{"rendered":"https:\/\/www.ufmg.br\/copi-novo\/?page_id=457"},"modified":"2023-08-04T10:49:57","modified_gmt":"2023-08-04T13:49:57","slug":"assessoria-juridica-para-a-populacao","status":"publish","type":"page","link":"https:\/\/www.ufmg.br\/copi\/projetos-ufmg-loa-2024\/assessoria-juridica-para-a-populacao\/","title":{"rendered":"Assessoria jur\u00eddica para a popula\u00e7\u00e3o"},"content":{"rendered":"<p><strong>Assist\u00eancia Judici\u00e1ria<\/strong><\/p>\n<p>Garantir orienta\u00e7\u00e3o jur\u00eddica, advocacia preventiva e assist\u00eancia judici\u00e1ria.<\/p>\n<p>Abrang\u00eancia: pessoas da RMBH que n\u00e3o possuem recursos para custear o pagamento de um advogado.<\/p>\n<p>Valor: R$ 576.923,00 (GND 3)<\/p>\n<p>Relev\u00e2ncia: efetiva\u00e7\u00e3o do acesso \u00e0 justi\u00e7a como direito constitucional. O(a) parlamentar ter\u00e1 seu nome vinculado e publicizado nos editais de sele\u00e7\u00e3o interna a serem realizados, nas redes sociais, s\u00edtio eletr\u00f4nico da DAJ e, ocasionalmente, em eventos organizados pela Divis\u00e3o de Assist\u00eancia Judici\u00e1ria<\/p>\n<p>Prof. Paulo Edson de Sousa \u2013 DAJ\/UFMG.<\/p>\n<p>Coordena\u00e7\u00e3o: Prof.\u00aa Renata Christiana Vieira Maia e Prof\u00ba. J\u00falio C\u00e9sar Faria Zini \u2013 Faculdade de Direito\/UFMG<\/p>\n<hr \/>\n<p>&nbsp;<\/p>\n<p><strong>Laborat\u00f3rio de Cartografias S\u00f3cio-Jur\u00eddicas e Monitoramento de Conflitos de Alta Complexidade<\/strong><\/p>\n<p>Formar profissionais com expertise t\u00e9cnica em metodologias de cartografia s\u00f3cio-jur\u00eddica, aptos para realizar pesquisa social aplicada em comunidades socialmente vulnerabilizadas.<\/p>\n<p>Abrang\u00eancia: professores pesquisadores, pesquisadores de p\u00f3s-gradua\u00e7\u00e3o e de gradua\u00e7\u00e3o, comunidades vulnerabilizadas por viola\u00e7\u00f5es sistem\u00e1tica de direitos humanos.<\/p>\n<p>Valor: R$ 200.000,00 (GND 4) + R$ 300.000,00 (GND 3) = R$ 500.000,00<\/p>\n<p>Relev\u00e2ncia: O laborat\u00f3rio vai permitir aos pesquisadores fornecer mapas e outros substratos visuais e escritos que ajudem na reflex\u00e3o e base cient\u00edfica para a tomada de decis\u00e3o nesse tipo de conflito, que pode envolver conflitos urbanos, s\u00f3cio-ambientais, h\u00eddricos, de moradia, da situa\u00e7\u00e3o de crian\u00e7as, adolescentes, de pessoas com defici\u00eancia, de pol\u00edticas para a popula\u00e7\u00e3o LGBTQIA+, entre tantos outros.<\/p>\n<p>Coordena\u00e7\u00e3o: Prof.\u00aa Maria Fernanda Salcedo Repol\u00eas e Prof.\u00ba Andr\u00e9 Luiz Freitas Dias Faculdade de Direito\/UFMG<\/p>\n","protected":false},"excerpt":{"rendered":"<p>Assist\u00eancia Judici\u00e1ria Garantir orienta\u00e7\u00e3o jur\u00eddica, advocacia preventiva e assist\u00eancia judici\u00e1ria. [&hellip;]<\/p>\n","protected":false},"author":2,"featured_media":0,"parent":446,"menu_order":0,"comment_status":"closed","ping_status":"closed","template":"","meta":{"footnotes":""},"acf":[],"_links":{"self":[{"href":"https:\/\/www.ufmg.br\/copi\/wp-json\/wp\/v2\/pages\/457"}],"collection":[{"href":"https:\/\/www.ufmg.br\/copi\/wp-json\/wp\/v2\/pages"}],"about":[{"href":"https:\/\/www.ufmg.br\/copi\/wp-json\/wp\/v2\/types\/page"}],"author":[{"embeddable":true,"href":"https:\/\/www.ufmg.br\/copi\/wp-json\/wp\/v2\/users\/2"}],"replies":[{"embeddable":true,"href":"https:\/\/www.ufmg.br\/copi\/wp-json\/wp\/v2\/comments?post=457"}],"version-history":[{"count":3,"href":"https:\/\/www.ufmg.br\/copi\/wp-json\/wp\/v2\/pages\/457\/revisions"}],"predecessor-version":[{"id":460,"href":"https:\/\/www.ufmg.br\/copi\/wp-json\/wp\/v2\/pages\/457\/revisions\/460"}],"up":[{"embeddable":true,"href":"https:\/\/www.ufmg.br\/copi\/wp-json\/wp\/v2\/pages\/446"}],"wp:attachment":[{"href":"https:\/\/www.ufmg.br\/copi\/wp-json\/wp\/v2\/media?parent=457"}],"curies":[{"name":"wp","href":"https:\/\/api.w.org\/{rel}","templated":true}]}}