{"id":473,"date":"2023-08-04T11:18:21","date_gmt":"2023-08-04T14:18:21","guid":{"rendered":"https:\/\/www.ufmg.br\/copi-novo\/?page_id=473"},"modified":"2023-08-04T11:19:10","modified_gmt":"2023-08-04T14:19:10","slug":"centenario-ufmg","status":"publish","type":"page","link":"https:\/\/www.ufmg.br\/copi\/projetos-ufmg-loa-2024\/centenario-ufmg\/","title":{"rendered":"Centen\u00e1rio UFMG"},"content":{"rendered":"<p><strong>Centro de Mem\u00f3ria da UFMG &#8211; Rumo ao Centen\u00e1rio<\/strong><\/p>\n<p>Organizar, armazenar, preservar, recuperar e disponibilizar o acervo bibliogr\u00e1fico e documental da mem\u00f3ria da UFMG: fotografias, boletins jornal\u00edsticos, materiais sonoros, audiovisuais e de acervo gr\u00e1fico.<\/p>\n<p>Objetivos espec\u00edficos: a) Padronizar o processamento t\u00e9cnico dos documentos; b) padronizar o armazenamento dos documentos; c) automatizar o gerenciamento; d) digitalizar acervo; e) disponibilizar o acervo para a consulta da sociedade.<\/p>\n<p>Valor: R$ 171.000,00 (GND 3) + R$ 18.768,00 (GND 4) = R$ 189.768,00<\/p>\n<p>Relev\u00e2ncia: Ser\u00e3o realizados eventos institucionais em cada fase do projeto (lan\u00e7amento, assinaturas de parcerias etc.), com apoio da assessoria de imprensa na constru\u00e7\u00e3o de cobertura das m\u00eddias da UFMG e dos ve\u00edculos da imprensa tradicionais.<\/p>\n<p>Coordena\u00e7\u00e3o: Prof.\u00aa F\u00e1bia Pereira Lima, diretora de Comunica\u00e7\u00e3o\/UFMG<\/p>\n<hr \/>\n<p>&nbsp;<\/p>\n<p><strong>Ciclo de Confer\u00eancias<\/strong><\/p>\n<p>Organizar uma s\u00e9rie de confer\u00eancias para pensar em perspectiva o papel da educa\u00e7\u00e3o e da Universidade na constru\u00e7\u00e3o do futuro do pa\u00eds, com convidados brasileiros e estrangeiros.<\/p>\n<p>P\u00fablico-alvo: Comunidade docente e discente da UFMG; Sociedade civil onde a UFMG est\u00e1 inserida; Pesquisadores e entidades de ensino e pesquisa.<\/p>\n<p>Valor: R$ 284.875,00 (GND 3)<\/p>\n<p>Relev\u00e2ncia: Ser\u00e3o realizados eventos institucionais em cada fase do projeto (lan\u00e7amento, assinaturas de parcerias etc.), com apoio da assessoria de imprensa na constru\u00e7\u00e3o de cobertura das m\u00eddias da UFMG e dos ve\u00edculos da imprensa tradicionais.<\/p>\n<p>Coordena\u00e7\u00e3o: Prof.\u00aa F\u00e1bia Pereira Lima, diretora de Comunica\u00e7\u00e3o\/UFMG<\/p>\n","protected":false},"excerpt":{"rendered":"<p>Centro de Mem\u00f3ria da UFMG &#8211; Rumo ao Centen\u00e1rio Organizar, [&hellip;]<\/p>\n","protected":false},"author":2,"featured_media":0,"parent":446,"menu_order":0,"comment_status":"closed","ping_status":"closed","template":"","meta":{"footnotes":""},"acf":[],"_links":{"self":[{"href":"https:\/\/www.ufmg.br\/copi\/wp-json\/wp\/v2\/pages\/473"}],"collection":[{"href":"https:\/\/www.ufmg.br\/copi\/wp-json\/wp\/v2\/pages"}],"about":[{"href":"https:\/\/www.ufmg.br\/copi\/wp-json\/wp\/v2\/types\/page"}],"author":[{"embeddable":true,"href":"https:\/\/www.ufmg.br\/copi\/wp-json\/wp\/v2\/users\/2"}],"replies":[{"embeddable":true,"href":"https:\/\/www.ufmg.br\/copi\/wp-json\/wp\/v2\/comments?post=473"}],"version-history":[{"count":2,"href":"https:\/\/www.ufmg.br\/copi\/wp-json\/wp\/v2\/pages\/473\/revisions"}],"predecessor-version":[{"id":475,"href":"https:\/\/www.ufmg.br\/copi\/wp-json\/wp\/v2\/pages\/473\/revisions\/475"}],"up":[{"embeddable":true,"href":"https:\/\/www.ufmg.br\/copi\/wp-json\/wp\/v2\/pages\/446"}],"wp:attachment":[{"href":"https:\/\/www.ufmg.br\/copi\/wp-json\/wp\/v2\/media?parent=473"}],"curies":[{"name":"wp","href":"https:\/\/api.w.org\/{rel}","templated":true}]}}