{"id":478,"date":"2023-08-04T11:21:56","date_gmt":"2023-08-04T14:21:56","guid":{"rendered":"https:\/\/www.ufmg.br\/copi-novo\/?page_id=478"},"modified":"2023-08-04T11:21:56","modified_gmt":"2023-08-04T14:21:56","slug":"desenvolvimento-sustentavel","status":"publish","type":"page","link":"https:\/\/www.ufmg.br\/copi\/projetos-ufmg-loa-2024\/desenvolvimento-sustentavel\/","title":{"rendered":"Desenvolvimento sustent\u00e1vel"},"content":{"rendered":"<p>Aten\u00e7\u00e3o \u00e0 \u00e1gua da bovinocultura leiteira e da piscicultura mineiras<\/p>\n<p>Cria\u00e7\u00e3o de um Laborat\u00f3rio de Refer\u00eancia em Qualidade das \u00c1guas da Produ\u00e7\u00e3o Animal na Escola de Veterin\u00e1ria (UFMG) para prover suporte t\u00e9cnico e cient\u00edfico a pequenos e m\u00e9dios produtores de dois setores destaque de Minas Gerais: a bovinocultura de leite e a piscicultura (de corte e ornamental). Espera-se dar suporte extensionista aos produtores, permitindo assim a melhor tomada de decis\u00e3o sobre o uso da \u00e1gua.<br \/>\nAquisi\u00e7\u00e3o de equipamentos para a an\u00e1lise r\u00e1pida, robusta e decis\u00f3ria da \u00e1gua, especialmente com o protagonismo de um Cromat\u00f3grafo I\u00f4nico e de um Analisador de Nitrog\u00eanio e Carbono Org\u00e2nico Total.<\/p>\n<p>Valor: R$ 50.000,00 (GND 3) + R$ 250.000,00 (GND 4) = R$ 300.000,00<\/p>\n<p>Abrang\u00eancia: Produtores rurais, produtores familiares, piscicultores (pequeno e m\u00e9dio porte) das regi\u00f5es Central e Centro-Oeste (Tilapicultura) e da Zona da Mata (peixes ornamentais); bovinocultores de leite (pequeno e m\u00e9dio porte); comunidade acad\u00eamica (gradua\u00e7\u00e3o, p\u00f3s-gradua\u00e7\u00e3o) da Escola de Veterin\u00e1ria\/UFMG.<\/p>\n<p>Coordena\u00e7\u00e3o: Prof\u00ba. Alyson Rog\u00e9rio Ribeiro &#8211; Escola de Veterin\u00e1ria\/UFMG<\/p>\n<hr \/>\n<p>&nbsp;<\/p>\n<p><strong>Amplia\u00e7\u00e3o da compra direta de produtos da agricultura familiar de base agroecol\u00f3gica<\/strong><\/p>\n<p>Muitas prefeituras n\u00e3o conseguem cumprir o m\u00ednimo legal de 30% do valor de compra deste segmento devido a quest\u00f5es relacionadas \u00e0 organiza\u00e7\u00e3o dos produtores e a previsibilidade de entrega dos produtos. Neste sentido, a Funda\u00e7\u00e3o Mendes Pimentel, gestora dos Restaurantes Universit\u00e1rios da UFMG e das pol\u00edticas de assist\u00eancia estudantil da Universidade, alcan\u00e7a valor de compra acima de 30%, sendo pr\u00f3ximo a 2 milh\u00f5es de reais. Por\u00e9m, \u00e9 importante aproveitar esta expertise instalada e ampliar o volume de compra, bem como apoiar o fortalecimento da produ\u00e7\u00e3o de base agroecol\u00f3gica.<\/p>\n<p>Valor: R$ 330.000,00 (GND 3)<\/p>\n<p>Visibilidade: Aumentar a visibilidade entre grupos de agricultores familiares beneficiados pelas compras diretas, se opondo ao agroneg\u00f3cio; Reafirmar o compromisso com a seguran\u00e7a alimentar, a alimenta\u00e7\u00e3o de qualidade e a justi\u00e7a social; Reafirmar o compromisso com povos tradicionais como quilombolas, ind\u00edgenas e grupos diversos de agricultores familiares.<\/p>\n<p>Coordena\u00e7\u00e3o: Prof\u00ba. Matheus Anchieta Ramirez, , diretor da Funda\u00e7\u00e3o Mendes Pimentel, entidade executora das pol\u00edticas de assist\u00eancia estudantil na UFMG.<\/p>\n<hr \/>\n<p>&nbsp;<\/p>\n<p><strong>Laborat\u00f3rio UFMG Sustent\u00e1vel<\/strong><\/p>\n<p>Relev\u00e2ncia: Fomento de a\u00e7\u00f5es de curto, m\u00e9dio e longo prazos, com foco nas contribui\u00e7\u00f5es da UFMG para a constru\u00e7\u00e3o de solu\u00e7\u00f5es de reciclagem e reuso de mercadorias apreendidas pela Receita Federal, devolvendo-as \u00e0 sociedade com redu\u00e7\u00e3o de res\u00edduos no meio ambiente e na forma de projetos com forte impacto social. Apoiar a implanta\u00e7\u00e3o de um amplo programa de forma\u00e7\u00e3o acad\u00eamica focado na cria\u00e7\u00e3o de solu\u00e7\u00f5es sustent\u00e1veis para problemas sociais, a partir da capacita\u00e7\u00e3o de estudantes para transformar mercadorias apreendidas (impr\u00f3prias para consumo) em projetos de alto impacto social, com aporte de conhecimento cient\u00edfico e tecnol\u00f3gico, e visando a preserva\u00e7\u00e3o ambiental e o desenvolvimento econ\u00f4mico da sociedade.<\/p>\n<p>Valor: 167.000,00 (GND 3) + 21.000,00 (GND 4) = R$ 188.000,00<\/p>\n<p>Visibilidade: Ser\u00e3o realizados eventos institucionais para constru\u00e7\u00e3o de pautas midi\u00e1ticas em cada fase do Programa (lan\u00e7amento, assinaturas de parcerias, entrega \u00e0s comunidades), com apoio da assessoria de imprensa na constru\u00e7\u00e3o de cobertura das m\u00eddias da UFMG e dos ve\u00edculos da imprensa.<\/p>\n<p>Coordena\u00e7\u00e3o: Prof\u00ba. Alessandro Fernandes Moreira, vice-reitor\/UFMG<\/p>\n","protected":false},"excerpt":{"rendered":"<p>Aten\u00e7\u00e3o \u00e0 \u00e1gua da bovinocultura leiteira e da piscicultura mineiras [&hellip;]<\/p>\n","protected":false},"author":2,"featured_media":0,"parent":446,"menu_order":0,"comment_status":"closed","ping_status":"closed","template":"","meta":{"footnotes":""},"acf":[],"_links":{"self":[{"href":"https:\/\/www.ufmg.br\/copi\/wp-json\/wp\/v2\/pages\/478"}],"collection":[{"href":"https:\/\/www.ufmg.br\/copi\/wp-json\/wp\/v2\/pages"}],"about":[{"href":"https:\/\/www.ufmg.br\/copi\/wp-json\/wp\/v2\/types\/page"}],"author":[{"embeddable":true,"href":"https:\/\/www.ufmg.br\/copi\/wp-json\/wp\/v2\/users\/2"}],"replies":[{"embeddable":true,"href":"https:\/\/www.ufmg.br\/copi\/wp-json\/wp\/v2\/comments?post=478"}],"version-history":[{"count":1,"href":"https:\/\/www.ufmg.br\/copi\/wp-json\/wp\/v2\/pages\/478\/revisions"}],"predecessor-version":[{"id":479,"href":"https:\/\/www.ufmg.br\/copi\/wp-json\/wp\/v2\/pages\/478\/revisions\/479"}],"up":[{"embeddable":true,"href":"https:\/\/www.ufmg.br\/copi\/wp-json\/wp\/v2\/pages\/446"}],"wp:attachment":[{"href":"https:\/\/www.ufmg.br\/copi\/wp-json\/wp\/v2\/media?parent=478"}],"curies":[{"name":"wp","href":"https:\/\/api.w.org\/{rel}","templated":true}]}}