{"id":480,"date":"2023-08-04T11:24:43","date_gmt":"2023-08-04T14:24:43","guid":{"rendered":"https:\/\/www.ufmg.br\/copi-novo\/?page_id=480"},"modified":"2023-08-04T11:24:43","modified_gmt":"2023-08-04T14:24:43","slug":"educacao-e-cultura","status":"publish","type":"page","link":"https:\/\/www.ufmg.br\/copi\/projetos-ufmg-loa-2024\/educacao-e-cultura\/","title":{"rendered":"Educa\u00e7\u00e3o e cultura"},"content":{"rendered":"<p><strong>Cria\u00e7\u00e3o da Casa de Cinema In\u00eas Teixeira<\/strong><\/p>\n<p>O cinema, sobretudo o nacional, deve ser percebido como pr\u00e1tica cultural e espa\u00e7o de encontro, capaz de, sobretudo dentro das escolas, fomentar o di\u00e1logo e a articula\u00e7\u00e3o &#8211; fundamentais para o exerc\u00edcio da cidadania.<\/p>\n<p>A Lei Federal 13.006, de 2014, determina a exibi\u00e7\u00e3o de 2 horas de filmes brasileiros por m\u00eas nas escolas da Educa\u00e7\u00e3o B\u00e1sica. Al\u00e9m disso, a produ\u00e7\u00e3o e frui\u00e7\u00e3o de imagens atravessam de forma transversal toda a Base Nacional Curricular Comum (BNCC) e est\u00e3o contempladas na Pol\u00edtica Nacional da Educa\u00e7\u00e3o Digital (Lei 14.533) de 2023.<\/p>\n<p>Para que o contato as produ\u00e7\u00f5es cinematogr\u00e1ficas ocorra de forma transdisciplinar e em conex\u00e3o com as hist\u00f3rias e culturas das comunidades escolares, prop\u00f5em-se, a partir da estrutura\u00e7\u00e3o da Casa de Cinema In\u00eas Teixeira, uma agenda regular de exibi\u00e7\u00e3o e debate de filmes na Faculdade de Educa\u00e7\u00e3o da UFMG.<\/p>\n<p>Valor: R$ 50.000,00 (GND 3) + R$ 250.000,00 (GND 4) = R$ 300.000,00<\/p>\n<p>Coordena\u00e7\u00e3o: Prof.\u00aa Clarisse Maria Castro de Alvarenga &#8211; Escola de Belas Artes\/UFMG<\/p>\n<hr \/>\n<p>&nbsp;<\/p>\n<p><strong>Liberdade e cidadania<\/strong><\/p>\n<p>Relev\u00e2ncia: O projeto tem potencial de impactar os \u00edndices de alfabetiza\u00e7\u00e3o e letramento de escolas p\u00fablicas de Belo Horizonte e regi\u00e3o, revertendo d\u00e9ficits adquiridos ou agravados pelo per\u00edodo de ensino remoto que ocorreu na pandemia de covid-19. O projeto tamb\u00e9m pode ter claros impactos na transforma\u00e7\u00e3o da vida dos(as) estudantes e, consequentemente, na transforma\u00e7\u00e3o da realidade social.<\/p>\n<p>Abrang\u00eancia: Estudantes do ensino fundamental de escolas p\u00fablicas da regi\u00e3o metropolitana de Belo Horizonte.<\/p>\n<p>Valor: 231.450,00 (GND3) + 58.800,00 (GND4) = R$ 290.250,00<\/p>\n<p>Visibilidade: A execu\u00e7\u00e3o do projeto pode auxiliar no embasamento de cursos de forma\u00e7\u00e3o para professores alfabetizadores na rede de ensino p\u00fablico e na constru\u00e7\u00e3o de diretrizes mais claras para alfabetiza\u00e7\u00e3o e letramento no Brasil. As diretrizes atuais est\u00e3o muito aqu\u00e9m das diretrizes de pa\u00edses do mundo e at\u00e9 mesmo da Am\u00e9rica Latina. Al\u00e9m disso, melhorar a alfabetiza\u00e7\u00e3o contribui para o aumento do IDEB de escolas, o que assegura \u00e0s escolas acesso a mais verbas, que ser\u00e3o revertidas para uma maior qualidade do ensino.<\/p>\n<p>Coordena\u00e7\u00e3o: Prof.\u00aa Viviane Verdu Rico &#8211; Faculdade de Filosofia e Ci\u00eancias Humanas\/UFMG<\/p>\n<hr \/>\n<p>&nbsp;<\/p>\n<p><strong>Forma\u00e7\u00e3o pol\u00edtica para lideran\u00e7as e pr\u00e9-candidatas\/os negras e negros<\/strong><\/p>\n<p>Desde 2014, quando o TSE passou a determinar que dados sobre cor\/ra\u00e7a fossem inclu\u00eddos nas fichas de candidaturas, foi poss\u00edvel dimensionar a sub-representa\u00e7\u00e3o negra na pol\u00edtica. Para as elei\u00e7\u00f5es de 2022, duas altera\u00e7\u00f5es na legisla\u00e7\u00e3o prometiam diminuir a sub-representa\u00e7\u00e3o negra e feminina: 1) a proposta de divis\u00e3o proporcional de recursos do Fundo Especial de Financiamento de campanha (FEFC); e 2) a Emenda Constitucional 111, que determina que os votos dados a candidatas mulheres ou a candidatos negros sejam contados em dobro para fins de distribui\u00e7\u00e3o entre os partidos pol\u00edticos dos recursos do fundo partid\u00e1rio e do FEFC. Entretanto, seus efeitos ficaram aqu\u00e9m do esperado pela dificuldade dos partidos em recrutar candidaturas negras competitivas e pela pouca experi\u00eancia pol\u00edtica das candidaturas negras que se apresentaram ao pleito. O objetivo deste curso \u00e9 oferecer aos partidos a oportunidade de formar politicamente candidaturas negras eleitoralmente competitivas e preparar pr\u00e9-candidatos a desenvolverem campanhas pol\u00edticas bem-sucedidas.<\/p>\n<p>P\u00fablico-alvo: Lideran\u00e7as pol\u00edticas negras interessadas em concorrer a cargos eletivos e pr\u00e9-candidatas negras e negros para os cargos de verean\u00e7a e prefeitura nas elei\u00e7\u00f5es de 2024.<\/p>\n<p>Valor: 279.920,00 (GND 3) + 20.000,00 (GND 4) = R$ 299.920,00<\/p>\n<p>Visibilidade: ampliar coopera\u00e7\u00e3o junto a lideran\u00e7as negras influentes e bastante territorializadas em diferentes regi\u00f5es de Minas Gerais; ajudar legendas partid\u00e1rias a acessar mais recursos do FEFC e do fundo partid\u00e1rio; constru\u00e7\u00e3o de redes de colabora\u00e7\u00e3o com os futuros mandatos de vereadores\/as e prefeitos\/as eleitos com a ajuda dos debates discutidos no curso e se fortalecer politicamente no cen\u00e1rio estadual.<\/p>\n<p>Coordena\u00e7\u00e3o: Prof.\u00ba Cristiano Rodrigues &#8211; Faculdade de Filosofia e Ci\u00eancias Humanas\/UFMG<\/p>\n<hr \/>\n<p>&nbsp;<\/p>\n<p><strong>Memorial Angelo Machado<\/strong><\/p>\n<p>Angelo Machado, professor em\u00e9rito do Instituto de Ci\u00eancias Biol\u00f3gicas da UFMG, debru\u00e7ou-se sobre o estudo das lib\u00e9lulas, tendo descrito in\u00fameras esp\u00e9cies. Dedicou-se, tamb\u00e9m, \u00e0 conserva\u00e7\u00e3o ambiental, atuando em diversas entidades (como a Funda\u00e7\u00e3o Biodiversitas), e \u00e0 publica\u00e7\u00e3o de livros de divulga\u00e7\u00e3o cient\u00edfica para o p\u00fablico infanto-juvenil, atividade esta que lhe rendeu os pr\u00eamios Jabuti de literatura infantil (1993) e o de melhor texto de teatro infantil \/ SESC-SATED (1996).<\/p>\n<p>Angelo Machado doou, em 2015, para a UFMG o seu acervo cient\u00edfico privado e transferido ao Centro de Cole\u00e7\u00f5es Taxon\u00f4micas. Trata-se da maior cole\u00e7\u00e3o de lib\u00e9lulas da Am\u00e9rica do Sul, com mais de 35 mil amostras e 1050 esp\u00e9cies identificadas.<\/p>\n<p>A transfer\u00eancia desse acervo para o Instituto de Ci\u00eancias Biol\u00f3gicas requer uma infraestrutura adequada, solicitada neste projeto, incluindo uma sala climatizada, arm\u00e1rios entomol\u00f3gicos e servi\u00e7o de digitaliza\u00e7\u00e3o dos dados associados \u00e0s amostras para estudo pela comunidade cient\u00edfica. A hist\u00f3ria de vida do professor, cientista e escritor mineiro Angelo Machado precisa ser imortalizada, o que pretendemos fazer atrav\u00e9s do memorial.<\/p>\n<p>Valor: 69.041,00 (GND 3) + 91.723,00 (GND 4) = R$ 160.764,00<\/p>\n<p>Coordena\u00e7\u00e3o: Prof\u00ba. Jo\u00e3o Renato Stehmann (Coord.)\/ Prof\u00ba. Fernando Amaral Silveira \/ Bi\u00f3logo &#8211; Instituto de Ci\u00eancias Biol\u00f3gicas\/UFMG<\/p>\n<hr \/>\n<p>&nbsp;<\/p>\n<p><strong>\u00c1guas em movimento: Rio Jequitinhonha, mem\u00f3rias e inf\u00e2ncias em Coronel Murta e Itaobim<\/strong><\/p>\n<p>Relev\u00e2ncia: realizar de tr\u00eas a cinco mini-document\u00e1rios audiovisuais, para circula\u00e7\u00e3o nas comunidades do Vale do Jequitinhonha e no estado de Minas Gerais. Para isso, vamos fazer uma escuta ampla e profunda das mem\u00f3rias dos lugares com o rio Jequitinhonha, mem\u00f3rias que possuem diferentes ordens (recentes ou antigas) e que constroem sentido para a comunidade. Al\u00e9m disso, registrar e inventariar as inf\u00e2ncias atuais e do passado que correm junto ao rio, nas viv\u00eancias de crian\u00e7as de agora, como brinquedos e brincadeiras, a forma como essa inf\u00e2ncia se relaciona com as \u00e1guas, evidenciando como o rio Jequitinhonha est\u00e1 vivo no cotidiano e imagin\u00e1rio dessas pessoas.<\/p>\n<p>Abrang\u00eancia: Integrantes (crian\u00e7as e adultos) das comunidades de Ouro Fino, Mutuca e Barra de Salinas da cidade de Coronel Murta e da comunidade do S\u00e3o Jo\u00e3o e S\u00e3o Roque em Itaobim.<\/p>\n<p>Valor: 300.000,00 (GND 3)+ 150.000,00 (GND 4) = R$ 450.000,00<\/p>\n<p>Coordena\u00e7\u00e3o: Prof\u00ba. Carlos Henrique Rezende Falci e prof.\u00aa Alessandra Rosado &#8211; Escola de Belas Artes\/UFMG<\/p>\n","protected":false},"excerpt":{"rendered":"<p>Cria\u00e7\u00e3o da Casa de Cinema In\u00eas Teixeira O cinema, sobretudo [&hellip;]<\/p>\n","protected":false},"author":2,"featured_media":0,"parent":446,"menu_order":0,"comment_status":"closed","ping_status":"closed","template":"","meta":{"footnotes":""},"acf":[],"_links":{"self":[{"href":"https:\/\/www.ufmg.br\/copi\/wp-json\/wp\/v2\/pages\/480"}],"collection":[{"href":"https:\/\/www.ufmg.br\/copi\/wp-json\/wp\/v2\/pages"}],"about":[{"href":"https:\/\/www.ufmg.br\/copi\/wp-json\/wp\/v2\/types\/page"}],"author":[{"embeddable":true,"href":"https:\/\/www.ufmg.br\/copi\/wp-json\/wp\/v2\/users\/2"}],"replies":[{"embeddable":true,"href":"https:\/\/www.ufmg.br\/copi\/wp-json\/wp\/v2\/comments?post=480"}],"version-history":[{"count":2,"href":"https:\/\/www.ufmg.br\/copi\/wp-json\/wp\/v2\/pages\/480\/revisions"}],"predecessor-version":[{"id":482,"href":"https:\/\/www.ufmg.br\/copi\/wp-json\/wp\/v2\/pages\/480\/revisions\/482"}],"up":[{"embeddable":true,"href":"https:\/\/www.ufmg.br\/copi\/wp-json\/wp\/v2\/pages\/446"}],"wp:attachment":[{"href":"https:\/\/www.ufmg.br\/copi\/wp-json\/wp\/v2\/media?parent=480"}],"curies":[{"name":"wp","href":"https:\/\/api.w.org\/{rel}","templated":true}]}}