{"id":483,"date":"2023-08-04T11:26:23","date_gmt":"2023-08-04T14:26:23","guid":{"rendered":"https:\/\/www.ufmg.br\/copi-novo\/?page_id=483"},"modified":"2023-08-04T11:26:23","modified_gmt":"2023-08-04T14:26:23","slug":"esporte","status":"publish","type":"page","link":"https:\/\/www.ufmg.br\/copi\/projetos-ufmg-loa-2024\/esporte\/","title":{"rendered":"Esporte"},"content":{"rendered":"<p><strong>Forma\u00e7\u00e3o de atletas de alto rendimento (gin\u00e1stica aer\u00f3bica)<\/strong><\/p>\n<p>O projeto de Gin\u00e1stica Aer\u00f3bica da EEFFTO\/UFMG vem sendo ofertado gratuitamente \u00e0 comunidade interna e externa da UFMG desde 1996. Entretanto, n\u00e3o existe linhas de financiamento que garantam a participa\u00e7\u00e3o dos atletas em eventos competitivos e\/ou de forma\u00e7\u00e3o nacionais e internacionais. Sendo assim, a destina\u00e7\u00e3o de uma emenda parlamentar \u00e9 nossa \u00fanica garantia de que todo o trabalho que vem sendo desenvolvido com estes atletas.<\/p>\n<p>Valor: R$ 145.028,25 (GND 3)<\/p>\n<p>Relev\u00e2ncia: Os atletas deste projeto s\u00e3o campe\u00f5es em diversos eventos nacionais e internacionais com os seus resultados \u201cviralizando\u201d nas m\u00eddias sociais , v\u00e1rios deles com mais de 100.000 visualiza\u00e7\u00f5es.Para al\u00e9m disso o parlamentar ter\u00e1 seu nome vinculado em nossos uniformes, espa\u00e7os de publicidade no gin\u00e1sio de treinamento e em todas as participa\u00e7\u00f5es competitivas ou art\u00edsticas desta equipe.<\/p>\n<p>Coordena\u00e7\u00e3o: Prof.\u00aa K\u00e1tia L\u00facia Moreira Lemos &#8211; Escola de Educa\u00e7\u00e3o F\u00edsica, Fisioterapia e Terapia Ocupacional\/UFMG<\/p>\n<hr \/>\n<p>&nbsp;<\/p>\n<p><strong>Inicia\u00e7\u00e3o esportiva de crian\u00e7as e adolescentes com defici\u00eancia<\/strong><\/p>\n<p>Atletismo, Nata\u00e7\u00e3o, Halterofilismo e Taekwondo para 50 crian\u00e7as e adolescentes com defici\u00eancia. Oferta de transporte, hospedagem, uniformes e alimenta\u00e7\u00e3o para alunos e professores em eventos esportivos regionais e\/ou nacionais.<\/p>\n<p>Abrang\u00eancia: 50 crian\u00e7as com defici\u00eancia f\u00edsica, visual ou intelectual (15 atletismo; 15 nata\u00e7\u00e3o; 10 no halterofilismo; e 10 no taekwondo), com idade entre 8 e 17 anos, regularmente matriculados nas redes de ensino b\u00e1sico municipal e estadual de Minas Gerais.<\/p>\n<p>Valor: 18.445,92 (GND 3) + 245.945,60 (GND 4) = R$ 264.391,52<\/p>\n<p>Relev\u00e2ncia: o Esporte Paral\u00edmpico da CTE-UFMG \u00e9 considerado uma refer\u00eancia nacional como programa de acolhimento e direcionamento esportivo de pessoas com defici\u00eancia. O projeto incentiva a pr\u00e1tica esportiva como meio de inclus\u00e3o social para crian\u00e7as e adolescentes com defici\u00eancia.<\/p>\n<p>Coordena\u00e7\u00e3o: Prof.\u00aa Andressa da Silva de Mello &#8211; diretora do Centro de Treinamento Esportivo\/UFMG<\/p>\n","protected":false},"excerpt":{"rendered":"<p>Forma\u00e7\u00e3o de atletas de alto rendimento (gin\u00e1stica aer\u00f3bica) O projeto [&hellip;]<\/p>\n","protected":false},"author":2,"featured_media":0,"parent":446,"menu_order":0,"comment_status":"closed","ping_status":"closed","template":"","meta":{"footnotes":""},"acf":[],"_links":{"self":[{"href":"https:\/\/www.ufmg.br\/copi\/wp-json\/wp\/v2\/pages\/483"}],"collection":[{"href":"https:\/\/www.ufmg.br\/copi\/wp-json\/wp\/v2\/pages"}],"about":[{"href":"https:\/\/www.ufmg.br\/copi\/wp-json\/wp\/v2\/types\/page"}],"author":[{"embeddable":true,"href":"https:\/\/www.ufmg.br\/copi\/wp-json\/wp\/v2\/users\/2"}],"replies":[{"embeddable":true,"href":"https:\/\/www.ufmg.br\/copi\/wp-json\/wp\/v2\/comments?post=483"}],"version-history":[{"count":1,"href":"https:\/\/www.ufmg.br\/copi\/wp-json\/wp\/v2\/pages\/483\/revisions"}],"predecessor-version":[{"id":484,"href":"https:\/\/www.ufmg.br\/copi\/wp-json\/wp\/v2\/pages\/483\/revisions\/484"}],"up":[{"embeddable":true,"href":"https:\/\/www.ufmg.br\/copi\/wp-json\/wp\/v2\/pages\/446"}],"wp:attachment":[{"href":"https:\/\/www.ufmg.br\/copi\/wp-json\/wp\/v2\/media?parent=483"}],"curies":[{"name":"wp","href":"https:\/\/api.w.org\/{rel}","templated":true}]}}