{"id":489,"date":"2023-08-04T11:29:26","date_gmt":"2023-08-04T14:29:26","guid":{"rendered":"https:\/\/www.ufmg.br\/copi-novo\/?page_id=489"},"modified":"2023-08-04T11:29:26","modified_gmt":"2023-08-04T14:29:26","slug":"iniciacao-musical","status":"publish","type":"page","link":"https:\/\/www.ufmg.br\/copi\/projetos-ufmg-loa-2024\/iniciacao-musical\/","title":{"rendered":"Inicia\u00e7\u00e3o musical"},"content":{"rendered":"<p><strong>S\u00e9rie de Concertos: Forma\u00e7\u00e3o Did\u00e1tica nas Escolas de Minas Gerais<\/strong><\/p>\n<p>Abrang\u00eancia: Oficinas e apresentac\u0327o\u0303es musicais presenciais com o objetivo de sensibilizar e capacitar os professores\/as e alunos\/as participantes para a utilizac\u0327a\u0303o de recursos musicais em sala de aula no \u00e2mbito da musicaliza\u00e7\u00e3o infantil.<\/p>\n<p>Relev\u00e2ncia: A percuss\u00e3o age de diversas formas sobre diferentes p\u00fablicos. Ela pode ser meramente entretenimento; ser alvo de experimentalismos e forte pesquisa acad\u00eamica; pode tamb\u00e9m ser um instrumento de socializa\u00e7\u00e3o e desenvolvimento do sentido de comunidade.<\/p>\n<p>Valor: 371.626,20 (GND 3) + 356.226,50 (GND 4) = R$ 727.852,70<\/p>\n<p>Coordena\u00e7\u00e3o: Prof.\u00ba Fernando Martins de Castro Chaib &#8211; Escola de M\u00fasica\/UFMG<\/p>\n","protected":false},"excerpt":{"rendered":"<p>S\u00e9rie de Concertos: Forma\u00e7\u00e3o Did\u00e1tica nas Escolas de Minas Gerais [&hellip;]<\/p>\n","protected":false},"author":2,"featured_media":0,"parent":446,"menu_order":0,"comment_status":"closed","ping_status":"closed","template":"","meta":{"footnotes":""},"acf":[],"_links":{"self":[{"href":"https:\/\/www.ufmg.br\/copi\/wp-json\/wp\/v2\/pages\/489"}],"collection":[{"href":"https:\/\/www.ufmg.br\/copi\/wp-json\/wp\/v2\/pages"}],"about":[{"href":"https:\/\/www.ufmg.br\/copi\/wp-json\/wp\/v2\/types\/page"}],"author":[{"embeddable":true,"href":"https:\/\/www.ufmg.br\/copi\/wp-json\/wp\/v2\/users\/2"}],"replies":[{"embeddable":true,"href":"https:\/\/www.ufmg.br\/copi\/wp-json\/wp\/v2\/comments?post=489"}],"version-history":[{"count":1,"href":"https:\/\/www.ufmg.br\/copi\/wp-json\/wp\/v2\/pages\/489\/revisions"}],"predecessor-version":[{"id":490,"href":"https:\/\/www.ufmg.br\/copi\/wp-json\/wp\/v2\/pages\/489\/revisions\/490"}],"up":[{"embeddable":true,"href":"https:\/\/www.ufmg.br\/copi\/wp-json\/wp\/v2\/pages\/446"}],"wp:attachment":[{"href":"https:\/\/www.ufmg.br\/copi\/wp-json\/wp\/v2\/media?parent=489"}],"curies":[{"name":"wp","href":"https:\/\/api.w.org\/{rel}","templated":true}]}}