{"id":491,"date":"2023-08-04T11:30:13","date_gmt":"2023-08-04T14:30:13","guid":{"rendered":"https:\/\/www.ufmg.br\/copi-novo\/?page_id=491"},"modified":"2023-08-04T11:30:13","modified_gmt":"2023-08-04T14:30:13","slug":"mobilidade-urbana","status":"publish","type":"page","link":"https:\/\/www.ufmg.br\/copi\/projetos-ufmg-loa-2024\/mobilidade-urbana\/","title":{"rendered":"Mobilidade urbana"},"content":{"rendered":"<p><strong>Bicicleta, Direito \u00e0 Cidade, Mobilidade Ativa e Educa\u00e7\u00e3o<\/strong><\/p>\n<p>Relev\u00e2ncia: Constru\u00e7\u00e3o de uma nova cultura urbana que valorize o acesso e a cria\u00e7\u00e3o de espa\u00e7os pensados nas pessoas. O projeto articula dimens\u00f5es pol\u00edticas (pautadas no direito de ir e vir como base do direito \u00e0 cidade), ecol\u00f3gicas (como a necess\u00e1ria redu\u00e7\u00e3o dos \u00edndices de polui\u00e7\u00e3o) e de sa\u00fade p\u00fablica (como o combate ao sedentarismo e a constru\u00e7\u00e3o de redes de sociabilidade a partir do deslocar-se pelas cidades), tomando a presen\u00e7a da bicicleta nas escolas como ponto de partida e elo de liga\u00e7\u00e3o.<\/p>\n<p>&#8211; Capacetes e bicicletas estilizados com a logo do mandato. &#8211; Evento de inaugura\u00e7\u00e3o do projeto com ampla divulga\u00e7\u00e3o para a comunidade.<br \/>\n&#8211; Instaura\u00e7\u00e3o de placas nos polos de realiza\u00e7\u00e3o do projeto.<br \/>\n&#8211; Organiza\u00e7\u00e3o de pedala\u00e7o com os participantes do projeto e inser\u00e7\u00e3o no calend\u00e1rio de \u201cpedala\u00e7os\u201d em Belo Horizonte.<\/p>\n<p>Valor: 79.450,00 (GND 3) + 141.202,00 (GND 4) = R$ 220.652,00<\/p>\n<p>Abrang\u00eancia: Estudantes das escolas p\u00fablicas de Educa\u00e7\u00e3o B\u00e1sica em todos os n\u00edveis de ensino (Ensino Fundamental, Ensino M\u00e9dio e Educa\u00e7\u00e3o de Jovens e Adultos)..<\/p>\n<p>Coordena\u00e7\u00e3o: Prof.\u00ba Cl\u00e1udio M\u00e1rcio Oliveira &#8211; Faculdade de Educa\u00e7\u00e3o\/UFMG<\/p>\n","protected":false},"excerpt":{"rendered":"<p>Bicicleta, Direito \u00e0 Cidade, Mobilidade Ativa e Educa\u00e7\u00e3o Relev\u00e2ncia: Constru\u00e7\u00e3o [&hellip;]<\/p>\n","protected":false},"author":2,"featured_media":0,"parent":446,"menu_order":0,"comment_status":"closed","ping_status":"closed","template":"","meta":{"footnotes":""},"acf":[],"_links":{"self":[{"href":"https:\/\/www.ufmg.br\/copi\/wp-json\/wp\/v2\/pages\/491"}],"collection":[{"href":"https:\/\/www.ufmg.br\/copi\/wp-json\/wp\/v2\/pages"}],"about":[{"href":"https:\/\/www.ufmg.br\/copi\/wp-json\/wp\/v2\/types\/page"}],"author":[{"embeddable":true,"href":"https:\/\/www.ufmg.br\/copi\/wp-json\/wp\/v2\/users\/2"}],"replies":[{"embeddable":true,"href":"https:\/\/www.ufmg.br\/copi\/wp-json\/wp\/v2\/comments?post=491"}],"version-history":[{"count":1,"href":"https:\/\/www.ufmg.br\/copi\/wp-json\/wp\/v2\/pages\/491\/revisions"}],"predecessor-version":[{"id":492,"href":"https:\/\/www.ufmg.br\/copi\/wp-json\/wp\/v2\/pages\/491\/revisions\/492"}],"up":[{"embeddable":true,"href":"https:\/\/www.ufmg.br\/copi\/wp-json\/wp\/v2\/pages\/446"}],"wp:attachment":[{"href":"https:\/\/www.ufmg.br\/copi\/wp-json\/wp\/v2\/media?parent=491"}],"curies":[{"name":"wp","href":"https:\/\/api.w.org\/{rel}","templated":true}]}}