{"id":504,"date":"2023-08-04T12:44:38","date_gmt":"2023-08-04T15:44:38","guid":{"rendered":"https:\/\/www.ufmg.br\/copi-novo\/?page_id=504"},"modified":"2023-08-04T12:44:38","modified_gmt":"2023-08-04T15:44:38","slug":"saude-animal","status":"publish","type":"page","link":"https:\/\/www.ufmg.br\/copi\/projetos-ufmg-loa-2024\/saude-animal\/","title":{"rendered":"Sa\u00fade animal"},"content":{"rendered":"<p><strong>Abandono de animais<\/strong><\/p>\n<p>Relev\u00e2ncia: Diante do aumento do n\u00famero de equ\u00eddeos abandonados, muitos deles idosos, em absoluta situa\u00e7\u00e3o de vulnerabilidade, torna-se primordial melhorar a capacidade diagn\u00f3stica e as estrat\u00e9gias terap\u00eauticas que garantam o bem-estar dessa popula\u00e7\u00e3o. Embora a mobiliza\u00e7\u00e3o social tenha aumentado muito no sentido da causa animal, mais esfor\u00e7os devem ser empregados para atender \u00e0 enorme demanda que cresce a cada ano. Este projeto tem por objetivo buscar apoio financeiro para compra de equipamentos fundamentais para o diagn\u00f3stico das enfermidades mais comuns nessa categoria de equinos e para sua manuten\u00e7\u00e3o.<\/p>\n<p>Abrang\u00eancia: Poder p\u00fablico e equipes n\u00e3o governamentais que atuem com equ\u00eddeos em estado de vulnerabilidade na zona metropolitana de Belo Horizonte, equ\u00eddeos vulner\u00e1veis, alunos de gradua\u00e7\u00e3o, residentes e alunos de p\u00f3s-gradua\u00e7\u00e3o, m\u00e9dicos veterin\u00e1rios parceiros e comunidade externa em geral.<\/p>\n<p>Valor: 55.000,00 (GND 3) + 235.000,00 (GND 4) = R$ 290.000,00<\/p>\n<p>Coordena\u00e7\u00e3o: Prof.\u00aa Renata de Pino Albuquerque Maranh\u00e3o, Escola de Veterin\u00e1ria\/UFMG<\/p>\n<hr \/>\n<p>&nbsp;<\/p>\n<p><strong>M\u00e9todos alternativos ao uso de animais (Departamento de An\u00e1lises Cl\u00ednicas e Toxicol\u00f3gicas)<\/strong><\/p>\n<p>Relev\u00e2ncia: Investir nesse processo \u00e9 de suma import\u00e2ncia para o Brasil seguir na vanguarda das pesquisas cient\u00edficas. Da mesma forma, \u00e9 preponderante que a universidade leve ao conhecimento da sociedade o trabalho desenvolvido pelos pesquisadores brasileiros. Nesse sentido, al\u00e9m das pesquisas por n\u00f3s desenvolvidas, temos, tamb\u00e9m, nosso Instagram (https:\/\/www.instagram.com\/toxlab.ufmg\/), atrav\u00e9s do qual levamos informa\u00e7\u00f5es do tema para o p\u00fablico em geral.<\/p>\n<p>Abrang\u00eancia: Sociedade civil e profissionais da \u00e1rea.<\/p>\n<p>Valor: 60.000,00 (GND 3) + 50.000,00 (GND 4) = R$ 110.000,00<\/p>\n<p>Coordena\u00e7\u00e3o: Prof. Carlos Alberto Tagliati, Escola de Veterin\u00e1ria\/UFMG<\/p>\n","protected":false},"excerpt":{"rendered":"<p>Abandono de animais Relev\u00e2ncia: Diante do aumento do n\u00famero de [&hellip;]<\/p>\n","protected":false},"author":2,"featured_media":0,"parent":446,"menu_order":0,"comment_status":"closed","ping_status":"closed","template":"","meta":{"footnotes":""},"acf":[],"_links":{"self":[{"href":"https:\/\/www.ufmg.br\/copi\/wp-json\/wp\/v2\/pages\/504"}],"collection":[{"href":"https:\/\/www.ufmg.br\/copi\/wp-json\/wp\/v2\/pages"}],"about":[{"href":"https:\/\/www.ufmg.br\/copi\/wp-json\/wp\/v2\/types\/page"}],"author":[{"embeddable":true,"href":"https:\/\/www.ufmg.br\/copi\/wp-json\/wp\/v2\/users\/2"}],"replies":[{"embeddable":true,"href":"https:\/\/www.ufmg.br\/copi\/wp-json\/wp\/v2\/comments?post=504"}],"version-history":[{"count":1,"href":"https:\/\/www.ufmg.br\/copi\/wp-json\/wp\/v2\/pages\/504\/revisions"}],"predecessor-version":[{"id":506,"href":"https:\/\/www.ufmg.br\/copi\/wp-json\/wp\/v2\/pages\/504\/revisions\/506"}],"up":[{"embeddable":true,"href":"https:\/\/www.ufmg.br\/copi\/wp-json\/wp\/v2\/pages\/446"}],"wp:attachment":[{"href":"https:\/\/www.ufmg.br\/copi\/wp-json\/wp\/v2\/media?parent=504"}],"curies":[{"name":"wp","href":"https:\/\/api.w.org\/{rel}","templated":true}]}}