{"id":507,"date":"2023-08-04T12:54:56","date_gmt":"2023-08-04T15:54:56","guid":{"rendered":"https:\/\/www.ufmg.br\/copi-novo\/?page_id=507"},"modified":"2023-08-04T12:54:56","modified_gmt":"2023-08-04T15:54:56","slug":"saude-publica","status":"publish","type":"page","link":"https:\/\/www.ufmg.br\/copi\/projetos-ufmg-loa-2024\/saude-publica\/","title":{"rendered":"Sa\u00fade p\u00fablica"},"content":{"rendered":"<p><strong>Estrat\u00e9gias para aumentar a cobertura vacinal<\/strong><\/p>\n<p>Relev\u00e2ncia: Elaborar planos de a\u00e7\u00e3o em munic\u00edpios do Estado de Minas Gerais, direcionado a diferentes atores, com Oficinas de Trabalho, para melhorar os indicadores de cobertura vacinal, em distintos ciclos de vida, especialmente em crian\u00e7as menores de 2 anos e adolescentes.<\/p>\n<p>Abrang\u00eancia: O p\u00fablico alvo ser\u00e1 constitu\u00eddo por enfermeiros da aten\u00e7\u00e3o prim\u00e1ria \u00e0 sa\u00fade, t\u00e9cnicos e auxiliares de enfermagem que trabalham diretamente com a vacina\u00e7\u00e3o nos munic\u00edpios, gestores, coordenadores da vigil\u00e2ncia epidemiol\u00f3gica e aten\u00e7\u00e3o prim\u00e1ria dos munic\u00edpios e secret\u00e1rios de sa\u00fade, al\u00e9m de parceria com a educa\u00e7\u00e3o. Para al\u00e9m disso, espera-se que sejam inclu\u00eddos nos planos de a\u00e7\u00e3o municipais as crian\u00e7as menores de 2 anos e adolescentes.<\/p>\n<p>Valor: 450.000,00 (GND 3)<\/p>\n<p>Coordena\u00e7\u00e3o: Prof.\u00aa Fernanda Penido Matozinhos &#8211; Escola de Enfermagem\/UFMG<\/p>\n<hr \/>\n<p>&nbsp;<\/p>\n<p><strong>Vida saud\u00e1vel para todas e todos &#8211; Aten\u00e7\u00e3o Prim\u00e1ria \u00e0 Sa\u00fade em Minas Gerais<\/strong><\/p>\n<p>Relev\u00e2ncia: Contribuir para a Promo\u00e7\u00e3o da vida saud\u00e1vel e do bem-estar em todas as idades (ODS3) nas Unidades de Sa\u00fade onde o Est\u00e1gio Curricular: Aten\u00e7\u00e3o Prim\u00e1ria \u00e0 Sa\u00fade \u00e9 desenvolvida, tendo como refer\u00eancia os indicadores que comp\u00f5e o Objetivo do Desenvolvimento Sustent\u00e1vel 3 e os pressupostos constitucionais do Sistema \u00danico de Sa\u00fade (SUS).<\/p>\n<p>Abrang\u00eancia: Participantes dos projetos e grupos desenvolvidos pelas Estrat\u00e9gias de Sa\u00fade da Fam\u00edlia (EFS), da Rede B\u00e1sica de Sa\u00fade de Belo Horizonte (11 Unidades B\u00e1sicas de Sa\u00fade) e 12 munic\u00edpios do interior que mant\u00eam conv\u00eanios com a Escola de Enfermagem da UFMG, a saber: Sabar\u00e1, Santana do Riacho, Fel\u00edcio dos Santos, Itabirito, Concei\u00e7\u00e3o do Mato Dentro, Guanh\u00e3es, Pains, Carm\u00e9sia, Morro do Pilar, S\u00e3o Jos\u00e9 do Divino, Dom Joaquim. O p\u00fablico estimado \u00e9 de 2000 pessoas.<\/p>\n<p>Valor: 400.000,00 (GND 3)<\/p>\n<p>Coordena\u00e7\u00e3o: Prof\u00aa. Sheila Aparecida Massardi Ferreira &#8211; Escola de Enfermagem\/UFMG<\/p>\n<hr \/>\n<p>&nbsp;<\/p>\n<p><strong>Atendimento \u00e0 Sa\u00fade nos munic\u00edpios brasileiros<\/strong><\/p>\n<p>Relev\u00e2ncia: Este estudo pretende analisar a oferta e provis\u00e3o de unidades b\u00e1sicas de sa\u00fade (UBS) e equipes de sa\u00fade nos munic\u00edpios brasileiros visando identificar localidades onde \u00e9 poss\u00edvel encontrar vazios na rede de provis\u00e3o e quantificar a quantidade de pessoas fora de \u00e1reas de cobertura potencial. Pretende ainda analisar atrav\u00e9s do georreferenciamento das UBS e equipes de sa\u00fade e dos M\u00e9dicos alocados pelo Programa Mais M\u00e9dicos se a oferta de servi\u00e7os de sa\u00fade \u00e9 compat\u00edvel \u00e0s necessidades da popula\u00e7\u00e3o. O estudo aqui proposto pode ser classificado como transversal com um design ecol\u00f3gico visando avaliar a estrutura intermunicipal espacial de provis\u00e3o de servi\u00e7os pelas equipes de sa\u00fade lotadas em unidades b\u00e1sicas de sa\u00fade, com foco principal nas \u00e1reas de vazio de cobertura a n\u00edvel municipal.<\/p>\n<p>Abrang\u00eancia: O estudo tem como p\u00fablico-alvo os(as) profissionais de sa\u00fade brasileiros alocados nos diferentes n\u00edveis de aten\u00e7\u00e3o.<\/p>\n<p>Valor: 558.666,67 (GND 3)<\/p>\n<p>Coordena\u00e7\u00e3o: Prof.\u00ba Allan Claudius Queiroz Barbosa \u2013 Faculdade de Ci\u00eancias Econ\u00f4micas\/UFMG<\/p>\n<hr \/>\n<p>&nbsp;<\/p>\n<p><strong>Exposi\u00e7\u00e3o Sentidos do Nascer<\/strong><\/p>\n<p>Relev\u00e2ncia: O Brasil vive uma epidemia de cesarianas com consequ\u00eancias negativas para a sa\u00fade materna e infantil, \u00edndices elevados de prematuridade e morbimortalidade fetal e materna e desfechos negativos em sa\u00fade, como obesidade, hipertens\u00e3o, diabetes e alergias. A proposta \u00e9, por meio da exposi\u00e7\u00e3o, que permite uma experi\u00eancia sensorial, interativa e inclusiva, a promo\u00e7\u00e3o da sa\u00fade, o incentivo ao parto normal e ao aleitamento materno.<\/p>\n<p>Abrang\u00eancia: A exposi\u00e7\u00e3o tem como interesse alcan\u00e7ar o p\u00fablico em geral, em particular mulheres, gestantes, estudantes do ensino fundamental, m\u00e9dio e ensino superior, professores, gestores e profissionais de sa\u00fade. Al\u00e9m da visita \u00e0 exposi\u00e7\u00e3o interativa e sensorial, s\u00e3o realizadas atividades formativas e programa\u00e7\u00e3o variada como exibi\u00e7\u00e3o de document\u00e1rios, rodas de conversa com gestantes e oficinas com profissionais dos servi\u00e7os da aten\u00e7\u00e3o prim\u00e1ria de sa\u00fade, das maternidades, entidades, ONGs, doulas, enfermeiras obstetras, conselheiros de sa\u00fade e movimento de mulheres.<\/p>\n<p>Valor: 468.150,00 (GND 3)<\/p>\n<p>Coordena\u00e7\u00e3o: Prof.\u00aa Raquel Zanatta Coutinho &#8211; Faculdade de Ci\u00eancias Econ\u00f4micas\/UFMG<\/p>\n<hr \/>\n<p>&nbsp;<\/p>\n<p><strong>Implanta\u00e7\u00e3o do Laborat\u00f3rio Itinerante de An\u00e1lise de \u00c1gua<\/strong><\/p>\n<p>Relev\u00e2ncia: desde 2001, ocorre a presta\u00e7\u00e3o do servi\u00e7o de extens\u00e3o de an\u00e1lise de potabilidade de \u00e1gua, e s\u00e3o desenvolvidos projetos de pesquisa relacionados \u00e0 qualidade e potabilidade de \u00e1gua destinada ao consumo humano, bem como estudos de toxicidade de res\u00edduos farmac\u00eauticos em corpos d\u2019\u00e1gua. Agora, pretende-se implanta\u00e7\u00e3o do Laborat\u00f3rio Itinerante de An\u00e1lise de \u00c1gua, que viabilizar\u00e1 a dissemina\u00e7\u00e3o de conhecimento e da presta\u00e7\u00e3o de servi\u00e7os de an\u00e1lise de \u00e1gua para a sociedade.<\/p>\n<p>Abrang\u00eancia: Popula\u00e7\u00e3o que necessite realizar an\u00e1lise de potabilidade de \u00e1gua tratada (rede p\u00fablica) e n\u00e3o tratada (po\u00e7os, minas, nascentes e cisternas) assim como \u00e1gua purificada (osmose reversa,destilada e deionizada), tanto para pessoa f\u00edsica como jur\u00eddica. Tamb\u00e9m ser\u00e3o beneficiados estudantes de gradua\u00e7\u00e3o e p\u00f3s-gradua\u00e7\u00e3o por meio da participa\u00e7\u00e3o no projeto.<\/p>\n<p>Valor: 150.000,00 (GND 3) + 150.000,00 (GND 4) = R$ 300.000,00<\/p>\n<p>Coordena\u00e7\u00e3o: Prof.\u00aa Micheline Rosa Silveira- Faculdade de Farm\u00e1cia\/UFMG<\/p>\n<hr \/>\n<p>&nbsp;<\/p>\n<p><strong>Desenvolvimento de um produto antidiab\u00e9tico a partir do aproveitamento das cascas do fruto do pequi<\/strong><\/p>\n<p>Relev\u00e2ncia: Gerar dados pr\u00e9-cl\u00ednicos para desenvolver um fitoter\u00e1pico ou suplemento alimentar com atividade antidiab\u00e9tica a partir das cascas do pequi (Caryocar brasiliense Camb.), um subproduto da cadeia produtiva do pequi.<\/p>\n<p>Abrang\u00eancia:O projeto pretende valorizar o conhecimento popular (origin\u00e1rio dos Geraizeiros e Veredeiros) utilizado na extra\u00e7\u00e3o do pequi, buscando o aperfei\u00e7oamento e amplia\u00e7\u00e3o da cadeia produtiva com a inclus\u00e3o da etapa de aproveitamento das CP. Esse processo dar-se-\u00e1 em uma abordagem construtivista, favorecendo o di\u00e1logo entre os saberes populares e cient\u00edficos, por meio da participa\u00e7\u00e3o de agroextrativistas e membros de cooperativas e pesquisadores do projeto para o diagn\u00f3stico conjunto de dificultadores e potencialidades no contexto das infraestruturas dispon\u00edveis. Os pesquisadores do projeto ser\u00e3o respons\u00e1veis pelo planejamento e oferta de cursos te\u00f3rico-pr\u00e1ticos para forma\u00e7\u00e3o e qualifica\u00e7\u00e3o profissional dos trabalhadores envolvidos na cadeia produtiva do pequi, observando-se a viabilidade e o ritmo de desenvolvimento do processo de obten\u00e7\u00e3o dos produtos propostos.<\/p>\n<p>Valor: 190.000,00 (GND 3) + 105.000,00 (GND 4) = R$ 295.000,00<\/p>\n<p>Coordena\u00e7\u00e3o: Prof\u00ba Fern\u00e3o Castro Braga &#8211; Faculdade de Farm\u00e1cia\/UFMG<\/p>\n<hr \/>\n<p>&nbsp;<\/p>\n<p><strong>Aquisi\u00e7\u00e3o de equipamentos para melhoria nos servi\u00e7os de diagn\u00f3stico por imagem do Hospital Risoleta Tolentino Neves<\/strong><\/p>\n<p>Relev\u00e2ncia: Adquirir um ultrassom e um aparelho de raio-x m\u00f3vel digital para o HRTN em substitui\u00e7\u00e3o aos existentes que est\u00e3o em processo de obsolesc\u00eancia. Melhorar a qualidade dos servi\u00e7os de diagn\u00f3stico oferecidos pelo hospital; Agilizar e ampliar o atendimento aos pacientes; Garantir tecnologia mais moderna que promova maior assertividade no diagn\u00f3stico atrav\u00e9s de imagens mais detalhadas e espec\u00edficas.<\/p>\n<p>Abrang\u00eancia: Pacientes do SUS que necessitam da assist\u00eancia especializada ao atendimento de urg\u00eancia e emerg\u00eancia e maternidade, sendo refer\u00eancia para cerca de 1,5 milh\u00f5es de usu\u00e1rios.<\/p>\n<table style=\"height: 301px;\" width=\"780\">\n<tbody>\n<tr>\n<td><b> Modula\u00e7\u00e3o de projetos<\/b><\/td>\n<td colspan=\"3\"><b>Valor do projeto<\/b><\/td>\n<\/tr>\n<tr>\n<td><\/td>\n<td><b>GND 3<\/b><\/td>\n<td><b>GND 4<\/b><\/td>\n<td><b>TOTAL (R$)<\/b><\/td>\n<\/tr>\n<tr>\n<td>11423 &#8211; Ultrassom Diagn\u00f3stico com Aplica\u00e7\u00e3o Transesof\u00e1gica<\/td>\n<td>\n<p style=\"text-align: right;\">0<\/p>\n<\/td>\n<td>\n<p style=\"text-align: right;\">319.456,00<\/p>\n<\/td>\n<td>\n<p style=\"text-align: right;\">319.456,00<\/p>\n<\/td>\n<\/tr>\n<tr>\n<td>361- Aparelho de Raios X \u2013 M\u00f3vel digital (especifica\u00e7\u00e3o sugerida 2)<\/td>\n<td>\n<p style=\"text-align: right;\">0<\/p>\n<\/td>\n<td>\n<p style=\"text-align: right;\">746.500,00<\/p>\n<\/td>\n<td>\n<p style=\"text-align: right;\">746.500,00<\/p>\n<\/td>\n<\/tr>\n<\/tbody>\n<\/table>\n<p>Coordena\u00e7\u00e3o: Prof.\u00aa Alzira de Oliveira Jorge \u2013 Diretora Geral do Hospital Risoleta Tolentino Neves<\/p>\n<hr \/>\n<p>&nbsp;<\/p>\n<p><strong>Est\u00e1gio em Sa\u00fade Coletiva\/Internato da Faculdade de Odontologia da Universidade Federal de Minas Gerais<\/strong><\/p>\n<p>Relev\u00e2ncia: Fomentar a continuidade da disciplina Est\u00e1gio em Sa\u00fade Coletiva\/Internato no modelo de supervis\u00f5es, com trabalho aproximado entre a UFMG e os munic\u00edpios parceiros, visando a forma\u00e7\u00e3o dos cirurgi\u00f5es dentistas que conhecem profundamente Sistema \u00danico de Sa\u00fade com esp\u00edrito cr\u00edtico e postura \u00e9tica.<\/p>\n<p>Abrang\u00eancia: Popula\u00e7\u00e3o dos munic\u00edpios parceiros da Faculdade de Odontologia da UFMG no desenvolvimento do Internato em Odontologia e atendida pelos estagi\u00e1rios da unidade acad\u00eamica.<\/p>\n<p>Valor: 120.000,00 (GND 4)<\/p>\n<p>Coordena\u00e7\u00e3o: Prof\u00aa Janice Simpson de Paula &#8211; Faculdade de Odontologia\/UFMG<\/p>\n<hr \/>\n<p>&nbsp;<\/p>\n<p><strong>Implanta\u00e7\u00e3o de um Centro de Processamento de Arquivos<\/strong><\/p>\n<p>Relev\u00e2ncia: A Faculdade de Odontologia da UFMG, por oferecer um servi\u00e7o de refer\u00eancia do Sistema \u00danico de Sa\u00fade (SUS), agrega o arquivo de prontu\u00e1rios de seus pacientes, que precisam ser tratados e inseridos na base do prontu\u00e1rio digital. Al\u00e9m disso, temos documentos do Colegiado de Gradua\u00e7\u00e3o para outras finalidades, tais como documentos do pr\u00f3prio processo administrativo que precisam do mesmo tratamento. Atualmente, o arquivo n\u00e3o tem organiza\u00e7\u00e3o e padroniza\u00e7\u00e3o adequada, e al\u00e9m de agravados com a perda de recursos humanos por aposentadorias, que gerou uma perda da mem\u00f3ria institucional.<\/p>\n<p>Abrang\u00eancia: Pacientes atendidos pelo Sistema \u00danico de Sa\u00fade (SUS) e comunidade acad\u00eamica.<\/p>\n<p>Valor: 250.000,00 (GND 3) + 1.000.000,00 (GND 4) = R$ 1.250.000,00<\/p>\n<p>Coordena\u00e7\u00e3o: Prof.\u00aa Najara Barbosa da Rocha e Prof.\u00ba Lucas Guimar\u00e3es Abreu \u2013 Faculdade de Odontologia\/UFMG<\/p>\n<hr \/>\n<p>&nbsp;<\/p>\n<p><strong>Centro de Laborat\u00f3rios Multiusu\u00e1rios<\/strong><\/p>\n<p>Relev\u00e2ncia: Manuten\u00e7\u00e3o preventiva e corretiva do Centro de Laborat\u00f3rios Multiusu\u00e1rios, utilizado por estudantes de gradua\u00e7\u00e3o, de p\u00f3s-gradua\u00e7\u00e3o e pesquisadores da UFMG e de v\u00e1rias outras institui\u00e7\u00f5es de pesquisa de Minas Gerais e de outros estados para a realiza\u00e7\u00e3o de projetos com an\u00e1lises biol\u00f3gicas de qualidade. Durante a pandemia de covid-19, o Centro atuou para oferecer testes diagn\u00f3sticos, contribuindo efetivamente para o trabalho do Sistema \u00danico de Sa\u00fade (SUS).<\/p>\n<p>Abrang\u00eancia: Usu\u00e1rios dos laborat\u00f3rios do Centro de Laborat\u00f3rios Multiusu\u00e1rios do ICB incluindo estudantes de gradua\u00e7\u00e3o, de p\u00f3s-gradua\u00e7\u00e3o e pesquisadores da UFMG e de outras institui\u00e7\u00f5es de pesquisa do estado de Minas Gerais e de outros estados.<\/p>\n<p>Valor: 20.625,00 (GND 3) + 275.000,00 (GND 4) = R$ 295.625,00<\/p>\n<p>Coordena\u00e7\u00e3o: Prof.\u00aa: Ana Maria Caetano Faria (coordenadora do CELAM e do Laborat\u00f3rio de Citometria de Fluxo) &#8211; Instituto de Ci\u00eancias Biol\u00f3gicas\/UFMG<\/p>\n<hr \/>\n<p>&nbsp;<\/p>\n<p><strong>Desenvolvimento de vacinas para doen\u00e7a de Chagas baseadas em prote\u00edna recombinante quim\u00e9rica e mRNA<\/strong><\/p>\n<p>Relev\u00e2ncia: A doen\u00e7a de Chagas, uma doen\u00e7a debilitante e muitas vezes fatal, afeta de 6 a 7 milh\u00f5es de pessoas em todo o mundo, especialmente na Am\u00e9rica Latina. \u00c9 causada pelo Trypanosoma cruzi e diferentes ant\u00edgenos do parasita foram testados como alvos vacinais, entre eles as trans-sialidases (TS). Mas, at\u00e9 o presente momento, nenhuma vacina chegou \u00e0 fase de testes cl\u00ednicos.<\/p>\n<p>Abrang\u00eancia: Popula\u00e7\u00e3o infectada e popula\u00e7\u00f5es expostas \u00e0 infec\u00e7\u00e3o pelo Trypanosoma cruzi. A doen\u00e7a de Chagas \u00e9 debilitante e muitas vezes fatal.<\/p>\n<p>Valor: 1.600.000,00 (GND 3)<\/p>\n<p>Coordena\u00e7\u00e3o: Prof.\u00aa Santuza Teixeira \u2013 Instituto de Ci\u00eancias Biol\u00f3gicas\/UFMG<\/p>\n<hr \/>\n<p>&nbsp;<\/p>\n<p><strong>Cria\u00e7\u00e3o da Unidade de Pesquisa Cl\u00ednica da UFMG<\/strong><\/p>\n<p>Relev\u00e2ncia: O objetivo primordial \u00e9 criar um ambiente (local) prop\u00edcio e consolidar a UFMG como centro de relev\u00e2ncia no desenvolvimento e testes de estrat\u00e9gias de sa\u00fade p\u00fablica inovadoras, seja estas vacinas ou tratamentos para uso em seres humanos.<\/p>\n<p>Abrang\u00eancia: O projeto tem como p\u00fablico-alvo os pacientes atendidos pelo Centro de Tecnologia em Medicina Molecular da UFMG, em sua maioria oriundos do Sistema \u00danico de Sa\u00fade (SUS), profissionais e pesquisadores envolvidos no diagn\u00f3stico, tratamento e pesquisa na \u00e1rea de medicina molecular. 1000 pacientes do SUS por ano e contribuindo para o desenvolvimento da medicina molecular no Brasil.<\/p>\n<p>Valor: 591.500,00 (GND 3) + 8.450.000,00 (GND 4) = R$ 9.041.500,00<\/p>\n<p>Coordena\u00e7\u00e3o: Prof.\u00ba Marco Aur\u00e9lio Romano-Silva, Faculdade de Medicina\/UFMG; Prof.\u00aa. D\u00e9bora Marques de Miranda, Faculdade de Medicina\/UFMG; Prof\u00ba. Bernardo Viana, Faculdade de Medicina\/UFMG; Prof\u00ba. Luiz A. Cunha de Marco, Faculdade de Medicina\/UFMG.<\/p>\n","protected":false},"excerpt":{"rendered":"<p>Estrat\u00e9gias para aumentar a cobertura vacinal Relev\u00e2ncia: Elaborar planos de [&hellip;]<\/p>\n","protected":false},"author":2,"featured_media":0,"parent":446,"menu_order":0,"comment_status":"closed","ping_status":"closed","template":"","meta":{"footnotes":""},"acf":[],"_links":{"self":[{"href":"https:\/\/www.ufmg.br\/copi\/wp-json\/wp\/v2\/pages\/507"}],"collection":[{"href":"https:\/\/www.ufmg.br\/copi\/wp-json\/wp\/v2\/pages"}],"about":[{"href":"https:\/\/www.ufmg.br\/copi\/wp-json\/wp\/v2\/types\/page"}],"author":[{"embeddable":true,"href":"https:\/\/www.ufmg.br\/copi\/wp-json\/wp\/v2\/users\/2"}],"replies":[{"embeddable":true,"href":"https:\/\/www.ufmg.br\/copi\/wp-json\/wp\/v2\/comments?post=507"}],"version-history":[{"count":3,"href":"https:\/\/www.ufmg.br\/copi\/wp-json\/wp\/v2\/pages\/507\/revisions"}],"predecessor-version":[{"id":510,"href":"https:\/\/www.ufmg.br\/copi\/wp-json\/wp\/v2\/pages\/507\/revisions\/510"}],"up":[{"embeddable":true,"href":"https:\/\/www.ufmg.br\/copi\/wp-json\/wp\/v2\/pages\/446"}],"wp:attachment":[{"href":"https:\/\/www.ufmg.br\/copi\/wp-json\/wp\/v2\/media?parent=507"}],"curies":[{"name":"wp","href":"https:\/\/api.w.org\/{rel}","templated":true}]}}