{"id":511,"date":"2023-08-04T12:56:10","date_gmt":"2023-08-04T15:56:10","guid":{"rendered":"https:\/\/www.ufmg.br\/copi-novo\/?page_id=511"},"modified":"2023-08-04T12:56:10","modified_gmt":"2023-08-04T15:56:10","slug":"seguranca-alimentar","status":"publish","type":"page","link":"https:\/\/www.ufmg.br\/copi\/projetos-ufmg-loa-2024\/seguranca-alimentar\/","title":{"rendered":"Seguran\u00e7a alimentar"},"content":{"rendered":"<p><strong>Seguran\u00e7a Alimentar e Nutricional de Fam\u00edlias em Situa\u00e7\u00e3o de Vulnerabilidade Econ\u00f4mica<\/strong><\/p>\n<p>Relev\u00e2ncia: Avaliar a percep\u00e7\u00e3o da inseguran\u00e7a alimentar e nutricional e o ambiente alimentar domiciliar e comunit\u00e1rio de fam\u00edlias em situa\u00e7\u00e3o de moradia prec\u00e1ria e vulnerabilidade socioecon\u00f4mica. Avaliar a percep\u00e7\u00e3o da inseguran\u00e7a alimentar e nutricional; avaliar a associa\u00e7\u00e3o entre a percep\u00e7\u00e3o da in\/seguran\u00e7a alimentar e nutricional com o ambiente alimentar da vizinhan\u00e7a dos moradores; avaliar a presen\u00e7a de desertos alimentares e p\u00e2ntanos alimentares; propor um mapa on-line com pontos de acesso aos alimentos saud\u00e1veis para os moradores de favelas de Belo Horizonte \u2013 MG; propor solu\u00e7\u00f5es para ampliar o acesso aos alimentos saud\u00e1veis.<\/p>\n<p>Abrang\u00eancia: fam\u00edlias em situa\u00e7\u00e3o de moradia prec\u00e1ria e vulnerabilidade socioecon\u00f4mica na cidade de Belo Horizonte &#8211; MG.<\/p>\n<p>Valor: R$ 450.000,00 (GND 3)<\/p>\n<p>Coordena\u00e7\u00e3o: Prof.\u00aa Larissa Loures Mendes &#8211; Escola de Enfermagem\/UFMG.<\/p>\n","protected":false},"excerpt":{"rendered":"<p>Seguran\u00e7a Alimentar e Nutricional de Fam\u00edlias em Situa\u00e7\u00e3o de Vulnerabilidade [&hellip;]<\/p>\n","protected":false},"author":2,"featured_media":0,"parent":446,"menu_order":0,"comment_status":"closed","ping_status":"closed","template":"","meta":{"footnotes":""},"acf":[],"_links":{"self":[{"href":"https:\/\/www.ufmg.br\/copi\/wp-json\/wp\/v2\/pages\/511"}],"collection":[{"href":"https:\/\/www.ufmg.br\/copi\/wp-json\/wp\/v2\/pages"}],"about":[{"href":"https:\/\/www.ufmg.br\/copi\/wp-json\/wp\/v2\/types\/page"}],"author":[{"embeddable":true,"href":"https:\/\/www.ufmg.br\/copi\/wp-json\/wp\/v2\/users\/2"}],"replies":[{"embeddable":true,"href":"https:\/\/www.ufmg.br\/copi\/wp-json\/wp\/v2\/comments?post=511"}],"version-history":[{"count":1,"href":"https:\/\/www.ufmg.br\/copi\/wp-json\/wp\/v2\/pages\/511\/revisions"}],"predecessor-version":[{"id":512,"href":"https:\/\/www.ufmg.br\/copi\/wp-json\/wp\/v2\/pages\/511\/revisions\/512"}],"up":[{"embeddable":true,"href":"https:\/\/www.ufmg.br\/copi\/wp-json\/wp\/v2\/pages\/446"}],"wp:attachment":[{"href":"https:\/\/www.ufmg.br\/copi\/wp-json\/wp\/v2\/media?parent=511"}],"curies":[{"name":"wp","href":"https:\/\/api.w.org\/{rel}","templated":true}]}}